{"id":715348,"date":"2025-08-27T17:29:33","date_gmt":"2025-08-27T14:29:33","guid":{"rendered":"https:\/\/roveyayinevi.com.tr\/index.php\/urun\/adim-adim-basari\/"},"modified":"2026-04-16T02:23:41","modified_gmt":"2026-04-15T23:23:41","slug":"adim-adim-basari","status":"publish","type":"product","link":"https:\/\/roveyayinevi.com.tr\/index.php\/urun\/adim-adim-basari\/","title":{"rendered":"Ad\u0131m Ad\u0131m Ba\u015far\u0131"},"content":{"rendered":"<p>S\u0131navlara, \u00f6devlere, okul ve meslek se\u00e7imlerine dair ya\u015fad\u0131\u011f\u0131m\u0131z stresli durumlar\u0131n sadece g\u00fcn\u00fcm\u00fcz insanlar\u0131na y\u00f6nelik oldu\u011funu mu d\u00fc\u015f\u00fcn\u00fcyorsunuz? BA\u015eARI kavram\u0131 acaba sadece s\u0131navlar\u0131n sonucu mu? \u00d6devler ve dersler hi\u00e7 olmasayd\u0131 diyor musunuz? \u201cNas\u0131l ba\u015far\u0131l\u0131 olabilirim?\u201d diyen bir i\u00e7 sesiniz varsa t\u00fcm olumsuzluklar\u0131 f\u0131rsata \u00e7evirebilirsiniz. Ger\u00e7ek potansiyelimizi zorluklar\u0131 ya\u015farken fark ederiz. Sadece sonu\u00e7taki ba\u015far\u0131y\u0131 de\u011fil, s\u00fcre\u00e7teki d\u00fc\u015f\u00fcncelerinizi de de\u011fi\u015ftirmeye haz\u0131r m\u0131s\u0131n\u0131z? Ad\u0131m Ad\u0131m Ba\u015far\u0131, gen\u00e7lere ve onlar\u0131 anlamakta g\u00fc\u00e7l\u00fck \u00e7eken ebeveynlerine sesleniyor. Ba\u015far\u0131, bir ilham i\u015fi de\u011fildir, bir disiplin meselesidir<\/p>\n","protected":false},"excerpt":{"rendered":"<p>S\u0131navlara, \u00f6devlere, okul ve meslek se\u00e7imlerine dair ya\u015fad\u0131\u011f\u0131m\u0131z stresli durumlar\u0131n sadece g\u00fcn\u00fcm\u00fcz insanlar\u0131na y\u00f6nelik oldu\u011funu mu d\u00fc\u015f\u00fcn\u00fcyorsunuz? BA\u015eARI kavram\u0131 acaba sadece s\u0131navlar\u0131n sonucu mu? \u00d6devler ve<span class=\"excerpt-hellip\"> [\u2026]<\/span><\/p>\n","protected":false},"featured_media":0,"template":"","meta":{"_monsterinsights_skip_tracking":false,"_monsterinsights_sitenote_active":false,"_monsterinsights_sitenote_note":"","_monsterinsights_sitenote_category":0},"product_brand":[],"product_cat":[12364],"product_tag":[],"class_list":{"0":"post-715348","1":"product","2":"type-product","3":"status-publish","5":"product_cat-genel-konular","6":"pa_cilt-ciltsiz","7":"pa_tur-kitap","8":"pa_yayinevi-altin-kitaplar","9":"pa_yazar-elcin-kuzucu-tuba-kilicarslan","11":"first","12":"instock","13":"sale","14":"shipping-taxable","15":"purchasable","16":"product-type-simple"},"_links":{"self":[{"href":"https:\/\/roveyayinevi.com.tr\/index.php\/wp-json\/wp\/v2\/product\/715348","targetHints":{"allow":["GET"]}}],"collection":[{"href":"https:\/\/roveyayinevi.com.tr\/index.php\/wp-json\/wp\/v2\/product"}],"about":[{"href":"https:\/\/roveyayinevi.com.tr\/index.php\/wp-json\/wp\/v2\/types\/product"}],"wp:attachment":[{"href":"https:\/\/roveyayinevi.com.tr\/index.php\/wp-json\/wp\/v2\/media?parent=715348"}],"wp:term":[{"taxonomy":"product_brand","embeddable":true,"href":"https:\/\/roveyayinevi.com.tr\/index.php\/wp-json\/wp\/v2\/product_brand?post=715348"},{"taxonomy":"product_cat","embeddable":true,"href":"https:\/\/roveyayinevi.com.tr\/index.php\/wp-json\/wp\/v2\/product_cat?post=715348"},{"taxonomy":"product_tag","embeddable":true,"href":"https:\/\/roveyayinevi.com.tr\/index.php\/wp-json\/wp\/v2\/product_tag?post=715348"}],"curies":[{"name":"wp","href":"https:\/\/api.w.org\/{rel}","templated":true}]}}