{"id":715346,"date":"2025-08-27T17:29:32","date_gmt":"2025-08-27T14:29:32","guid":{"rendered":"https:\/\/roveyayinevi.com.tr\/index.php\/urun\/kimsesizler-cumhuriyeti\/"},"modified":"2026-04-16T02:23:26","modified_gmt":"2026-04-15T23:23:26","slug":"kimsesizler-cumhuriyeti","status":"publish","type":"product","link":"https:\/\/roveyayinevi.com.tr\/index.php\/urun\/kimsesizler-cumhuriyeti\/","title":{"rendered":"Kimsesizler Cumhuriyeti"},"content":{"rendered":"<p>Diyarbak\u0131r\u2019\u0131n Karaa\u011fa\u00e7 K\u00f6y\u00fc Kuran Kursu\u2019nda can veren alt\u0131 \u00e7ocuk; tarikat \u015feyhleri taraf\u0131ndan kutsanm\u0131\u015f \u2018imans\u0131z\u2019 bir piyasan\u0131n ve bu kurals\u0131z piyasada bozdurulmu\u015f k\u00f6r bir inanc\u0131n kurbanlar\u0131yd\u0131. Karaa\u011fa\u00e7l\u0131 \u00e7ocuklar\u0131; anayasas\u0131nda yaz\u0131ld\u0131\u011f\u0131 \u00fczere demokratik, laik ve sosyal bir hukuk devleti olmas\u0131 beklenen T\u00fcrkiye Cumhuriyeti\u2019nin di\u011fer kimsesizleri izledi: Konya Ta\u015fkent\u2019te do\u011falgaz patlamas\u0131nda yiten on sekiz ve Adana Alada\u011f\u2019da k\u00f6ze d\u00f6nm\u00fc\u015f on iki k\u0131z \u00e7ocu\u011fu, Karaman\u2019da tecav\u00fcze u\u011frayan on erkek \u00e7ocuk, K\u00fctahya\u2019da bir kolunu k\u0131yma makinesinde b\u0131rakan on iki ya\u015f\u0131ndaki Nurettin ve Ad\u0131yaman\u2019da bir ortaokul pansiyonunda \u0131rz\u0131na ge\u00e7ilen erkek \u00e7ocuklar&#8230;\u201d12 Eyl\u00fcl\u2019den itibaren uygulanmaya ba\u015flan\u0131p AKP iktidarlar\u0131nda tamamlanan neo-liberal ekonomik politikalar sonucu T\u00fcrkiye\u2019de yoksulluk ve yoksunluk, tarikat ve cemaatlerin istismar alan\u0131na d\u00f6n\u00fc\u015ft\u00fc.\u0130smail Saymaz, tarikat ve cemaatlere terk edilen e\u011fitim alan\u0131ndaki ihmalleri, kamu g\u00f6revlilerinin din\u00ee gruplara yol vermesini ve nihayet yoksul aile \u00e7ocuklar\u0131n\u0131n dram\u0131n\u0131 g\u00f6zler \u00f6n\u00fcne seriyor.Kimsesizler Cumhuriyeti, tarikatlar\u0131n \u201cendi\u015felerini\u201d gidermek i\u00e7in ka\u00e7ak e\u011fitim kurumu a\u00e7man\u0131n ve bu kurulu\u015flarda \u00e7al\u0131\u015fman\u0131n su\u00e7 olmaktan \u00e7\u0131kar\u0131lmas\u0131n\u0131n sonu\u00e7lar\u0131na \u0131\u015f\u0131k tutuyor. \u00d6len, sakat kalan, cinsel sald\u0131r\u0131larla hayatlar\u0131 kararan bu \u00e7ocuklar\u0131 kader kurban\u0131 ilan eden zihniyetin somut su\u00e7 ortakl\u0131\u011f\u0131n\u0131 g\u00f6steriyor.<\/p>\n","protected":false},"excerpt":{"rendered":"<p>Diyarbak\u0131r\u2019\u0131n Karaa\u011fa\u00e7 K\u00f6y\u00fc Kuran Kursu\u2019nda can veren alt\u0131 \u00e7ocuk; tarikat \u015feyhleri taraf\u0131ndan kutsanm\u0131\u015f \u2018imans\u0131z\u2019 bir piyasan\u0131n ve bu kurals\u0131z piyasada bozdurulmu\u015f k\u00f6r bir inanc\u0131n kurbanlar\u0131yd\u0131. Karaa\u011fa\u00e7l\u0131<span class=\"excerpt-hellip\"> [\u2026]<\/span><\/p>\n","protected":false},"featured_media":0,"template":"","meta":{"_monsterinsights_skip_tracking":false,"_monsterinsights_sitenote_active":false,"_monsterinsights_sitenote_note":"","_monsterinsights_sitenote_category":0},"product_brand":[],"product_cat":[12337,14543],"product_tag":[],"class_list":{"0":"post-715346","1":"product","2":"type-product","3":"status-publish","5":"product_cat-politika-siyaset","6":"product_cat-turkiye-siyaseti-ve-politikasi","7":"pa_cilt-ciltsiz","8":"pa_tur-kitap","9":"pa_yayinevi-iletisim-yayinlari","10":"pa_yazar-ismail-saymaz","12":"first","13":"instock","14":"sale","15":"shipping-taxable","16":"purchasable","17":"product-type-simple"},"_links":{"self":[{"href":"https:\/\/roveyayinevi.com.tr\/index.php\/wp-json\/wp\/v2\/product\/715346","targetHints":{"allow":["GET"]}}],"collection":[{"href":"https:\/\/roveyayinevi.com.tr\/index.php\/wp-json\/wp\/v2\/product"}],"about":[{"href":"https:\/\/roveyayinevi.com.tr\/index.php\/wp-json\/wp\/v2\/types\/product"}],"wp:attachment":[{"href":"https:\/\/roveyayinevi.com.tr\/index.php\/wp-json\/wp\/v2\/media?parent=715346"}],"wp:term":[{"taxonomy":"product_brand","embeddable":true,"href":"https:\/\/roveyayinevi.com.tr\/index.php\/wp-json\/wp\/v2\/product_brand?post=715346"},{"taxonomy":"product_cat","embeddable":true,"href":"https:\/\/roveyayinevi.com.tr\/index.php\/wp-json\/wp\/v2\/product_cat?post=715346"},{"taxonomy":"product_tag","embeddable":true,"href":"https:\/\/roveyayinevi.com.tr\/index.php\/wp-json\/wp\/v2\/product_tag?post=715346"}],"curies":[{"name":"wp","href":"https:\/\/api.w.org\/{rel}","templated":true}]}}