{"id":715344,"date":"2025-08-27T17:29:30","date_gmt":"2025-08-27T14:29:30","guid":{"rendered":"https:\/\/roveyayinevi.com.tr\/index.php\/urun\/mistisizm-ve-modern-fizik\/"},"modified":"2026-04-13T02:29:08","modified_gmt":"2026-04-12T23:29:08","slug":"mistisizm-ve-modern-fizik","status":"publish","type":"product","link":"https:\/\/roveyayinevi.com.tr\/index.php\/urun\/mistisizm-ve-modern-fizik\/","title":{"rendered":"Mistisizm ve Modern Fizik"},"content":{"rendered":"<p>Mistikler ve \u201cidealistler\u201d her zaman du\u0308nyan\u0131n bir yan\u0131lsama oldu\u011fufikrini \u00f6ne su\u0308rdu\u0308. \u015eimdi ise kuantum fizi\u011fi, bu inanc\u0131 gu\u0308\u00e7lendiren teoriler ortaya koyuyor. Yak\u0131n zamana kadar, Newton gibi fizik\u00e7ilerin deneysel yakla\u015f\u0131mlar\u0131, du\u0308nyan\u0131n onu g\u00f6zlemleyen insan bilinci olsun veya olmas\u0131n var oldu\u011fu fikrini telkin ediyordu. Ama insanl\u0131k ger\u00e7eklikle ilgili asla objektif olamam\u0131\u015ft\u0131r ve olamayacakt\u0131r. Tu\u0308m \u00f6nyarg\u0131lar\u0131yla insan zihni her zaman, deneylerin en bilimsel a\u015famas\u0131nda bile, ger\u00e7ek nesnelli\u011fi ula\u015f\u0131lmas\u0131 imk\u00e2ns\u0131z hale getirir. Modern fizik\u00e7iler, ger\u00e7ekli\u011fin, \u00f6l\u00e7ebildi\u011fimiz ve a\u00e7\u0131k\u00e7a g\u00f6zlemleyebildi\u011fimiz fiziksel du\u0308nyan\u0131n yasalar\u0131 ile g\u00f6zlemcilerin \u00f6znel bak\u0131\u015f a\u00e7\u0131s\u0131n\u0131n bir birle\u015fimi oldu\u011funu belirtiyorlar. Evrenin bu \u201chepsel\u201d g\u00f6ru\u0308nu\u0308mu\u0308 ise, en derinlerimize yerle\u015fmi\u015f bu\u0308tu\u0308n bilimsel inan\u00e7lar\u0131m\u0131za meydan okuyor ve ger\u00e7ekli\u011fi g\u00f6rme \u015feklimizi k\u00f6kten de\u011fi\u015ftiriyor. Benzer g\u00f6ru\u0308\u015flerini Holografik Evren\u2019de de dile getiren Michael Talbot bu kitab\u0131nda evrene ve fizi\u011fe dairk\u00f6kle\u015fmi\u015f bu\u0308tu\u0308n inan\u00e7lar\u0131 yeniden sorguluyor ve bilime \u201calternatif\u201d bir bak\u0131\u015f\u0131n mu\u0308mku\u0308n oldu\u011funu s\u00f6ylu\u0308yor. <\/p>\n","protected":false},"excerpt":{"rendered":"<p>Mistikler ve \u201cidealistler\u201d her zaman du\u0308nyan\u0131n bir yan\u0131lsama oldu\u011fufikrini \u00f6ne su\u0308rdu\u0308. \u015eimdi ise kuantum fizi\u011fi, bu inanc\u0131 gu\u0308\u00e7lendiren teoriler ortaya koyuyor. Yak\u0131n zamana kadar, Newton gibi<span class=\"excerpt-hellip\"> [\u2026]<\/span><\/p>\n","protected":false},"featured_media":0,"template":"","meta":{"_monsterinsights_skip_tracking":false,"_monsterinsights_sitenote_active":false,"_monsterinsights_sitenote_note":"","_monsterinsights_sitenote_category":0},"product_brand":[],"product_cat":[12364,12376],"product_tag":[],"class_list":{"0":"post-715344","1":"product","2":"type-product","3":"status-publish","5":"product_cat-genel-konular","6":"product_cat-kisisel-gelisim","7":"pa_cilt-ciltsiz","8":"pa_tur-kitap","9":"pa_yayinevi-omega","10":"pa_yazar-michael-talbot","12":"first","13":"instock","14":"sale","15":"shipping-taxable","16":"purchasable","17":"product-type-simple"},"_links":{"self":[{"href":"https:\/\/roveyayinevi.com.tr\/index.php\/wp-json\/wp\/v2\/product\/715344","targetHints":{"allow":["GET"]}}],"collection":[{"href":"https:\/\/roveyayinevi.com.tr\/index.php\/wp-json\/wp\/v2\/product"}],"about":[{"href":"https:\/\/roveyayinevi.com.tr\/index.php\/wp-json\/wp\/v2\/types\/product"}],"wp:attachment":[{"href":"https:\/\/roveyayinevi.com.tr\/index.php\/wp-json\/wp\/v2\/media?parent=715344"}],"wp:term":[{"taxonomy":"product_brand","embeddable":true,"href":"https:\/\/roveyayinevi.com.tr\/index.php\/wp-json\/wp\/v2\/product_brand?post=715344"},{"taxonomy":"product_cat","embeddable":true,"href":"https:\/\/roveyayinevi.com.tr\/index.php\/wp-json\/wp\/v2\/product_cat?post=715344"},{"taxonomy":"product_tag","embeddable":true,"href":"https:\/\/roveyayinevi.com.tr\/index.php\/wp-json\/wp\/v2\/product_tag?post=715344"}],"curies":[{"name":"wp","href":"https:\/\/api.w.org\/{rel}","templated":true}]}}