{"id":715341,"date":"2025-08-27T17:29:28","date_gmt":"2025-08-27T14:29:28","guid":{"rendered":"https:\/\/roveyayinevi.com.tr\/index.php\/urun\/explorer-academy-kasifler-akademisi-nebulanin-gizemi-1-kitap\/"},"modified":"2026-04-16T02:23:26","modified_gmt":"2026-04-15T23:23:26","slug":"explorer-academy-kasifler-akademisi-nebulanin-gizemi-1-kitap","status":"publish","type":"product","link":"https:\/\/roveyayinevi.com.tr\/index.php\/urun\/explorer-academy-kasifler-akademisi-nebulanin-gizemi-1-kitap\/","title":{"rendered":"Explorer Academy Ka\u015fifler Akademisi &#8211; Nebula\u2019n\u0131n Gizemi (1. Kitap)"},"content":{"rendered":"<p>\u00c7ocuklara ke\u015ffe \u00e7\u0131kmalar\u0131 ve ka\u015fifler gibi d\u00fc\u015f\u00fcnerek \u00f6\u011frenmeleri i\u00e7in ilham vermeyi ama\u00e7layan, NationalGeographicPartners\u2019\u0131n Ka\u015fifler Akademisi \u00e7at\u0131s\u0131 alt\u0131ndaki, yedi kitaptan olu\u015fan serinin ilk kitab\u0131 Nebula\u2019n\u0131n Gizemi \u015fimdi raflarda.\u00c7ocuklar\u0131n gezegenimizin gelecekteki koruyucular\u0131 oldu\u011fu fikriyle haz\u0131rlanan kitap, heyecan dolu bir macera sunarken bilimsel ger\u00e7ekler ile di\u011fer k\u00fclt\u00fcrler hakk\u0131ndaki bilgileri de harmanlayarak e\u011flenceli bir \u00f6\u011frenme deneyimi sunuyor. TrudiTrueit taraf\u0131ndan yaz\u0131lan kitap, Hawaii\u2019deki evini geride b\u0131rak\u0131p d\u00fcnyan\u0131n d\u00f6rt bir yan\u0131ndan gelen 20 \u00e7ocukla birlikte gelece\u011fin ka\u015fiflerini e\u011fiten \u201cKa\u015fifler Akademisi\u201dne kat\u0131lan 12 ya\u015f\u0131ndaki CruzCoronado\u2019nun hik\u00e2yesini konu al\u0131yor. Akademi\u2019ye ula\u015f\u0131r ula\u015fmaz ailesinin gizemli ge\u00e7mi\u015fini a\u00e7\u0131\u011fa \u00e7\u0131karan Cruz, kar\u015f\u0131s\u0131na \u00e7\u0131kan ipu\u00e7lar\u0131n\u0131 kullanarak ona kimin neden zarar vermeye \u00e7al\u0131\u015ft\u0131\u011f\u0131n\u0131 ara\u015ft\u0131rmaya ba\u015fl\u0131yor. <\/p>\n","protected":false},"excerpt":{"rendered":"<p>\u00c7ocuklara ke\u015ffe \u00e7\u0131kmalar\u0131 ve ka\u015fifler gibi d\u00fc\u015f\u00fcnerek \u00f6\u011frenmeleri i\u00e7in ilham vermeyi ama\u00e7layan, NationalGeographicPartners\u2019\u0131n Ka\u015fifler Akademisi \u00e7at\u0131s\u0131 alt\u0131ndaki, yedi kitaptan olu\u015fan serinin ilk kitab\u0131 Nebula\u2019n\u0131n Gizemi \u015fimdi<span class=\"excerpt-hellip\"> [\u2026]<\/span><\/p>\n","protected":false},"featured_media":0,"template":"","meta":{"_monsterinsights_skip_tracking":false,"_monsterinsights_sitenote_active":false,"_monsterinsights_sitenote_note":"","_monsterinsights_sitenote_category":0},"product_brand":[],"product_cat":[12274,12284],"product_tag":[],"class_list":{"0":"post-715341","1":"product","2":"type-product","3":"status-publish","5":"product_cat-cocuk-ve-genclik-kitaplari","6":"product_cat-hikayeler","7":"pa_cilt-ciltsiz","8":"pa_tur-kitap","9":"pa_yayinevi-beta-kids","10":"pa_yazar-trudy-trueit","12":"first","13":"instock","14":"sale","15":"shipping-taxable","16":"purchasable","17":"product-type-simple"},"_links":{"self":[{"href":"https:\/\/roveyayinevi.com.tr\/index.php\/wp-json\/wp\/v2\/product\/715341","targetHints":{"allow":["GET"]}}],"collection":[{"href":"https:\/\/roveyayinevi.com.tr\/index.php\/wp-json\/wp\/v2\/product"}],"about":[{"href":"https:\/\/roveyayinevi.com.tr\/index.php\/wp-json\/wp\/v2\/types\/product"}],"wp:attachment":[{"href":"https:\/\/roveyayinevi.com.tr\/index.php\/wp-json\/wp\/v2\/media?parent=715341"}],"wp:term":[{"taxonomy":"product_brand","embeddable":true,"href":"https:\/\/roveyayinevi.com.tr\/index.php\/wp-json\/wp\/v2\/product_brand?post=715341"},{"taxonomy":"product_cat","embeddable":true,"href":"https:\/\/roveyayinevi.com.tr\/index.php\/wp-json\/wp\/v2\/product_cat?post=715341"},{"taxonomy":"product_tag","embeddable":true,"href":"https:\/\/roveyayinevi.com.tr\/index.php\/wp-json\/wp\/v2\/product_tag?post=715341"}],"curies":[{"name":"wp","href":"https:\/\/api.w.org\/{rel}","templated":true}]}}