{"id":715340,"date":"2025-08-27T17:29:28","date_gmt":"2025-08-27T14:29:28","guid":{"rendered":"https:\/\/roveyayinevi.com.tr\/index.php\/urun\/kandan-adam\/"},"modified":"2026-04-16T02:23:26","modified_gmt":"2026-04-15T23:23:26","slug":"kandan-adam","status":"publish","type":"product","link":"https:\/\/roveyayinevi.com.tr\/index.php\/urun\/kandan-adam\/","title":{"rendered":"Kandan Adam"},"content":{"rendered":"<p>Abdullah Aren \u00c7elik\u2019i \u0130lerde Hep Yaln\u0131z isimli ilk roman\u0131yla tan\u0131m\u0131\u015ft\u0131k. Kandan Adam bu yolculu\u011fun ikinci vesikas\u0131. Bu romanda da benzer bir hattan ama o hatt\u0131 derinle\u015ftirerek konu\u015fuyor yazar. Mek\u00e2n Diyarbak\u0131r, kahraman emniyet g\u00f6revlisi Ahmet Boz, mevsim k\u0131\u015f. Sert bir Diyarbak\u0131r k\u0131\u015f\u0131 \u00fcstelik. Cinayetler, faili me\u00e7huller, ar\u015fiv odalar\u0131, m\u00fczeler, tarih\u00ee sesler, bug\u00fcnden konu\u015fanlar&#8230; Abdullah Aren \u00c7elik, Ahmet Boz kadar yaral\u0131 bir karakter \u00fczerinden, \u00e7arp\u0131c\u0131 bir kent alegorisi kuruyor. Buna kay\u0131ts\u0131z kalmak, bu \u201ckan\u201d\u0131 duymamak epey g\u00fc\u00e7. <\/p>\n","protected":false},"excerpt":{"rendered":"<p>Abdullah Aren \u00c7elik\u2019i \u0130lerde Hep Yaln\u0131z isimli ilk roman\u0131yla tan\u0131m\u0131\u015ft\u0131k. Kandan Adam bu yolculu\u011fun ikinci vesikas\u0131. Bu romanda da benzer bir hattan ama o hatt\u0131 derinle\u015ftirerek<span class=\"excerpt-hellip\"> [\u2026]<\/span><\/p>\n","protected":false},"featured_media":0,"template":"","meta":{"_monsterinsights_skip_tracking":false,"_monsterinsights_sitenote_active":false,"_monsterinsights_sitenote_note":"","_monsterinsights_sitenote_category":0},"product_brand":[],"product_cat":[12291,12711],"product_tag":[],"class_list":{"0":"post-715340","1":"product","2":"type-product","3":"status-publish","5":"product_cat-edebiyat","6":"product_cat-roman-oyku","7":"pa_cilt-ciltsiz","8":"pa_tur-kitap","9":"pa_yayinevi-everest-yayinlari","10":"pa_yazar-abdullah-aren-celik","12":"first","13":"instock","14":"sale","15":"shipping-taxable","16":"purchasable","17":"product-type-simple"},"_links":{"self":[{"href":"https:\/\/roveyayinevi.com.tr\/index.php\/wp-json\/wp\/v2\/product\/715340","targetHints":{"allow":["GET"]}}],"collection":[{"href":"https:\/\/roveyayinevi.com.tr\/index.php\/wp-json\/wp\/v2\/product"}],"about":[{"href":"https:\/\/roveyayinevi.com.tr\/index.php\/wp-json\/wp\/v2\/types\/product"}],"wp:attachment":[{"href":"https:\/\/roveyayinevi.com.tr\/index.php\/wp-json\/wp\/v2\/media?parent=715340"}],"wp:term":[{"taxonomy":"product_brand","embeddable":true,"href":"https:\/\/roveyayinevi.com.tr\/index.php\/wp-json\/wp\/v2\/product_brand?post=715340"},{"taxonomy":"product_cat","embeddable":true,"href":"https:\/\/roveyayinevi.com.tr\/index.php\/wp-json\/wp\/v2\/product_cat?post=715340"},{"taxonomy":"product_tag","embeddable":true,"href":"https:\/\/roveyayinevi.com.tr\/index.php\/wp-json\/wp\/v2\/product_tag?post=715340"}],"curies":[{"name":"wp","href":"https:\/\/api.w.org\/{rel}","templated":true}]}}