{"id":715339,"date":"2025-08-27T17:29:27","date_gmt":"2025-08-27T14:29:27","guid":{"rendered":"https:\/\/roveyayinevi.com.tr\/index.php\/urun\/madam-floridis-donmeyebilir\/"},"modified":"2026-04-16T02:23:26","modified_gmt":"2026-04-15T23:23:26","slug":"madam-floridis-donmeyebilir","status":"publish","type":"product","link":"https:\/\/roveyayinevi.com.tr\/index.php\/urun\/madam-floridis-donmeyebilir\/","title":{"rendered":"Madam Floridis D\u00f6nmeyebilir"},"content":{"rendered":"<p>Bu kitab\u0131n ad\u0131n\u0131, beklemedi\u011fim bir zamanda, bir yolculu\u011fa \u00e7\u0131karken buldum. Bir k\u0131\u015f gecesiydi. Beni \u0130stanbul\u2019dan Ankara\u2019ya g\u00f6t\u00fcrecek otob\u00fcsteydim. Hareket saatini bekliyordum. Otob\u00fcse o anda, ellilerinde, \u00e7ok \u015f\u0131k giyinmi\u015f bir adam bindi, arkamdaki koltu\u011fa oturdu. Muavin \u00e7ocuk, herkesin yerini al\u0131p almad\u0131\u011f\u0131n\u0131 \u00f6\u011frenmek i\u00e7in geldi sonra. Adama, elindeki listeye bakarak, yan\u0131ndaki bo\u015f koltu\u011fu g\u00f6sterip birini bekleyip beklemedi\u011fini sordu. Adam k\u0131sa bir s\u00fcre tepkisiz kald\u0131ktan sonra, \u00e7ocu\u011fa, \u00fczg\u00fcn bir sesle,  \u201cO arkada\u015f gelmeyebilir&#8230; Biz gidelim&#8230;\u201d dedi. B\u00fcy\u00fcn\u00fcn ba\u015flad\u0131\u011f\u0131 and\u0131 o an. O adam\u0131n hik\u00e2yesini o g\u00fcn bug\u00fcnd\u00fcr bulamad\u0131m. O adam\u0131n kimi, ne i\u00e7in bekledi\u011fini de \u00f6\u011frenemedim elbet, o otob\u00fcse hangi duygularla bindi\u011fini de&#8230; Ama bu s\u00f6zler, bana bir yerlerde, birilerinin d\u00f6n\u00fc\u015f\u00fcn\u00fc bekledi\u011fimizi hep hat\u0131rlatt\u0131. Bu kitab\u0131 biraz da o insanlar i\u00e7in yazd\u0131m. <\/p>\n","protected":false},"excerpt":{"rendered":"<p>Bu kitab\u0131n ad\u0131n\u0131, beklemedi\u011fim bir zamanda, bir yolculu\u011fa \u00e7\u0131karken buldum. Bir k\u0131\u015f gecesiydi. Beni \u0130stanbul\u2019dan Ankara\u2019ya g\u00f6t\u00fcrecek otob\u00fcsteydim. Hareket saatini bekliyordum. Otob\u00fcse o anda, ellilerinde, \u00e7ok<span class=\"excerpt-hellip\"> [\u2026]<\/span><\/p>\n","protected":false},"featured_media":0,"template":"","meta":{"_monsterinsights_skip_tracking":false,"_monsterinsights_sitenote_active":false,"_monsterinsights_sitenote_note":"","_monsterinsights_sitenote_category":0},"product_brand":[],"product_cat":[12291,12711],"product_tag":[],"class_list":{"0":"post-715339","1":"product","2":"type-product","3":"status-publish","5":"product_cat-edebiyat","6":"product_cat-roman-oyku","7":"pa_cilt-ciltsiz","8":"pa_tur-kitap","9":"pa_yayinevi-everest-yayinlari","10":"pa_yazar-mario-levi","12":"first","13":"instock","14":"sale","15":"shipping-taxable","16":"purchasable","17":"product-type-simple"},"_links":{"self":[{"href":"https:\/\/roveyayinevi.com.tr\/index.php\/wp-json\/wp\/v2\/product\/715339","targetHints":{"allow":["GET"]}}],"collection":[{"href":"https:\/\/roveyayinevi.com.tr\/index.php\/wp-json\/wp\/v2\/product"}],"about":[{"href":"https:\/\/roveyayinevi.com.tr\/index.php\/wp-json\/wp\/v2\/types\/product"}],"wp:attachment":[{"href":"https:\/\/roveyayinevi.com.tr\/index.php\/wp-json\/wp\/v2\/media?parent=715339"}],"wp:term":[{"taxonomy":"product_brand","embeddable":true,"href":"https:\/\/roveyayinevi.com.tr\/index.php\/wp-json\/wp\/v2\/product_brand?post=715339"},{"taxonomy":"product_cat","embeddable":true,"href":"https:\/\/roveyayinevi.com.tr\/index.php\/wp-json\/wp\/v2\/product_cat?post=715339"},{"taxonomy":"product_tag","embeddable":true,"href":"https:\/\/roveyayinevi.com.tr\/index.php\/wp-json\/wp\/v2\/product_tag?post=715339"}],"curies":[{"name":"wp","href":"https:\/\/api.w.org\/{rel}","templated":true}]}}