{"id":715336,"date":"2025-08-27T17:29:25","date_gmt":"2025-08-27T14:29:25","guid":{"rendered":"https:\/\/roveyayinevi.com.tr\/index.php\/urun\/heraklesten-orumcek-kadina\/"},"modified":"2026-04-16T02:23:26","modified_gmt":"2026-04-15T23:23:26","slug":"heraklesten-orumcek-kadina","status":"publish","type":"product","link":"https:\/\/roveyayinevi.com.tr\/index.php\/urun\/heraklesten-orumcek-kadina\/","title":{"rendered":"Herakles&#8217;ten \u00d6r\u00fcmcek Kad\u0131na"},"content":{"rendered":"<p>Evrenin kendinin var olu\u015funa dair inan\u0131\u015flardan ya\u015fam\u0131nda iz b\u0131rakan olaylara kadar , her toplumun pek \u00e7okhikayesi vard\u0131r. Ger\u00e7ekle hayal kar\u0131\u015f\u0131m\u0131 bu hikayeler , \u0130NSAN&#8217;\u0131n ac\u0131lar\u0131n\u0131 , kahramanl\u0131klar\u0131n\u0131 , duygular\u0131n\u0131 ve gelece\u011fed\u00f6n\u00fck hayallerini biny\u0131llardan bu yana ku\u015faktan ku\u015fa\u011fa aktararak insanl\u0131k k\u00fclt\u00fcr\u00fcne sanat\u0131na ilham kayna\u011f\u0131 olmu\u015ftur.Habib Bekta\u015f , okurla  s\u00f6yle\u015fir gibi ve \u015fiiri yolda\u015f k\u0131lan anlat\u0131m\u0131yla masal ger\u00e7e\u011fini al\u0131p hayat\u0131n ortas\u0131na yerle\u015ftirmi\u015f , Ege&#8217;nin ve K\u00fc\u00e7\u00fck Asya&#8217;n\u0131n \u00e7ok seslili\u011fini , \u00e7ok renklili\u011fini yans\u0131tm\u0131\u015ft\u0131r.Mitolojik s\u00f6ylencelerin izinde unutulmaz Zeynep&#8217;e bu yolculu\u011funda siz de e\u015flk etmek istermisiniz ?<\/p>\n","protected":false},"excerpt":{"rendered":"<p>Evrenin kendinin var olu\u015funa dair inan\u0131\u015flardan ya\u015fam\u0131nda iz b\u0131rakan olaylara kadar , her toplumun pek \u00e7okhikayesi vard\u0131r. Ger\u00e7ekle hayal kar\u0131\u015f\u0131m\u0131 bu hikayeler , \u0130NSAN&#8217;\u0131n ac\u0131lar\u0131n\u0131 ,<span class=\"excerpt-hellip\"> [\u2026]<\/span><\/p>\n","protected":false},"featured_media":0,"template":"","meta":{"_monsterinsights_skip_tracking":false,"_monsterinsights_sitenote_active":false,"_monsterinsights_sitenote_note":"","_monsterinsights_sitenote_category":0},"product_brand":[],"product_cat":[12291,12711],"product_tag":[],"class_list":{"0":"post-715336","1":"product","2":"type-product","3":"status-publish","5":"product_cat-edebiyat","6":"product_cat-roman-oyku","7":"pa_cilt-ciltsiz","8":"pa_tur-kitap","9":"pa_yayinevi-tudem-yayinlari","10":"pa_yazar-habib-bektas","12":"first","13":"instock","14":"sale","15":"shipping-taxable","16":"purchasable","17":"product-type-simple"},"_links":{"self":[{"href":"https:\/\/roveyayinevi.com.tr\/index.php\/wp-json\/wp\/v2\/product\/715336","targetHints":{"allow":["GET"]}}],"collection":[{"href":"https:\/\/roveyayinevi.com.tr\/index.php\/wp-json\/wp\/v2\/product"}],"about":[{"href":"https:\/\/roveyayinevi.com.tr\/index.php\/wp-json\/wp\/v2\/types\/product"}],"wp:attachment":[{"href":"https:\/\/roveyayinevi.com.tr\/index.php\/wp-json\/wp\/v2\/media?parent=715336"}],"wp:term":[{"taxonomy":"product_brand","embeddable":true,"href":"https:\/\/roveyayinevi.com.tr\/index.php\/wp-json\/wp\/v2\/product_brand?post=715336"},{"taxonomy":"product_cat","embeddable":true,"href":"https:\/\/roveyayinevi.com.tr\/index.php\/wp-json\/wp\/v2\/product_cat?post=715336"},{"taxonomy":"product_tag","embeddable":true,"href":"https:\/\/roveyayinevi.com.tr\/index.php\/wp-json\/wp\/v2\/product_tag?post=715336"}],"curies":[{"name":"wp","href":"https:\/\/api.w.org\/{rel}","templated":true}]}}