{"id":715334,"date":"2025-08-27T17:29:23","date_gmt":"2025-08-27T14:29:23","guid":{"rendered":"https:\/\/roveyayinevi.com.tr\/index.php\/urun\/acilin-ben-ogretmenim\/"},"modified":"2026-04-16T02:23:26","modified_gmt":"2026-04-15T23:23:26","slug":"acilin-ben-ogretmenim","status":"publish","type":"product","link":"https:\/\/roveyayinevi.com.tr\/index.php\/urun\/acilin-ben-ogretmenim\/","title":{"rendered":"A\u00e7\u0131l\u0131n Ben \u00d6\u011fretmenim"},"content":{"rendered":"<p>\u00d6g\u0306rencilerin ayaklar\u0131n\u0131n geri geri gittig\u0306i okullarda iyi dersler is\u0327lemenin yolunun strateji, teknik, y\u00f6ntem, ipu\u00e7lar\u0131 bilmekten ge\u00e7tig\u0306ini y\u0131llar i\u00e7inde deneyimleyerek \u00f6g\u0306rendim. \u00d6g\u0306renmek kadar \u00f6g\u0306rendiklerini paylas\u0327man\u0131n da deg\u0306erli oldug\u0306una inan\u0131yorum. Bu kitap, \u00f6g\u0306retmenlik, y\u00f6neticilik g\u00fcnlerimden ve eg\u0306itimcinin eg\u0306itimini yapt\u0131g\u0306\u0131m y\u0131llar i\u00e7inde cebimde biriktirdiklerimden olus\u0327uyor. Kitab\u0131 okurken kendinizi i\u00e7inde bulacag\u0306\u0131n\u0131z bas\u0327l\u0131klar\u0131n hi\u00e7biri re\u00e7ete ya da can simidi deg\u0306il, bunu s\u0327imdiden s\u00f6yleyebilirim. Okuyacaklar\u0131n\u0131z sadece bir eg\u0306itimcinin deneyim k\u0131r\u0131nt\u0131lar\u0131.Elma Yay\u0131nevinden \u00e7\u0131kan M\u00fcjdat Ataman\u2019\u0131n yeni kitab\u0131 A\u00e7\u0131l\u0131n Ben \u00d6\u011fretmenim, t\u00fcm e\u011fitimcilere rehber olacak nitelikte. Farkl\u0131 bir bak\u0131\u015f a\u00e7\u0131s\u0131, yepyeni bir yakla\u015f\u0131m\u2026<\/p>\n","protected":false},"excerpt":{"rendered":"<p>\u00d6g\u0306rencilerin ayaklar\u0131n\u0131n geri geri gittig\u0306i okullarda iyi dersler is\u0327lemenin yolunun strateji, teknik, y\u00f6ntem, ipu\u00e7lar\u0131 bilmekten ge\u00e7tig\u0306ini y\u0131llar i\u00e7inde deneyimleyerek \u00f6g\u0306rendim. \u00d6g\u0306renmek kadar \u00f6g\u0306rendiklerini paylas\u0327man\u0131n da deg\u0306erli<span class=\"excerpt-hellip\"> [\u2026]<\/span><\/p>\n","protected":false},"featured_media":0,"template":"","meta":{"_monsterinsights_skip_tracking":false,"_monsterinsights_sitenote_active":false,"_monsterinsights_sitenote_note":"","_monsterinsights_sitenote_category":0},"product_brand":[],"product_cat":[12567,12566],"product_tag":[],"class_list":{"0":"post-715334","1":"product","2":"type-product","3":"status-publish","5":"product_cat-diger-egitim","6":"product_cat-egitim","7":"pa_cilt-ciltsiz","8":"pa_tur-kitap","9":"pa_yayinevi-elma-yayinevi","10":"pa_yazar-mujdat-ataman","12":"first","13":"instock","14":"sale","15":"shipping-taxable","16":"purchasable","17":"product-type-simple"},"_links":{"self":[{"href":"https:\/\/roveyayinevi.com.tr\/index.php\/wp-json\/wp\/v2\/product\/715334","targetHints":{"allow":["GET"]}}],"collection":[{"href":"https:\/\/roveyayinevi.com.tr\/index.php\/wp-json\/wp\/v2\/product"}],"about":[{"href":"https:\/\/roveyayinevi.com.tr\/index.php\/wp-json\/wp\/v2\/types\/product"}],"wp:attachment":[{"href":"https:\/\/roveyayinevi.com.tr\/index.php\/wp-json\/wp\/v2\/media?parent=715334"}],"wp:term":[{"taxonomy":"product_brand","embeddable":true,"href":"https:\/\/roveyayinevi.com.tr\/index.php\/wp-json\/wp\/v2\/product_brand?post=715334"},{"taxonomy":"product_cat","embeddable":true,"href":"https:\/\/roveyayinevi.com.tr\/index.php\/wp-json\/wp\/v2\/product_cat?post=715334"},{"taxonomy":"product_tag","embeddable":true,"href":"https:\/\/roveyayinevi.com.tr\/index.php\/wp-json\/wp\/v2\/product_tag?post=715334"}],"curies":[{"name":"wp","href":"https:\/\/api.w.org\/{rel}","templated":true}]}}