{"id":715333,"date":"2025-08-27T17:29:23","date_gmt":"2025-08-27T14:29:23","guid":{"rendered":"https:\/\/roveyayinevi.com.tr\/index.php\/urun\/bakir-tencere\/"},"modified":"2026-04-16T02:23:26","modified_gmt":"2026-04-15T23:23:26","slug":"bakir-tencere","status":"publish","type":"product","link":"https:\/\/roveyayinevi.com.tr\/index.php\/urun\/bakir-tencere\/","title":{"rendered":"Bak\u0131r Tencere"},"content":{"rendered":"<p>Bak\u0131r Tencere, sofralar\u0131n\u0131za bir \u015fef dokunu\u015fu katmak, sevilen yemekleri sevdiklerinize de\u011fi\u015fik sunumlarla haz\u0131rlamak i\u00e7in ba\u015fvuru kayna\u011f\u0131n\u0131z olacak.D\u00fcnya mutfa\u011f\u0131ndan farkl\u0131 \u00f6rnekleri, vegan ve vejeteryan lezzetleri, T\u00fcrk mutfa\u011f\u0131ndan ba\u015f tac\u0131 yemekleri ve yeme\u011fe dair do\u011fru temel bilgileri \u015fefinden aktaran bu kitaptaki tarifleri mutfak deneyiminiz az olsa da yapabilir, herkesin y\u00fcz\u00fcn\u00fc g\u00fcld\u00fcr\u00fcp be\u011feni toplayabilirsiniz. Bu yemekleri ister g\u00fcnl\u00fck, ister davet yemekleri olarak haz\u0131rlayabilirsiniz.T\u00fcm yemekleri deneyin ve yemek yapman\u0131n keyfine var\u0131n. Sevdiklerinize yemek yapmak, ruhunuza iyi gelir. Sofrada payla\u015f\u0131lan an\u0131n mutlulu\u011funu ya\u015far, an\u0131lar\u0131 derleyip, her yeni tadla birlikteli\u011finizin tazelendi\u011fini hissedersiniz.Bak\u0131r Tencere hayat\u0131n\u0131zda ve mutfakta harikalar yaratman\u0131za vesile olsun. Sohbetiniz lezzetli, sa\u011fl\u0131\u011f\u0131n\u0131z yerinde, mutlulu\u011funuz<\/p>\n","protected":false},"excerpt":{"rendered":"<p>Bak\u0131r Tencere, sofralar\u0131n\u0131za bir \u015fef dokunu\u015fu katmak, sevilen yemekleri sevdiklerinize de\u011fi\u015fik sunumlarla haz\u0131rlamak i\u00e7in ba\u015fvuru kayna\u011f\u0131n\u0131z olacak.D\u00fcnya mutfa\u011f\u0131ndan farkl\u0131 \u00f6rnekleri, vegan ve vejeteryan lezzetleri, T\u00fcrk mutfa\u011f\u0131ndan<span class=\"excerpt-hellip\"> [\u2026]<\/span><\/p>\n","protected":false},"featured_media":0,"template":"","meta":{"_monsterinsights_skip_tracking":false,"_monsterinsights_sitenote_active":false,"_monsterinsights_sitenote_note":"","_monsterinsights_sitenote_category":0},"product_brand":[],"product_cat":[22706,12457],"product_tag":[],"class_list":{"0":"post-715333","1":"product","2":"type-product","3":"status-publish","5":"product_cat-dunya-mutfagi","6":"product_cat-yemek-kitaplari","7":"pa_cilt-ciltsiz","8":"pa_tur-kitap","9":"pa_yayinevi-remzi-kitabevi","10":"pa_yazar-semen-oner","12":"first","13":"instock","14":"sale","15":"shipping-taxable","16":"purchasable","17":"product-type-simple"},"_links":{"self":[{"href":"https:\/\/roveyayinevi.com.tr\/index.php\/wp-json\/wp\/v2\/product\/715333","targetHints":{"allow":["GET"]}}],"collection":[{"href":"https:\/\/roveyayinevi.com.tr\/index.php\/wp-json\/wp\/v2\/product"}],"about":[{"href":"https:\/\/roveyayinevi.com.tr\/index.php\/wp-json\/wp\/v2\/types\/product"}],"wp:attachment":[{"href":"https:\/\/roveyayinevi.com.tr\/index.php\/wp-json\/wp\/v2\/media?parent=715333"}],"wp:term":[{"taxonomy":"product_brand","embeddable":true,"href":"https:\/\/roveyayinevi.com.tr\/index.php\/wp-json\/wp\/v2\/product_brand?post=715333"},{"taxonomy":"product_cat","embeddable":true,"href":"https:\/\/roveyayinevi.com.tr\/index.php\/wp-json\/wp\/v2\/product_cat?post=715333"},{"taxonomy":"product_tag","embeddable":true,"href":"https:\/\/roveyayinevi.com.tr\/index.php\/wp-json\/wp\/v2\/product_tag?post=715333"}],"curies":[{"name":"wp","href":"https:\/\/api.w.org\/{rel}","templated":true}]}}