{"id":715329,"date":"2025-08-27T17:29:20","date_gmt":"2025-08-27T14:29:20","guid":{"rendered":"https:\/\/roveyayinevi.com.tr\/index.php\/urun\/olmeden-once-gulmemiz-gereken-1000-karikatur\/"},"modified":"2026-04-16T02:23:26","modified_gmt":"2026-04-15T23:23:26","slug":"olmeden-once-gulmemiz-gereken-1000-karikatur","status":"publish","type":"product","link":"https:\/\/roveyayinevi.com.tr\/index.php\/urun\/olmeden-once-gulmemiz-gereken-1000-karikatur\/","title":{"rendered":"\u00d6lmeden \u00d6nce G\u00fclmemiz Gereken 1000 Karikat\u00fcr"},"content":{"rendered":"<p>\u0130lk Defa Bir Kitapta 1000 Karikat\u00fcr Birden &#8211; D\u00fcnyaca \u00fcnl\u00fc \u00e7izerimiz M.K. Perker\u2019in y\u0131llard\u0131r H\u00fcrriyet gazetesinde yay\u0131mlanan karikat\u00fcrleri i\u00e7inden se\u00e7ti\u011fimiz en komik ve orijinal 1000 karikat\u00fcr\u00fc. Sait Faik\u2019ten DarthVader\u2019a, ta\u015f devrinden modern \u00e7a\u011f\u0131n kad\u0131n-erkek ili\u015fkilerine, gece yaln\u0131z televizyon seyretmekten, Starbucks\u2019ta kuyrukta beklemeye, trafikte s\u0131k\u0131\u015fmaktan uzaya gitmeye kadar her t\u00fcr g\u00fcndelik hayat ve pop\u00fcler k\u00fclt\u00fcr detay\u0131n\u0131n karikat\u00fcr marifetiyle tutulmu\u015f bir \u015feceresi. <\/p>\n","protected":false},"excerpt":{"rendered":"<p>\u0130lk Defa Bir Kitapta 1000 Karikat\u00fcr Birden &#8211; D\u00fcnyaca \u00fcnl\u00fc \u00e7izerimiz M.K. Perker\u2019in y\u0131llard\u0131r H\u00fcrriyet gazetesinde yay\u0131mlanan karikat\u00fcrleri i\u00e7inden se\u00e7ti\u011fimiz en komik ve orijinal 1000 karikat\u00fcr\u00fc.<span class=\"excerpt-hellip\"> [\u2026]<\/span><\/p>\n","protected":false},"featured_media":0,"template":"","meta":{"_monsterinsights_skip_tracking":false,"_monsterinsights_sitenote_active":false,"_monsterinsights_sitenote_note":"","_monsterinsights_sitenote_category":0},"product_brand":[],"product_cat":[57775,13527],"product_tag":[],"class_list":{"0":"post-715329","1":"product","2":"type-product","3":"status-publish","5":"product_cat-karikatur-mizah","6":"product_cat-sureli-yayinlar","7":"pa_cilt-ciltsiz","8":"pa_tur-kitap","9":"pa_yayinevi-kara-karga-yayinlari","10":"pa_yazar-m-k-perker","12":"first","13":"instock","14":"sale","15":"shipping-taxable","16":"purchasable","17":"product-type-simple"},"_links":{"self":[{"href":"https:\/\/roveyayinevi.com.tr\/index.php\/wp-json\/wp\/v2\/product\/715329","targetHints":{"allow":["GET"]}}],"collection":[{"href":"https:\/\/roveyayinevi.com.tr\/index.php\/wp-json\/wp\/v2\/product"}],"about":[{"href":"https:\/\/roveyayinevi.com.tr\/index.php\/wp-json\/wp\/v2\/types\/product"}],"wp:attachment":[{"href":"https:\/\/roveyayinevi.com.tr\/index.php\/wp-json\/wp\/v2\/media?parent=715329"}],"wp:term":[{"taxonomy":"product_brand","embeddable":true,"href":"https:\/\/roveyayinevi.com.tr\/index.php\/wp-json\/wp\/v2\/product_brand?post=715329"},{"taxonomy":"product_cat","embeddable":true,"href":"https:\/\/roveyayinevi.com.tr\/index.php\/wp-json\/wp\/v2\/product_cat?post=715329"},{"taxonomy":"product_tag","embeddable":true,"href":"https:\/\/roveyayinevi.com.tr\/index.php\/wp-json\/wp\/v2\/product_tag?post=715329"}],"curies":[{"name":"wp","href":"https:\/\/api.w.org\/{rel}","templated":true}]}}