{"id":715328,"date":"2025-08-27T17:29:19","date_gmt":"2025-08-27T14:29:19","guid":{"rendered":"https:\/\/roveyayinevi.com.tr\/index.php\/urun\/3-nerede-castara\/"},"modified":"2026-04-16T02:23:26","modified_gmt":"2026-04-15T23:23:26","slug":"3-nerede-castara","status":"publish","type":"product","link":"https:\/\/roveyayinevi.com.tr\/index.php\/urun\/3-nerede-castara\/","title":{"rendered":"3 Nerede \u00c7astara"},"content":{"rendered":"<p>Hey \u00c7astara, haydi say\u0131 saysana\u2026 1-2-4-5-6-7-8-9-10 3\u2019e ne oldu \u00c7astara, nereye gitti acaba? 3\u2019e ne oldu\u011funu \u00f6\u011frenmek i\u00e7in bu sevimli kitab\u0131m\u0131z\u0131n sayfalar\u0131n\u0131 \u00e7evirmenizi \u00f6neriyoruz. Kitab\u0131m\u0131z, k\u0131sa ve uyakl\u0131 metinleri, b\u00fcy\u00fck ve rengarenk resimleri ile 2 ya\u015f ve \u00fczeri \u00e7ocuklar i\u00e7in haz\u0131rland\u0131. Yazar\u0131 Senem Dicle \u00d6zler\u2019in ilk kitab\u0131 olan \u201c3 Nerede \u00c7astara?\u201dy\u0131, Nazl\u0131 Tunal\u0131 harika \u00e7izimleriyle renklendirdi. <\/p>\n","protected":false},"excerpt":{"rendered":"<p>Hey \u00c7astara, haydi say\u0131 saysana\u2026 1-2-4-5-6-7-8-9-10 3\u2019e ne oldu \u00c7astara, nereye gitti acaba? 3\u2019e ne oldu\u011funu \u00f6\u011frenmek i\u00e7in bu sevimli kitab\u0131m\u0131z\u0131n sayfalar\u0131n\u0131 \u00e7evirmenizi \u00f6neriyoruz. Kitab\u0131m\u0131z, k\u0131sa<span class=\"excerpt-hellip\"> [\u2026]<\/span><\/p>\n","protected":false},"featured_media":0,"template":"","meta":{"_monsterinsights_skip_tracking":false,"_monsterinsights_sitenote_active":false,"_monsterinsights_sitenote_note":"","_monsterinsights_sitenote_category":0},"product_brand":[],"product_cat":[12274,12284],"product_tag":[],"class_list":{"0":"post-715328","1":"product","2":"type-product","3":"status-publish","5":"product_cat-cocuk-ve-genclik-kitaplari","6":"product_cat-hikayeler","7":"pa_cilt-ciltsiz","8":"pa_tur-kitap","9":"pa_yayinevi-potikare-yayincilik","10":"pa_yazar-senem-dicle-ozler","12":"first","13":"instock","14":"sale","15":"shipping-taxable","16":"purchasable","17":"product-type-simple"},"_links":{"self":[{"href":"https:\/\/roveyayinevi.com.tr\/index.php\/wp-json\/wp\/v2\/product\/715328","targetHints":{"allow":["GET"]}}],"collection":[{"href":"https:\/\/roveyayinevi.com.tr\/index.php\/wp-json\/wp\/v2\/product"}],"about":[{"href":"https:\/\/roveyayinevi.com.tr\/index.php\/wp-json\/wp\/v2\/types\/product"}],"wp:attachment":[{"href":"https:\/\/roveyayinevi.com.tr\/index.php\/wp-json\/wp\/v2\/media?parent=715328"}],"wp:term":[{"taxonomy":"product_brand","embeddable":true,"href":"https:\/\/roveyayinevi.com.tr\/index.php\/wp-json\/wp\/v2\/product_brand?post=715328"},{"taxonomy":"product_cat","embeddable":true,"href":"https:\/\/roveyayinevi.com.tr\/index.php\/wp-json\/wp\/v2\/product_cat?post=715328"},{"taxonomy":"product_tag","embeddable":true,"href":"https:\/\/roveyayinevi.com.tr\/index.php\/wp-json\/wp\/v2\/product_tag?post=715328"}],"curies":[{"name":"wp","href":"https:\/\/api.w.org\/{rel}","templated":true}]}}