{"id":715325,"date":"2025-08-27T17:29:17","date_gmt":"2025-08-27T14:29:17","guid":{"rendered":"https:\/\/roveyayinevi.com.tr\/index.php\/urun\/genc-yazarlar-takimi-2018\/"},"modified":"2026-04-16T02:23:25","modified_gmt":"2026-04-15T23:23:25","slug":"genc-yazarlar-takimi-2018","status":"publish","type":"product","link":"https:\/\/roveyayinevi.com.tr\/index.php\/urun\/genc-yazarlar-takimi-2018\/","title":{"rendered":"Gen\u00e7 Yazarlar Tak\u0131m\u0131 2018"},"content":{"rendered":"<p>Yediden yetmi\u015fe herkese hitap etti\u011fimiz \u00f6yk\u00fclerimizde kendinizden bir par\u00e7a bulacaks\u0131n\u0131z. \u0130\u00e7erisinde birden fazla konu bar\u0131nd\u0131ran kitab\u0131m\u0131z ayn\u0131 zamanda size b\u00fcy\u00fck umutlar verecek \u00e7\u00fcnk\u00fc bizim en b\u00fcy\u00fck ilham\u0131m\u0131z; UMUTLARIMIZ\u2026Umutlarla yazmaya ba\u015flad\u0131\u011f\u0131m\u0131z 2016 y\u0131l\u0131nda; &#8220;\u00dcmit Da\u011fc\u0131 ve PAF Tak\u0131m\u0131&#8221; adl\u0131 kitab\u0131m\u0131zla sizlerle bulu\u015ftuk.Umutlar\u0131n inan\u00e7lara d\u00f6n\u00fc\u015ft\u00fc\u011f\u00fc 2017 y\u0131l\u0131nda &#8220;Gen\u00e7 Yazarlar Tak\u0131m\u0131&#8221; adl\u0131 kitab\u0131m\u0131zla kar\u015f\u0131n\u0131zdayd\u0131k.<\/p>\n","protected":false},"excerpt":{"rendered":"<p>Yediden yetmi\u015fe herkese hitap etti\u011fimiz \u00f6yk\u00fclerimizde kendinizden bir par\u00e7a bulacaks\u0131n\u0131z. \u0130\u00e7erisinde birden fazla konu bar\u0131nd\u0131ran kitab\u0131m\u0131z ayn\u0131 zamanda size b\u00fcy\u00fck umutlar verecek \u00e7\u00fcnk\u00fc bizim en b\u00fcy\u00fck<span class=\"excerpt-hellip\"> [\u2026]<\/span><\/p>\n","protected":false},"featured_media":0,"template":"","meta":{"_monsterinsights_skip_tracking":false,"_monsterinsights_sitenote_active":false,"_monsterinsights_sitenote_note":"","_monsterinsights_sitenote_category":0},"product_brand":[],"product_cat":[12291,12711],"product_tag":[],"class_list":{"0":"post-715325","1":"product","2":"type-product","3":"status-publish","5":"product_cat-edebiyat","6":"product_cat-roman-oyku","7":"pa_cilt-ciltsiz","8":"pa_tur-kitap","9":"pa_yayinevi-vaveyla-yayincilik","10":"pa_yazar-umit-dagci","12":"first","13":"instock","14":"sale","15":"shipping-taxable","16":"purchasable","17":"product-type-simple"},"_links":{"self":[{"href":"https:\/\/roveyayinevi.com.tr\/index.php\/wp-json\/wp\/v2\/product\/715325","targetHints":{"allow":["GET"]}}],"collection":[{"href":"https:\/\/roveyayinevi.com.tr\/index.php\/wp-json\/wp\/v2\/product"}],"about":[{"href":"https:\/\/roveyayinevi.com.tr\/index.php\/wp-json\/wp\/v2\/types\/product"}],"wp:attachment":[{"href":"https:\/\/roveyayinevi.com.tr\/index.php\/wp-json\/wp\/v2\/media?parent=715325"}],"wp:term":[{"taxonomy":"product_brand","embeddable":true,"href":"https:\/\/roveyayinevi.com.tr\/index.php\/wp-json\/wp\/v2\/product_brand?post=715325"},{"taxonomy":"product_cat","embeddable":true,"href":"https:\/\/roveyayinevi.com.tr\/index.php\/wp-json\/wp\/v2\/product_cat?post=715325"},{"taxonomy":"product_tag","embeddable":true,"href":"https:\/\/roveyayinevi.com.tr\/index.php\/wp-json\/wp\/v2\/product_tag?post=715325"}],"curies":[{"name":"wp","href":"https:\/\/api.w.org\/{rel}","templated":true}]}}