{"id":715324,"date":"2025-08-27T17:29:16","date_gmt":"2025-08-27T14:29:16","guid":{"rendered":"https:\/\/roveyayinevi.com.tr\/index.php\/urun\/kutsal-capa\/"},"modified":"2026-04-16T02:23:25","modified_gmt":"2026-04-15T23:23:25","slug":"kutsal-capa","status":"publish","type":"product","link":"https:\/\/roveyayinevi.com.tr\/index.php\/urun\/kutsal-capa\/","title":{"rendered":"Kutsal \u00c7apa"},"content":{"rendered":"<p>\u201cAnadolu&#8217;nun tarihini hi\u00e7; ilk g\u00fcnden bug\u00fcne kadar \u015fahitlik eden bir canl\u0131dan dinlediniz mi? Nuh Peygamber\u2019in, B\u00fcy\u00fck \u0130skender&#8217;in Ankara&#8217;dan ge\u00e7ti\u011fini; Kral Midas&#8217;\u0131n Ankara Kalesi&#8217;ni in\u015fa etti\u011fini ve \u015fehrin ismini verdi\u011fini biliyor musunuz? Oyunumuz, tarihin fantastik anlat\u0131m\u0131yla h\u00e2l\u00e2 sizlerin yan\u0131nda olan ama sizin g\u00f6rmedi\u011finiz bir ki\u015fi ile sunulmaktad\u0131r.\u201d<\/p>\n","protected":false},"excerpt":{"rendered":"<p>\u201cAnadolu&#8217;nun tarihini hi\u00e7; ilk g\u00fcnden bug\u00fcne kadar \u015fahitlik eden bir canl\u0131dan dinlediniz mi? Nuh Peygamber\u2019in, B\u00fcy\u00fck \u0130skender&#8217;in Ankara&#8217;dan ge\u00e7ti\u011fini; Kral Midas&#8217;\u0131n Ankara Kalesi&#8217;ni in\u015fa etti\u011fini ve<span class=\"excerpt-hellip\"> [\u2026]<\/span><\/p>\n","protected":false},"featured_media":0,"template":"","meta":{"_monsterinsights_skip_tracking":false,"_monsterinsights_sitenote_active":false,"_monsterinsights_sitenote_note":"","_monsterinsights_sitenote_category":0},"product_brand":[],"product_cat":[12291,12711],"product_tag":[],"class_list":{"0":"post-715324","1":"product","2":"type-product","3":"status-publish","5":"product_cat-edebiyat","6":"product_cat-roman-oyku","7":"pa_cilt-ciltsiz","8":"pa_tur-kitap","9":"pa_yayinevi-vaveyla-yayincilik","10":"pa_yazar-umit-dagci","12":"first","13":"instock","14":"sale","15":"shipping-taxable","16":"purchasable","17":"product-type-simple"},"_links":{"self":[{"href":"https:\/\/roveyayinevi.com.tr\/index.php\/wp-json\/wp\/v2\/product\/715324","targetHints":{"allow":["GET"]}}],"collection":[{"href":"https:\/\/roveyayinevi.com.tr\/index.php\/wp-json\/wp\/v2\/product"}],"about":[{"href":"https:\/\/roveyayinevi.com.tr\/index.php\/wp-json\/wp\/v2\/types\/product"}],"wp:attachment":[{"href":"https:\/\/roveyayinevi.com.tr\/index.php\/wp-json\/wp\/v2\/media?parent=715324"}],"wp:term":[{"taxonomy":"product_brand","embeddable":true,"href":"https:\/\/roveyayinevi.com.tr\/index.php\/wp-json\/wp\/v2\/product_brand?post=715324"},{"taxonomy":"product_cat","embeddable":true,"href":"https:\/\/roveyayinevi.com.tr\/index.php\/wp-json\/wp\/v2\/product_cat?post=715324"},{"taxonomy":"product_tag","embeddable":true,"href":"https:\/\/roveyayinevi.com.tr\/index.php\/wp-json\/wp\/v2\/product_tag?post=715324"}],"curies":[{"name":"wp","href":"https:\/\/api.w.org\/{rel}","templated":true}]}}