{"id":715321,"date":"2025-08-27T17:29:15","date_gmt":"2025-08-27T14:29:15","guid":{"rendered":"https:\/\/roveyayinevi.com.tr\/index.php\/urun\/rahel-tanriyla-hesaplasiyor\/"},"modified":"2026-04-16T02:23:25","modified_gmt":"2026-04-15T23:23:25","slug":"rahel-tanriyla-hesaplasiyor","status":"publish","type":"product","link":"https:\/\/roveyayinevi.com.tr\/index.php\/urun\/rahel-tanriyla-hesaplasiyor\/","title":{"rendered":"Rahel Tanr\u0131&#8217;yla Hesapla\u015f\u0131yor"},"content":{"rendered":"<p>Zweig\u2019\u0131n menk\u0131belerinde hik\u00e2ye edilen ki\u015filer Tanr\u0131\u2019y\u0131 ve kendilerini ararken hayatlar\u0131n\u0131n anlam\u0131n\u0131 bulacaklar\u0131na dair umutlar\u0131n\u0131 her daim korurlar. Yazar Rahel Tanr\u0131\u2019yla Hesapla\u015f\u0131yor\u2019da Rahel ile Yakup\u2019un Eski Ahit \u2019teki hik\u00e2yelerini Kutsal Kitap\u2019taki anlat\u0131m bi\u00e7imini an\u0131\u015ft\u0131ran bir \u00fcslupla ve elbette kendi yorumunu katarak aktar\u0131r. \u00dc\u00e7\u00fcnc\u00fc G\u00fcvercinin Hik\u00e2yesi\u2019ni de Nuh Tufan\u0131\u2019ndan esinlenerek kaleme alm\u0131\u015ft\u0131r. Nuh\u2019un tufandan sonra sular\u0131n \u00e7ekilip \u00e7ekilmedi\u011fini anlamak i\u00e7in g\u00f6nderdi\u011fi \u00fc\u00e7\u00fcnc\u00fc g\u00fcvercin geri d\u00f6nmez. Ancak Zweig\u2019\u0131n \u00f6yk\u00fcs\u00fcnde g\u00fcvercinin d\u00f6nmeyi\u015finin nedeni Eski Ahit \u2019teki gibi topra\u011f\u0131n kurumas\u0131 de\u011fil, her yerde \u00f6l\u00fcm ve felaket g\u00f6rmesidir. Esin kayna\u011f\u0131 Bhagavad Gita olan \u00d6l\u00fcms\u00fcz Karde\u015fin G\u00f6zleri ise Virata adl\u0131 bir sava\u015f\u00e7\u0131yla ilgilidir. Bir sava\u015fta bilmeden \u00f6ld\u00fcrd\u00fc\u011f\u00fc a\u011fabeyinin g\u00f6zleri Virata\u2019y\u0131 her yerde izler. \u0130nsanlardan uzakta, g\u00fcnahtan ar\u0131nm\u0131\u015f olarak ya\u015fam\u0131n\u0131 s\u00fcrd\u00fcrmeye \u00e7al\u0131\u015fsa da, eylemlerinin ba\u015fka insanlar\u0131n ya\u015famlar\u0131n\u0131 etkilemesine engel olmayacakt\u0131r.<\/p>\n","protected":false},"excerpt":{"rendered":"<p>Zweig\u2019\u0131n menk\u0131belerinde hik\u00e2ye edilen ki\u015filer Tanr\u0131\u2019y\u0131 ve kendilerini ararken hayatlar\u0131n\u0131n anlam\u0131n\u0131 bulacaklar\u0131na dair umutlar\u0131n\u0131 her daim korurlar. Yazar Rahel Tanr\u0131\u2019yla Hesapla\u015f\u0131yor\u2019da Rahel ile Yakup\u2019un Eski Ahit<span class=\"excerpt-hellip\"> [\u2026]<\/span><\/p>\n","protected":false},"featured_media":0,"template":"","meta":{"_monsterinsights_skip_tracking":false,"_monsterinsights_sitenote_active":false,"_monsterinsights_sitenote_note":"","_monsterinsights_sitenote_category":0},"product_brand":[],"product_cat":[13835],"product_tag":[],"class_list":{"0":"post-715321","1":"product","2":"type-product","3":"status-publish","5":"product_cat-cok-satanlar","6":"pa_cilt-ciltsiz","7":"pa_tur-kitap","8":"pa_yayinevi-is-bankasi-kultur-yayinlari","9":"pa_yazar-stefan-zweig","11":"first","12":"instock","13":"sale","14":"shipping-taxable","15":"purchasable","16":"product-type-simple"},"_links":{"self":[{"href":"https:\/\/roveyayinevi.com.tr\/index.php\/wp-json\/wp\/v2\/product\/715321","targetHints":{"allow":["GET"]}}],"collection":[{"href":"https:\/\/roveyayinevi.com.tr\/index.php\/wp-json\/wp\/v2\/product"}],"about":[{"href":"https:\/\/roveyayinevi.com.tr\/index.php\/wp-json\/wp\/v2\/types\/product"}],"wp:attachment":[{"href":"https:\/\/roveyayinevi.com.tr\/index.php\/wp-json\/wp\/v2\/media?parent=715321"}],"wp:term":[{"taxonomy":"product_brand","embeddable":true,"href":"https:\/\/roveyayinevi.com.tr\/index.php\/wp-json\/wp\/v2\/product_brand?post=715321"},{"taxonomy":"product_cat","embeddable":true,"href":"https:\/\/roveyayinevi.com.tr\/index.php\/wp-json\/wp\/v2\/product_cat?post=715321"},{"taxonomy":"product_tag","embeddable":true,"href":"https:\/\/roveyayinevi.com.tr\/index.php\/wp-json\/wp\/v2\/product_tag?post=715321"}],"curies":[{"name":"wp","href":"https:\/\/api.w.org\/{rel}","templated":true}]}}