{"id":715317,"date":"2025-08-27T17:29:12","date_gmt":"2025-08-27T14:29:12","guid":{"rendered":"https:\/\/roveyayinevi.com.tr\/index.php\/urun\/dunyanin-civisi\/"},"modified":"2026-04-16T02:23:25","modified_gmt":"2026-04-15T23:23:25","slug":"dunyanin-civisi","status":"publish","type":"product","link":"https:\/\/roveyayinevi.com.tr\/index.php\/urun\/dunyanin-civisi\/","title":{"rendered":"D\u00fcnyan\u0131n \u00c7ivisi"},"content":{"rendered":"<p>Pas tutmu\u015f bir \u00e7ocuk park\u0131, yar\u0131m kalm\u0131\u015f bir duvar yaz\u0131s\u0131 ard\u0131nda nas\u0131l bir ger\u00e7eklik saklar? Bir uzvun hik\u00e2yesi, T\u00fcrkiye toplumsal tarihine \u0131\u015f\u0131k tutabilir mi? Bir s\u0131rr\u0131 ta\u015f\u0131man\u0131n omuzlara bindirdi\u011fi y\u00fck, bir kaplumba\u011fan\u0131n \u00e7atlak kabu\u011fundan nas\u0131l s\u0131zar? D\u00fcnyan\u0131n \u00c7ivisi, okuru ger\u00e7ekle hayalg\u00fcc\u00fcn\u00fcn kar\u0131\u015f\u0131p birbiriyle b\u00fct\u00fcnle\u015fti\u011fi b\u00fcy\u00fcl\u00fc bir yolculu\u011fa davet ederken hayali bariyerlerle beton duvarlar\u0131n, iradenin k\u0131s\u0131tlar\u0131yla somut engellerin, hayali kahramanlarla s\u0131radan insanlar\u0131n, d\u00fcnyan\u0131n m\u00fchr\u00fcyle \u015fehrin \u00e7\u00f6p\u00fcn\u00fcn i\u00e7 i\u00e7e ge\u00e7ti\u011fi bir evren kuruyor. M. \u00d6zg\u00fcr Mutlu \u00fc\u00e7\u00fcnc\u00fc \u00f6yk\u00fc kitab\u0131nda bir yandan \u201850 \u00f6yk\u00fcc\u00fclerinin izini s\u00fcr\u00fcp ger\u00e7ek ile fantasma aras\u0131ndaki a\u00e7\u0131 fark\u0131n\u0131 kapat\u0131rken, di\u011fer yandan toplumcu ger\u00e7ek\u00e7i \u00f6yk\u00fcc\u00fcl\u00fc\u011f\u00fcn \u00e7a\u011fda\u015f \u00f6rneklerini sunuyor. Elindeki \u00e7ekici s\u0131ms\u0131k\u0131 tutan okurlara: D\u00fcnyan\u0131n \u00c7ivisi. <\/p>\n","protected":false},"excerpt":{"rendered":"<p>Pas tutmu\u015f bir \u00e7ocuk park\u0131, yar\u0131m kalm\u0131\u015f bir duvar yaz\u0131s\u0131 ard\u0131nda nas\u0131l bir ger\u00e7eklik saklar? Bir uzvun hik\u00e2yesi, T\u00fcrkiye toplumsal tarihine \u0131\u015f\u0131k tutabilir mi? Bir s\u0131rr\u0131<span class=\"excerpt-hellip\"> [\u2026]<\/span><\/p>\n","protected":false},"featured_media":0,"template":"","meta":{"_monsterinsights_skip_tracking":false,"_monsterinsights_sitenote_active":false,"_monsterinsights_sitenote_note":"","_monsterinsights_sitenote_category":0},"product_brand":[],"product_cat":[12777,12291],"product_tag":[],"class_list":{"0":"post-715317","1":"product","2":"type-product","3":"status-publish","5":"product_cat-deneme","6":"product_cat-edebiyat","7":"pa_cilt-ciltsiz","8":"pa_tur-kitap","9":"pa_yayinevi-sel-yayincilik","10":"pa_yazar-m-ozgur-mutlu","12":"first","13":"instock","14":"sale","15":"shipping-taxable","16":"purchasable","17":"product-type-simple"},"_links":{"self":[{"href":"https:\/\/roveyayinevi.com.tr\/index.php\/wp-json\/wp\/v2\/product\/715317","targetHints":{"allow":["GET"]}}],"collection":[{"href":"https:\/\/roveyayinevi.com.tr\/index.php\/wp-json\/wp\/v2\/product"}],"about":[{"href":"https:\/\/roveyayinevi.com.tr\/index.php\/wp-json\/wp\/v2\/types\/product"}],"wp:attachment":[{"href":"https:\/\/roveyayinevi.com.tr\/index.php\/wp-json\/wp\/v2\/media?parent=715317"}],"wp:term":[{"taxonomy":"product_brand","embeddable":true,"href":"https:\/\/roveyayinevi.com.tr\/index.php\/wp-json\/wp\/v2\/product_brand?post=715317"},{"taxonomy":"product_cat","embeddable":true,"href":"https:\/\/roveyayinevi.com.tr\/index.php\/wp-json\/wp\/v2\/product_cat?post=715317"},{"taxonomy":"product_tag","embeddable":true,"href":"https:\/\/roveyayinevi.com.tr\/index.php\/wp-json\/wp\/v2\/product_tag?post=715317"}],"curies":[{"name":"wp","href":"https:\/\/api.w.org\/{rel}","templated":true}]}}