{"id":715315,"date":"2025-08-27T17:29:10","date_gmt":"2025-08-27T14:29:10","guid":{"rendered":"https:\/\/roveyayinevi.com.tr\/index.php\/urun\/yuruyen-kelimeler\/"},"modified":"2026-04-16T02:23:25","modified_gmt":"2026-04-15T23:23:25","slug":"yuruyen-kelimeler","status":"publish","type":"product","link":"https:\/\/roveyayinevi.com.tr\/index.php\/urun\/yuruyen-kelimeler\/","title":{"rendered":"Y\u00fcr\u00fcyen Kelimeler"},"content":{"rendered":"<p>Zaman\u0131n ve mek\u00e2n\u0131n i\u00e7inden dev\u015firilmi\u015f, Latin Amerika\u2019n\u0131n bilin\u00e7 \u00f6rg\u00fcs\u00fcn\u00fc olu\u015fturan d\u00fc\u015fler, efsaneler ve anekdotlarla \u00f6r\u00fcl\u00fc Y\u00fcr\u00fcyen Kelimeler, Eduardo Galeano taraf\u0131ndan yarat\u0131lan d\u00fcnyaya say\u0131s\u0131z pencere a\u00e7an bir yol haritas\u0131. S\u00f6zl\u00fc tarih gelene\u011fini takip eden Galeano, poetik ve politik sesiyle Latin Amerika\u2019n\u0131n kolektif deneyiminde yatan \u00f6zg\u00fcrl\u00fck ruhunu k\u00f6r\u00fckl\u00fcyor. K\u0131tan\u0131n k\u00fclt\u00fcrel belle\u011finden beslenen usta kalem, mitolojiye ve kutsal de\u011ferlere temas ederek, s\u0131radanl\u0131kla ola\u011fand\u0131\u015f\u0131l\u0131k, insanlarla hayvanlar, g\u00f6ky\u00fcz\u00fcyle yery\u00fcz\u00fc, ya\u015famla \u00f6l\u00fcm, dile gelenle gelemeyen aras\u0131na \u00e7ekilmi\u015f bariyerleri kald\u0131r\u0131yor. Sat\u0131rlardan s\u00fcz\u00fcl\u00fcp gelen bu \u015f\u00f6len, hatta karnaval havas\u0131 hayat\u0131 ve insan\u0131 baya\u011f\u0131la\u015ft\u0131ran her \u015feyin reddine dahil oluyor. Kapa\u011f\u0131n\u0131 kapatt\u0131\u011f\u0131n\u0131zda bile uzun s\u00fcre sizi b\u00fcy\u00fclemeye devam edecek \u00e7arp\u0131c\u0131 bir eser\u2026 <\/p>\n","protected":false},"excerpt":{"rendered":"<p>Zaman\u0131n ve mek\u00e2n\u0131n i\u00e7inden dev\u015firilmi\u015f, Latin Amerika\u2019n\u0131n bilin\u00e7 \u00f6rg\u00fcs\u00fcn\u00fc olu\u015fturan d\u00fc\u015fler, efsaneler ve anekdotlarla \u00f6r\u00fcl\u00fc Y\u00fcr\u00fcyen Kelimeler, Eduardo Galeano taraf\u0131ndan yarat\u0131lan d\u00fcnyaya say\u0131s\u0131z pencere a\u00e7an bir<span class=\"excerpt-hellip\"> [\u2026]<\/span><\/p>\n","protected":false},"featured_media":0,"template":"","meta":{"_monsterinsights_skip_tracking":false,"_monsterinsights_sitenote_active":false,"_monsterinsights_sitenote_note":"","_monsterinsights_sitenote_category":0},"product_brand":[],"product_cat":[12777,12291],"product_tag":[],"class_list":{"0":"post-715315","1":"product","2":"type-product","3":"status-publish","5":"product_cat-deneme","6":"product_cat-edebiyat","7":"pa_cilt-ciltsiz","8":"pa_tur-kitap","9":"pa_yayinevi-sel-yayincilik","10":"pa_yazar-eduardo-galeano","12":"first","13":"instock","14":"sale","15":"shipping-taxable","16":"purchasable","17":"product-type-simple"},"_links":{"self":[{"href":"https:\/\/roveyayinevi.com.tr\/index.php\/wp-json\/wp\/v2\/product\/715315","targetHints":{"allow":["GET"]}}],"collection":[{"href":"https:\/\/roveyayinevi.com.tr\/index.php\/wp-json\/wp\/v2\/product"}],"about":[{"href":"https:\/\/roveyayinevi.com.tr\/index.php\/wp-json\/wp\/v2\/types\/product"}],"wp:attachment":[{"href":"https:\/\/roveyayinevi.com.tr\/index.php\/wp-json\/wp\/v2\/media?parent=715315"}],"wp:term":[{"taxonomy":"product_brand","embeddable":true,"href":"https:\/\/roveyayinevi.com.tr\/index.php\/wp-json\/wp\/v2\/product_brand?post=715315"},{"taxonomy":"product_cat","embeddable":true,"href":"https:\/\/roveyayinevi.com.tr\/index.php\/wp-json\/wp\/v2\/product_cat?post=715315"},{"taxonomy":"product_tag","embeddable":true,"href":"https:\/\/roveyayinevi.com.tr\/index.php\/wp-json\/wp\/v2\/product_tag?post=715315"}],"curies":[{"name":"wp","href":"https:\/\/api.w.org\/{rel}","templated":true}]}}