{"id":715314,"date":"2025-08-27T17:29:10","date_gmt":"2025-08-27T14:29:10","guid":{"rendered":"https:\/\/roveyayinevi.com.tr\/index.php\/urun\/sulduz-karapapak-halaylari\/"},"modified":"2026-04-16T02:23:25","modified_gmt":"2026-04-15T23:23:25","slug":"sulduz-karapapak-halaylari","status":"publish","type":"product","link":"https:\/\/roveyayinevi.com.tr\/index.php\/urun\/sulduz-karapapak-halaylari\/","title":{"rendered":"Sulduz Karapapak Halaylar\u0131"},"content":{"rendered":"<p>Bu kitapta, binlerce y\u0131ld\u0131r T\u00fcrk devletlerinin b\u00fcnyesinde \u00f6nemli bir yap\u0131ta\u015f\u0131 oldu\u011fu h\u00e2lde 1828 y\u0131l\u0131ndan beri \u0130ran co\u011frafyas\u0131n\u0131n Sulduz b\u00f6lgesinde yerle\u015fik bulunan Karapapak T\u00fcrklerinin \u00f6nemli k\u00fclt\u00fcr ve sanat de\u011ferleri olan \u201chalaylar\u0131n\u0131\u201d derleyip de\u011ferlendirerek onlar\u0131n T\u00fcrk k\u00fclt\u00fcr\u00fcn\u00fcn ve sanat\u0131n\u0131n bir par\u00e7as\u0131 oldu\u011fu g\u00f6sterilmeye \u00e7al\u0131\u015f\u0131lm\u0131\u015ft\u0131r.Sulduz Karapapaklar\u0131n\u0131n ara\u015ft\u0131rmac\u0131 yazarlar\u0131ndan Yusuf Kahramanpur, \u201cFerheng-i Ame El Garapapa\u0121\u201d adl\u0131 eserinde ger\u00e7ekle\u015ftiremedi\u011fi bir arzusunu \u015f\u00f6yle belirtmektedir: \u201cNe yaz\u0131k ki Karapapak yall\u0131lar\u0131n\u0131 de\u011ferlendirebilecek m\u00fczik ve nota bilgim yoktur. \u00dcmit ediyorum ki bu konuda bilgili ve yetenekli olanlar, gelecekte bu mill\u00ee g\u00f6revi kabul edip m\u00fczik sevenlere sunarlar.\u201d Merhum Kahramanpur\u2019un bu iste\u011fi ve Sulduz Nagade\u2019de alan ara\u015ft\u0131rmas\u0131 yaparken muhitin ayd\u0131nlar\u0131n\u0131n da bu y\u00f6nde istekte bulunmalar\u0131, yazar\u0131 bu ara\u015ft\u0131rmay\u0131 yapmaya y\u00f6nlendirmi\u015ftir.Kitapta Sulduz Karapapaklar\u0131n\u0131n oyun havalar\u0131 ve bu oyunlarda okunan t\u00fcrk\u00fcler alan ara\u015ft\u0131rmas\u0131, derleme ve inceleme y\u00f6ntemleriyle hem s\u00f6z hem de m\u00fczik olarak kay\u0131t alt\u0131na al\u0131nm\u0131\u015ft\u0131r. B\u00f6ylece k\u00fc\u00e7\u00fck bir T\u00fcrk toplulu\u011fu olan Sulduz Karapapaklar\u0131n\u0131n yall\u0131\/oyun havalar\u0131, hem notaya al\u0131nm\u0131\u015f hem de bu havalar\u0131n s\u00f6zleri ve varyantlar\u0131 m\u00fczik uzmanlar\u0131n\u0131n hizmetine sunulmu\u015ftur.<\/p>\n","protected":false},"excerpt":{"rendered":"<p>Bu kitapta, binlerce y\u0131ld\u0131r T\u00fcrk devletlerinin b\u00fcnyesinde \u00f6nemli bir yap\u0131ta\u015f\u0131 oldu\u011fu h\u00e2lde 1828 y\u0131l\u0131ndan beri \u0130ran co\u011frafyas\u0131n\u0131n Sulduz b\u00f6lgesinde yerle\u015fik bulunan Karapapak T\u00fcrklerinin \u00f6nemli k\u00fclt\u00fcr ve<span class=\"excerpt-hellip\"> [\u2026]<\/span><\/p>\n","protected":false},"featured_media":0,"template":"","meta":{"_monsterinsights_skip_tracking":false,"_monsterinsights_sitenote_active":false,"_monsterinsights_sitenote_note":"","_monsterinsights_sitenote_category":0},"product_brand":[],"product_cat":[13021,12408],"product_tag":[],"class_list":{"0":"post-715314","1":"product","2":"type-product","3":"status-publish","5":"product_cat-sahne-sanatlari","6":"product_cat-sanat","7":"pa_cilt-ciltsiz","8":"pa_tur-kitap","9":"pa_yayinevi-muzik-egitimi-yayinlari","10":"pa_yazar-yavuz-selim-kafkasyali","12":"first","13":"instock","14":"sale","15":"shipping-taxable","16":"purchasable","17":"product-type-simple"},"_links":{"self":[{"href":"https:\/\/roveyayinevi.com.tr\/index.php\/wp-json\/wp\/v2\/product\/715314","targetHints":{"allow":["GET"]}}],"collection":[{"href":"https:\/\/roveyayinevi.com.tr\/index.php\/wp-json\/wp\/v2\/product"}],"about":[{"href":"https:\/\/roveyayinevi.com.tr\/index.php\/wp-json\/wp\/v2\/types\/product"}],"wp:attachment":[{"href":"https:\/\/roveyayinevi.com.tr\/index.php\/wp-json\/wp\/v2\/media?parent=715314"}],"wp:term":[{"taxonomy":"product_brand","embeddable":true,"href":"https:\/\/roveyayinevi.com.tr\/index.php\/wp-json\/wp\/v2\/product_brand?post=715314"},{"taxonomy":"product_cat","embeddable":true,"href":"https:\/\/roveyayinevi.com.tr\/index.php\/wp-json\/wp\/v2\/product_cat?post=715314"},{"taxonomy":"product_tag","embeddable":true,"href":"https:\/\/roveyayinevi.com.tr\/index.php\/wp-json\/wp\/v2\/product_tag?post=715314"}],"curies":[{"name":"wp","href":"https:\/\/api.w.org\/{rel}","templated":true}]}}