{"id":715313,"date":"2025-08-27T17:29:09","date_gmt":"2025-08-27T14:29:09","guid":{"rendered":"https:\/\/roveyayinevi.com.tr\/index.php\/urun\/piyano-egitimi-ve-kisa-tarihi\/"},"modified":"2026-04-16T02:23:25","modified_gmt":"2026-04-15T23:23:25","slug":"piyano-egitimi-ve-kisa-tarihi","status":"publish","type":"product","link":"https:\/\/roveyayinevi.com.tr\/index.php\/urun\/piyano-egitimi-ve-kisa-tarihi\/","title":{"rendered":"Piyano E\u011fitimi ve K\u0131sa Tarihi"},"content":{"rendered":"<p>Bu kitap yazar\u0131n a\u011f\u0131rl\u0131kl\u0131 olarak, gen\u00e7lik y\u0131llar\u0131nda yazd\u0131\u011f\u0131 makalelerden olu\u015fmaktad\u0131r. &#8220;Piyano \u00e7al\u0131\u015f\u0131rken&#8221; ba\u015fl\u0131kl\u0131 b\u00f6l\u00fcmdeki \u00e7al\u0131\u015fma \u00f6nerileri, elli y\u0131ld\u0131r piyano ba\u015f\u0131nda olan bir emektar\u0131n, otuz be\u015f y\u0131l\u0131n\u0131 aral\u0131ks\u0131z \u00f6\u011fretmenlik yaparak ge\u00e7irmi\u015f bir e\u011fitimcinin, y\u0131llar\u0131n s\u00fczgecinden ge\u00e7mi\u015f ve denenmi\u015f  son derece k\u0131ymetli  \u00f6nerileridir.Schumann ve \u00c7ocuk SahneleriYa\u015fam\u0131 ve M\u00fczi\u011fi ile Chopin6-11 Ya\u015f Grubu \u00c7ocuklar\u0131nda Piyano E\u011fitimiM\u00fczik Okullar\u0131ndaki Piyano Dersleri \u00dczerineEl PozisyonuG\u00fczel Piyano \u00c7almak \u0130\u00e7inArpejlerBach \u00c7alarken Nelere Dikkat Etmeliyiz?\u00c7ocuk ve M\u00fczik E\u011fitimi\u00c7ocuklarda M\u00fczik E\u011fitimiPiyanonun K\u0131sa Ge\u00e7mi\u015fi\u00c7ocuklar\u0131m\u0131z, \u00c7ocuk \u015eark\u0131lar\u0131 S\u00f6yleyerek B\u00fcy\u00fcmeliler<\/p>\n","protected":false},"excerpt":{"rendered":"<p>Bu kitap yazar\u0131n a\u011f\u0131rl\u0131kl\u0131 olarak, gen\u00e7lik y\u0131llar\u0131nda yazd\u0131\u011f\u0131 makalelerden olu\u015fmaktad\u0131r. &#8220;Piyano \u00e7al\u0131\u015f\u0131rken&#8221; ba\u015fl\u0131kl\u0131 b\u00f6l\u00fcmdeki \u00e7al\u0131\u015fma \u00f6nerileri, elli y\u0131ld\u0131r piyano ba\u015f\u0131nda olan bir emektar\u0131n, otuz be\u015f y\u0131l\u0131n\u0131<span class=\"excerpt-hellip\"> [\u2026]<\/span><\/p>\n","protected":false},"featured_media":0,"template":"","meta":{"_monsterinsights_skip_tracking":false,"_monsterinsights_sitenote_active":false,"_monsterinsights_sitenote_note":"","_monsterinsights_sitenote_category":0},"product_brand":[],"product_cat":[14591,14556],"product_tag":[],"class_list":{"0":"post-715313","1":"product","2":"type-product","3":"status-publish","5":"product_cat-genel-kavramlar-kuram-ve-tarihce","6":"product_cat-muzik","7":"pa_cilt-ciltsiz","8":"pa_tur-kitap","9":"pa_yayinevi-muzik-egitimi-yayinlari","10":"pa_yazar-seyyal-sarac-muzaffer-sarac","12":"first","13":"instock","14":"sale","15":"shipping-taxable","16":"purchasable","17":"product-type-simple"},"_links":{"self":[{"href":"https:\/\/roveyayinevi.com.tr\/index.php\/wp-json\/wp\/v2\/product\/715313","targetHints":{"allow":["GET"]}}],"collection":[{"href":"https:\/\/roveyayinevi.com.tr\/index.php\/wp-json\/wp\/v2\/product"}],"about":[{"href":"https:\/\/roveyayinevi.com.tr\/index.php\/wp-json\/wp\/v2\/types\/product"}],"wp:attachment":[{"href":"https:\/\/roveyayinevi.com.tr\/index.php\/wp-json\/wp\/v2\/media?parent=715313"}],"wp:term":[{"taxonomy":"product_brand","embeddable":true,"href":"https:\/\/roveyayinevi.com.tr\/index.php\/wp-json\/wp\/v2\/product_brand?post=715313"},{"taxonomy":"product_cat","embeddable":true,"href":"https:\/\/roveyayinevi.com.tr\/index.php\/wp-json\/wp\/v2\/product_cat?post=715313"},{"taxonomy":"product_tag","embeddable":true,"href":"https:\/\/roveyayinevi.com.tr\/index.php\/wp-json\/wp\/v2\/product_tag?post=715313"}],"curies":[{"name":"wp","href":"https:\/\/api.w.org\/{rel}","templated":true}]}}