{"id":715312,"date":"2025-08-27T17:29:09","date_gmt":"2025-08-27T14:29:09","guid":{"rendered":"https:\/\/roveyayinevi.com.tr\/index.php\/urun\/ruh-ikizleri-buyuk-ortadogu-projesi-bop-buyuk-israil-projesi-bip-ve-turkiye\/"},"modified":"2026-04-16T02:23:25","modified_gmt":"2026-04-15T23:23:25","slug":"ruh-ikizleri-buyuk-ortadogu-projesi-bop-buyuk-israil-projesi-bip-ve-turkiye","status":"publish","type":"product","link":"https:\/\/roveyayinevi.com.tr\/index.php\/urun\/ruh-ikizleri-buyuk-ortadogu-projesi-bop-buyuk-israil-projesi-bip-ve-turkiye\/","title":{"rendered":"Ruh \u0130kizleri &#8211; B\u00fcy\u00fck Ortado\u011fu Projesi (BOP), B\u00fcy\u00fck \u0130srail Projesi (B\u0130P) ve T\u00fcrkiye"},"content":{"rendered":"<p>Bu kitab\u0131n ana konusu, birbirlerinin ruh ikizi olan B\u00fcy\u00fck Ortado\u011fu Projesi (BOP) ve B\u00fcy\u00fck \u0130srail Projesi\u2019dir (B\u0130P). Her iki proje de T\u00fcrkiye&#8217;nin bekas\u0131, g\u00fcvenli\u011fi, birlik ve b\u00fct\u00fcnl\u00fc\u011f\u00fc ile do\u011frudan ili\u015fkilidir. 22.07.2015 tarihinde, sosyal medya \u00fczerinden bir mesaj atm\u0131\u015f ve \u015f\u00f6yle demi\u015ftim: \u201cYurdumun insanlar\u0131 BOP\u2019u \u00f6\u011frenmedik\u00e7e bug\u00fcn \u00fclkemizde ve b\u00f6lgemizde ya\u015fananlar\u0131 anlamayacakt\u0131r.\u201d Bu mesaj\u0131m\u0131n \u00fczerinden \u00fc\u00e7 y\u0131l ge\u00e7ti. Ger\u00e7ekten de bu zaman diliminde \u00fclkemizde ve b\u00f6lgemizde BOP ve B\u0130P kapsam\u0131nda neler oldu neler&#8230; G\u00f6r\u00fcnen o ki, bu ana kadar ya\u015fananlar, gelecekte ya\u015fananlara rahmet okutacak. Biz de bundan pay\u0131m\u0131za d\u00fc\u015feni alaca\u011f\u0131z. \u00c7\u00fcnk\u00fc T\u00fcrkiye, bu projelerin hedefindeki \u00fclkelerin en \u00f6nemlilerinden biri. T\u00fcrkiye adeta BOP ve B\u0130P\u2019in kilidi. Proje sahipleri bu kilidi a\u00e7mak i\u00e7in her yolu deniyorlar ve denemeye de devam edecekler. Ben de \u00fclkemin insanlar\u0131n\u0131n bu projelerle ilgili bilgilendirilmesi noktas\u0131nda sorumlulu\u011fum oldu\u011funu d\u00fc\u015f\u00fcnerek bu kitab\u0131 yazmaya karar verdim. Ne kadar faydal\u0131 olabildi\u011fim konusunda takdir say\u0131n okurlar\u0131m\u0131nd\u0131r. Kitapta BOP ve B\u0130P kapsam\u0131nda Ortado\u011fu co\u011frafyas\u0131, sosyal, k\u00fclt\u00fcrel, ekonomik yap\u0131s\u0131, hedef \u00fclkelerin durumlar\u0131 hakk\u0131nda bilgi verdikten sonra, bu iki proje ile ilgili \u00fclkemizde ve b\u00f6lgemizde bug\u00fcne kadar ya\u015fananlar\u0131 ve \u00f6n\u00fcm\u00fczdeki s\u00fcre\u00e7te ya\u015fanmas\u0131 olas\u0131 geli\u015fmeleri de de\u011ferlendirmeye; T\u00fcrkiye\u2019nin yapmas\u0131 gerekenleri, almas\u0131 gereken tedbirleri de ortaya koymaya; \u00fclkemizi y\u00f6netme sorumlulu\u011fu ta\u015f\u0131yanlara da olu\u015fturulacak strateji ve politikalar konusunda katk\u0131 sunmaya \u00e7al\u0131\u015ft\u0131m. Milletimin bu iki proje kapsam\u0131nda ba\u015f\u0131m\u0131za \u00f6r\u00fclen ve \u00f6r\u00fclmeye haz\u0131rlanan \u00e7oraplar\u0131 kavramas\u0131na faydas\u0131 olmas\u0131 dile\u011fiyle. <\/p>\n","protected":false},"excerpt":{"rendered":"<p>Bu kitab\u0131n ana konusu, birbirlerinin ruh ikizi olan B\u00fcy\u00fck Ortado\u011fu Projesi (BOP) ve B\u00fcy\u00fck \u0130srail Projesi\u2019dir (B\u0130P). Her iki proje de T\u00fcrkiye&#8217;nin bekas\u0131, g\u00fcvenli\u011fi, birlik ve<span class=\"excerpt-hellip\"> [\u2026]<\/span><\/p>\n","protected":false},"featured_media":0,"template":"","meta":{"_monsterinsights_skip_tracking":false,"_monsterinsights_sitenote_active":false,"_monsterinsights_sitenote_note":"","_monsterinsights_sitenote_category":0},"product_brand":[],"product_cat":[13590,12337],"product_tag":[],"class_list":{"0":"post-715312","1":"product","2":"type-product","3":"status-publish","5":"product_cat-arastirma-inceleme-politika-siyaset","6":"product_cat-politika-siyaset","7":"pa_cilt-ciltsiz","8":"pa_tur-kitap","9":"pa_yayinevi-bilgi-yayinevi","10":"pa_yazar-engin-alan","12":"first","13":"instock","14":"sale","15":"shipping-taxable","16":"purchasable","17":"product-type-simple"},"_links":{"self":[{"href":"https:\/\/roveyayinevi.com.tr\/index.php\/wp-json\/wp\/v2\/product\/715312","targetHints":{"allow":["GET"]}}],"collection":[{"href":"https:\/\/roveyayinevi.com.tr\/index.php\/wp-json\/wp\/v2\/product"}],"about":[{"href":"https:\/\/roveyayinevi.com.tr\/index.php\/wp-json\/wp\/v2\/types\/product"}],"wp:attachment":[{"href":"https:\/\/roveyayinevi.com.tr\/index.php\/wp-json\/wp\/v2\/media?parent=715312"}],"wp:term":[{"taxonomy":"product_brand","embeddable":true,"href":"https:\/\/roveyayinevi.com.tr\/index.php\/wp-json\/wp\/v2\/product_brand?post=715312"},{"taxonomy":"product_cat","embeddable":true,"href":"https:\/\/roveyayinevi.com.tr\/index.php\/wp-json\/wp\/v2\/product_cat?post=715312"},{"taxonomy":"product_tag","embeddable":true,"href":"https:\/\/roveyayinevi.com.tr\/index.php\/wp-json\/wp\/v2\/product_tag?post=715312"}],"curies":[{"name":"wp","href":"https:\/\/api.w.org\/{rel}","templated":true}]}}