{"id":715311,"date":"2025-08-27T17:29:08","date_gmt":"2025-08-27T14:29:08","guid":{"rendered":"https:\/\/roveyayinevi.com.tr\/index.php\/urun\/devriknehirden-urkutucu-hikayeler\/"},"modified":"2026-04-16T02:23:25","modified_gmt":"2026-04-15T23:23:25","slug":"devriknehirden-urkutucu-hikayeler","status":"publish","type":"product","link":"https:\/\/roveyayinevi.com.tr\/index.php\/urun\/devriknehirden-urkutucu-hikayeler\/","title":{"rendered":"Devriknehir\u2019den \u00dcrk\u00fct\u00fcc\u00fc Hikayeler"},"content":{"rendered":"<p>\u201cDevriknehir\u2019emasumbiryetimolarakgeldimvezek\u00e2mlahayattakald\u0131m.Benitakipedin, g\u00f6lgelerdekal\u0131nveses\u00e7\u0131karmay\u0131n. \u0130kimiz de ka\u00e7\u0131pkurtulabiliriz.\u201d Ya\u011fmuruneksikolmad\u0131\u011f\u0131Devriknehird\u00fcnyas\u0131, \u00fcrk\u00fct\u00fcc\u00fckarakterlereveolaylaraevsahipli\u011fiyap\u0131yor. Burayayenigelen Daniel Dorey de bunu\u00e7abucakke\u015ffediyoramadaha ne oldu\u011funuanlayamadan, kasaban\u0131n\u00fcrk\u00fct\u00fcc\u00fchik\u00e2yeanlatmak\u00fclt\u00fcr\u00fcnedo\u011fru\u00e7ekildi\u011finihissediyor. Birs\u00fcresonra da kendinikorkun\u00e7birhik\u00e2yeninortas\u0131ndabuluyor\u2026 <\/p>\n","protected":false},"excerpt":{"rendered":"<p>\u201cDevriknehir\u2019emasumbiryetimolarakgeldimvezek\u00e2mlahayattakald\u0131m.Benitakipedin, g\u00f6lgelerdekal\u0131nveses\u00e7\u0131karmay\u0131n. \u0130kimiz de ka\u00e7\u0131pkurtulabiliriz.\u201d Ya\u011fmuruneksikolmad\u0131\u011f\u0131Devriknehird\u00fcnyas\u0131, \u00fcrk\u00fct\u00fcc\u00fckarakterlereveolaylaraevsahipli\u011fiyap\u0131yor. Burayayenigelen Daniel Dorey de bunu\u00e7abucakke\u015ffediyoramadaha ne oldu\u011funuanlayamadan, kasaban\u0131n\u00fcrk\u00fct\u00fcc\u00fchik\u00e2yeanlatmak\u00fclt\u00fcr\u00fcnedo\u011fru\u00e7ekildi\u011finihissediyor. Birs\u00fcresonra da kendinikorkun\u00e7birhik\u00e2yeninortas\u0131ndabuluyor\u2026<\/p>\n","protected":false},"featured_media":0,"template":"","meta":{"_monsterinsights_skip_tracking":false,"_monsterinsights_sitenote_active":false,"_monsterinsights_sitenote_note":"","_monsterinsights_sitenote_category":0},"product_brand":[],"product_cat":[12274,12284],"product_tag":[],"class_list":{"0":"post-715311","1":"product","2":"type-product","3":"status-publish","5":"product_cat-cocuk-ve-genclik-kitaplari","6":"product_cat-hikayeler","7":"pa_cilt-ciltsiz","8":"pa_tur-kitap","9":"pa_yayinevi-epsilon-yayinlari","10":"pa_yazar-bruno-vincent","12":"first","13":"instock","14":"sale","15":"shipping-taxable","16":"purchasable","17":"product-type-simple"},"_links":{"self":[{"href":"https:\/\/roveyayinevi.com.tr\/index.php\/wp-json\/wp\/v2\/product\/715311","targetHints":{"allow":["GET"]}}],"collection":[{"href":"https:\/\/roveyayinevi.com.tr\/index.php\/wp-json\/wp\/v2\/product"}],"about":[{"href":"https:\/\/roveyayinevi.com.tr\/index.php\/wp-json\/wp\/v2\/types\/product"}],"wp:attachment":[{"href":"https:\/\/roveyayinevi.com.tr\/index.php\/wp-json\/wp\/v2\/media?parent=715311"}],"wp:term":[{"taxonomy":"product_brand","embeddable":true,"href":"https:\/\/roveyayinevi.com.tr\/index.php\/wp-json\/wp\/v2\/product_brand?post=715311"},{"taxonomy":"product_cat","embeddable":true,"href":"https:\/\/roveyayinevi.com.tr\/index.php\/wp-json\/wp\/v2\/product_cat?post=715311"},{"taxonomy":"product_tag","embeddable":true,"href":"https:\/\/roveyayinevi.com.tr\/index.php\/wp-json\/wp\/v2\/product_tag?post=715311"}],"curies":[{"name":"wp","href":"https:\/\/api.w.org\/{rel}","templated":true}]}}