{"id":715308,"date":"2025-08-27T17:29:06","date_gmt":"2025-08-27T14:29:06","guid":{"rendered":"https:\/\/roveyayinevi.com.tr\/index.php\/urun\/enkaz\/"},"modified":"2026-04-16T02:23:25","modified_gmt":"2026-04-15T23:23:25","slug":"enkaz","status":"publish","type":"product","link":"https:\/\/roveyayinevi.com.tr\/index.php\/urun\/enkaz\/","title":{"rendered":"Enkaz"},"content":{"rendered":"<p>\u201cENKAZ\u201d roman\u0131n\u0131n senaryosu; \u0130stanbul K\u0131sa Filmciler Derne\u011fi (\u0130KFD),  Y\u0131l\u0131n En \u0130yi Senaryo \u00d6d\u00fcl\u00fc&#8217;ne de\u011fer bulunmu\u015ftur. (2018) \u201cENKAZ\u201d  i\u00e7in neler dediler: \u00d6ZDEN \u00d6RNEK (Emekli Oramiral, Deniz Kuvvetleri Komutan\u0131): \u00d6ncelikle elinize sa\u011fl\u0131k. Hele b\u00f6yle kritik bir konuda senaryo yazmak bence cesaret  ister. O g\u00fcnleri ya\u015fam\u0131\u015f biri olarak, romanda ger\u00e7ek ya\u015famlar ustal\u0131kla kullan\u0131lm\u0131\u015f. MEHMET SOYARSLAN (Yap\u0131mc\u0131): Olduk\u00e7a s\u0131ra d\u0131\u015f\u0131 bir \u00f6yk\u00fcs\u00fc var. Film senaryosundan romana d\u00f6n\u00fc\u015ft\u00fcr\u00fclen yap\u0131tlar\u0131n d\u00fcnyada \u00f6rne\u011fine \u00e7ok az rastlan\u0131r. ENG\u0130N \u00c7A\u011eLAR (Oyuncu):  \u0130yi bir aksiyon\/dram filmi olabilirdi. \u015eimdi de iyi bir aksiyon\/dram roman\u0131 olmu\u015f. NUR DOLAY (Gazeteci, Yazar):Yaln\u0131zca jeolojik bir olay\u0131 de\u011fil, sosyal depremi de simgeliyor. \u00c7ok iyi olur filme \u00e7evrilse\u2026 CEM G\u00dcRDEN\u0130Z (Emekli Amiral): Enkaz. Bir sonu\u00e7 mu yoksa bir ba\u015flang\u0131\u00e7 m\u0131d\u0131r? \u015e\u00fcphesiz \u00e7o\u011funluk i\u00e7in ac\u0131kl\u0131 bir sondur. Ama kimine g\u00f6re de bir ba\u015flang\u0131\u00e7t\u0131r. Elinizin alt\u0131ndaki bu roman son sayfas\u0131 tamamland\u0131\u011f\u0131nda okuyucuya her iki duyguyu da ya\u015fat\u0131yor. OKTAY G\u00dcZELO\u011eLU (Yazar): Sevgi, adalet ve vicdan \u00fc\u00e7geninde geli\u015fen olaylar, okuyucuyu i\u00e7ine \u00e7ekmeyi ba\u015far\u0131yor. Elinizden b\u0131rakamayacaks\u0131n\u0131z ve mutlaka tavsiye edeceksiniz. SAD\u0130 \u00c7\u0130L\u0130NG\u0130R (Sinema Yazar\u0131): Konuyla ilgili yaz\u0131lan ilk yap\u0131t. \u00dc\u00e7 \u00f6yk\u00fcn\u00fcn birbiriyle ba\u011flant\u0131l\u0131 olmas\u0131 roman\u0131 olduk\u00e7a s\u00fcr\u00fckleyici yapm\u0131\u015f. Sinemam\u0131zda iz b\u0131rakacak bir d\u00f6nem filmi olaca\u011f\u0131 kanaatindeyim. A. \u0130LHAN G\u00dcLEK (Tarih\u00e7i, Yazar): Ak\u0131c\u0131 bir dilin kullan\u0131ld\u0131\u011f\u0131, bir solukta okunabilen roman, ayn\u0131 zamanda tarihsel bir belge niteli\u011finde.     \u0130yi okumalar diliyoruz\u2026 <\/p>\n","protected":false},"excerpt":{"rendered":"<p>\u201cENKAZ\u201d roman\u0131n\u0131n senaryosu; \u0130stanbul K\u0131sa Filmciler Derne\u011fi (\u0130KFD), Y\u0131l\u0131n En \u0130yi Senaryo \u00d6d\u00fcl\u00fc&#8217;ne de\u011fer bulunmu\u015ftur. (2018) \u201cENKAZ\u201d i\u00e7in neler dediler: \u00d6ZDEN \u00d6RNEK (Emekli Oramiral, Deniz Kuvvetleri<span class=\"excerpt-hellip\"> [\u2026]<\/span><\/p>\n","protected":false},"featured_media":0,"template":"","meta":{"_monsterinsights_skip_tracking":false,"_monsterinsights_sitenote_active":false,"_monsterinsights_sitenote_note":"","_monsterinsights_sitenote_category":0},"product_brand":[],"product_cat":[12291,12711],"product_tag":[],"class_list":{"0":"post-715308","1":"product","2":"type-product","3":"status-publish","5":"product_cat-edebiyat","6":"product_cat-roman-oyku","7":"pa_cilt-ciltsiz","8":"pa_tur-kitap","9":"pa_yayinevi-galeati-yayincilik","10":"pa_yazar-vural-cavusoglu","12":"first","13":"instock","14":"sale","15":"shipping-taxable","16":"purchasable","17":"product-type-simple"},"_links":{"self":[{"href":"https:\/\/roveyayinevi.com.tr\/index.php\/wp-json\/wp\/v2\/product\/715308","targetHints":{"allow":["GET"]}}],"collection":[{"href":"https:\/\/roveyayinevi.com.tr\/index.php\/wp-json\/wp\/v2\/product"}],"about":[{"href":"https:\/\/roveyayinevi.com.tr\/index.php\/wp-json\/wp\/v2\/types\/product"}],"wp:attachment":[{"href":"https:\/\/roveyayinevi.com.tr\/index.php\/wp-json\/wp\/v2\/media?parent=715308"}],"wp:term":[{"taxonomy":"product_brand","embeddable":true,"href":"https:\/\/roveyayinevi.com.tr\/index.php\/wp-json\/wp\/v2\/product_brand?post=715308"},{"taxonomy":"product_cat","embeddable":true,"href":"https:\/\/roveyayinevi.com.tr\/index.php\/wp-json\/wp\/v2\/product_cat?post=715308"},{"taxonomy":"product_tag","embeddable":true,"href":"https:\/\/roveyayinevi.com.tr\/index.php\/wp-json\/wp\/v2\/product_tag?post=715308"}],"curies":[{"name":"wp","href":"https:\/\/api.w.org\/{rel}","templated":true}]}}