{"id":715305,"date":"2025-08-27T17:29:04","date_gmt":"2025-08-27T14:29:04","guid":{"rendered":"https:\/\/roveyayinevi.com.tr\/index.php\/urun\/turkiye-turkcesi-2-bicimbilgisi\/"},"modified":"2026-04-16T02:23:25","modified_gmt":"2026-04-15T23:23:25","slug":"turkiye-turkcesi-2-bicimbilgisi","status":"publish","type":"product","link":"https:\/\/roveyayinevi.com.tr\/index.php\/urun\/turkiye-turkcesi-2-bicimbilgisi\/","title":{"rendered":"T\u00fcrkiye T\u00fcrk\u00e7esi 2 Bi\u00e7imbilgisi"},"content":{"rendered":"<p>T\u00fcrkiye T\u00fcrk\u00e7esi II Bi\u00e7imbilgisi T\u00fcrkiye T\u00fcrk\u00e7esinin bi\u00e7imbilgisi \u00fczerine yaz\u0131lm\u0131\u015f onlarca eser varken ni\u00e7in b\u00f6yle bir \u00e7al\u0131\u015fma yap\u0131ld\u0131\u011f\u0131 akla gelebilecek bir sorudur. Akademik \u00e7al\u0131\u015fmalar i\u00e7in san\u0131r\u0131m art\u0131k \u015fu ger\u00e7e\u011fi kabul ediyoruz. Ayn\u0131 sahada \u00e7al\u0131\u015fan bilim adamlar\u0131 \u00e7ok farkl\u0131 paradigmalara sahip olabiliyorken okuyucular yani bir konuda bilgilenmek isteyenler de giderek \u00e7e\u015fitlenmektedir. Bu nedenle bir konuda birbirinden az \u00e7ok farkl\u0131 eserlerin yaz\u0131lmas\u0131 asl\u0131na bir gerekliliktir.  B\u00f6yle bir eserin yaz\u0131lmas\u0131n\u0131n temel amac\u0131, birden \u00e7ok yazar\u0131n bir araya gelerek farkl\u0131 paradigmalar\u0131 birle\u015ftirip alana yeni bir soluk getirmektedir. Bunu yaparken yazarlar asla iddial\u0131 de\u011fildirler, yaln\u0131zca alana m\u00fctevaz\u0131 bir katk\u0131 sunmay\u0131 ama\u00e7lamaktad\u0131rlar. Bu noktada belli say\u0131da okuyucuya ula\u015f\u0131p onlar\u0131n isteklerine cevap verebilirlerse g\u00f6revlerini yapm\u0131\u015f sayacaklard\u0131r.  B\u00f6l\u00fcm yazarlar\u0131n\u0131n kulland\u0131klar\u0131 terim, tan\u0131m ve tasniflere; bundan ba\u015fka konuyu i\u015fleyi\u015f bi\u00e7imleri ve de\u011ferlendirmelerine genel olarak m\u00fcdahale edilmemi\u015ftir. Elden geldi\u011fince kitap b\u00fct\u00fcnl\u00fc\u011f\u00fcn\u00fc sa\u011flamak i\u00e7in k\u00fc\u00e7\u00fck d\u00fczeltmeler yap\u0131lm\u0131\u015ft\u0131r. Bununla birlikte yazarlar\u0131n bir\u00e7ok y\u00f6nden ortak bir paradigmaya sahip olduklar\u0131n\u0131 belirtmekte yarar var. \u00c7al\u0131\u015fmam\u0131z \u00e7oklu kat\u0131l\u0131mla ger\u00e7ekle\u015ftirildi\u011fi i\u00e7in kitap b\u00fct\u00fcnl\u00fc\u011f\u00fcn\u00fc bozacak kimi tekrarlar ve hatta kimi \u00e7eli\u015fkilerin olmas\u0131 ihtimal d\u00e2hilindedir. Bunlar\u0131n bir k\u0131sm\u0131 zorunluluktan kaynaklansa da bir k\u0131sm\u0131 d\u00fczeltilmeye muhta\u00e7t\u0131r. Bu konuda de\u011ferli okuyucular\u0131n katk\u0131lar\u0131n\u0131 beklemekteyiz. Kitab\u0131n i\u00e7eri\u011fi haz\u0131rlan\u0131rken, daha \u00e7ok lisans \u00f6\u011frencilerinin yarar\u0131 g\u00f6zetilerek, b\u00f6l\u00fcm i\u00e7i veya sonlar\u0131na teorik bilgiyi g\u00f6r\u00fcn\u00fcr h\u00e2le getiren tablolar eklenmi\u015ftir. Bundan ba\u015fka konunun daha iyi anla\u015f\u0131labilmesi i\u00e7in her b\u00f6l\u00fcm sonuna yirmi\u015fer adet \u00e7oktan se\u00e7meli de\u011ferlendirme sorusu yerle\u015ftirilmi\u015f ve a\u00e7\u0131klamal\u0131 cevap anahtar\u0131 ilave edilmi\u015ftir.(\u00f6ns\u00f6zden) <\/p>\n","protected":false},"excerpt":{"rendered":"<p>T\u00fcrkiye T\u00fcrk\u00e7esi II Bi\u00e7imbilgisi T\u00fcrkiye T\u00fcrk\u00e7esinin bi\u00e7imbilgisi \u00fczerine yaz\u0131lm\u0131\u015f onlarca eser varken ni\u00e7in b\u00f6yle bir \u00e7al\u0131\u015fma yap\u0131ld\u0131\u011f\u0131 akla gelebilecek bir sorudur. Akademik \u00e7al\u0131\u015fmalar i\u00e7in san\u0131r\u0131m art\u0131k<span class=\"excerpt-hellip\"> [\u2026]<\/span><\/p>\n","protected":false},"featured_media":0,"template":"","meta":{"_monsterinsights_skip_tracking":false,"_monsterinsights_sitenote_active":false,"_monsterinsights_sitenote_note":"","_monsterinsights_sitenote_category":0},"product_brand":[],"product_cat":[13072,12291],"product_tag":[],"class_list":{"0":"post-715305","1":"product","2":"type-product","3":"status-publish","5":"product_cat-arastirma-inceleme-referans","6":"product_cat-edebiyat","7":"pa_cilt-ciltsiz","8":"pa_tur-kitap","9":"pa_yayinevi-gazi-kitabevi","10":"pa_yazar-kolektif","12":"first","13":"instock","14":"sale","15":"shipping-taxable","16":"purchasable","17":"product-type-simple"},"_links":{"self":[{"href":"https:\/\/roveyayinevi.com.tr\/index.php\/wp-json\/wp\/v2\/product\/715305","targetHints":{"allow":["GET"]}}],"collection":[{"href":"https:\/\/roveyayinevi.com.tr\/index.php\/wp-json\/wp\/v2\/product"}],"about":[{"href":"https:\/\/roveyayinevi.com.tr\/index.php\/wp-json\/wp\/v2\/types\/product"}],"wp:attachment":[{"href":"https:\/\/roveyayinevi.com.tr\/index.php\/wp-json\/wp\/v2\/media?parent=715305"}],"wp:term":[{"taxonomy":"product_brand","embeddable":true,"href":"https:\/\/roveyayinevi.com.tr\/index.php\/wp-json\/wp\/v2\/product_brand?post=715305"},{"taxonomy":"product_cat","embeddable":true,"href":"https:\/\/roveyayinevi.com.tr\/index.php\/wp-json\/wp\/v2\/product_cat?post=715305"},{"taxonomy":"product_tag","embeddable":true,"href":"https:\/\/roveyayinevi.com.tr\/index.php\/wp-json\/wp\/v2\/product_tag?post=715305"}],"curies":[{"name":"wp","href":"https:\/\/api.w.org\/{rel}","templated":true}]}}