{"id":715302,"date":"2025-08-27T17:29:02","date_gmt":"2025-08-27T14:29:02","guid":{"rendered":"https:\/\/roveyayinevi.com.tr\/index.php\/urun\/kuyu-ve-sarkac-secme-oykuler-1\/"},"modified":"2026-04-16T02:23:25","modified_gmt":"2026-04-15T23:23:25","slug":"kuyu-ve-sarkac-secme-oykuler-1","status":"publish","type":"product","link":"https:\/\/roveyayinevi.com.tr\/index.php\/urun\/kuyu-ve-sarkac-secme-oykuler-1\/","title":{"rendered":"Kuyu ve Sarka\u00e7 &#8211; Se\u00e7me \u00d6yk\u00fcler 1"},"content":{"rendered":"<p>Kurgu \u00f6yk\u00fclerin usta ismi olan Edgar Allan Poe, \u00fcretti\u011fi eserlerle edebiyat tarihine \u015f\u00fcphesiz damga vurmu\u015f bir isim. Gotik edebiyat\u0131n usta kalemi olarak an\u0131l\u0131yor olsa da onu tek bir t\u00fcrle ba\u011fda\u015ft\u0131rmak olanaks\u0131z. Poe\u2019nun korku \u00f6yk\u00fclerini daha \u00f6nce benzerine rastlanmam\u0131\u015f \u015fekilde kaleme alm\u0131\u015f olu\u015fu ne denli \u00f6nemliyse yazd\u0131klar\u0131yla polisiye, bilimkurgu ve fantastik gibi t\u00fcrlere ilham kayna\u011f\u0131 olu\u015fu da en az onun kadar \u00f6nemlidir. Yazd\u0131\u011f\u0131 kurgu \u00f6yk\u00fcleri, yazan\u0131n ad\u0131na bakmaks\u0131z\u0131n Poe\u2019nun yazd\u0131\u011f\u0131n\u0131 anlayabilece\u011finiz bir dizi \u00f6yk\u00fcy\u00fc okuyabilece\u011finiz Kuyu ve Sarka\u00e7, yazar\u0131n gizemli d\u00fcnyas\u0131n\u0131n i\u00e7inde bir yolculu\u011fa \u00e7\u0131k\u0131yorsunuz.<\/p>\n","protected":false},"excerpt":{"rendered":"<p>Kurgu \u00f6yk\u00fclerin usta ismi olan Edgar Allan Poe, \u00fcretti\u011fi eserlerle edebiyat tarihine \u015f\u00fcphesiz damga vurmu\u015f bir isim. Gotik edebiyat\u0131n usta kalemi olarak an\u0131l\u0131yor olsa da onu<span class=\"excerpt-hellip\"> [\u2026]<\/span><\/p>\n","protected":false},"featured_media":0,"template":"","meta":{"_monsterinsights_skip_tracking":false,"_monsterinsights_sitenote_active":false,"_monsterinsights_sitenote_note":"","_monsterinsights_sitenote_category":0},"product_brand":[],"product_cat":[12291,12711],"product_tag":[],"class_list":{"0":"post-715302","1":"product","2":"type-product","3":"status-publish","5":"product_cat-edebiyat","6":"product_cat-roman-oyku","7":"pa_cilt-ciltsiz","8":"pa_tur-kitap","9":"pa_yayinevi-ketebe-yayinlari","10":"pa_yazar-edgar-allan-poe","12":"first","13":"instock","14":"sale","15":"shipping-taxable","16":"purchasable","17":"product-type-simple"},"_links":{"self":[{"href":"https:\/\/roveyayinevi.com.tr\/index.php\/wp-json\/wp\/v2\/product\/715302","targetHints":{"allow":["GET"]}}],"collection":[{"href":"https:\/\/roveyayinevi.com.tr\/index.php\/wp-json\/wp\/v2\/product"}],"about":[{"href":"https:\/\/roveyayinevi.com.tr\/index.php\/wp-json\/wp\/v2\/types\/product"}],"wp:attachment":[{"href":"https:\/\/roveyayinevi.com.tr\/index.php\/wp-json\/wp\/v2\/media?parent=715302"}],"wp:term":[{"taxonomy":"product_brand","embeddable":true,"href":"https:\/\/roveyayinevi.com.tr\/index.php\/wp-json\/wp\/v2\/product_brand?post=715302"},{"taxonomy":"product_cat","embeddable":true,"href":"https:\/\/roveyayinevi.com.tr\/index.php\/wp-json\/wp\/v2\/product_cat?post=715302"},{"taxonomy":"product_tag","embeddable":true,"href":"https:\/\/roveyayinevi.com.tr\/index.php\/wp-json\/wp\/v2\/product_tag?post=715302"}],"curies":[{"name":"wp","href":"https:\/\/api.w.org\/{rel}","templated":true}]}}