{"id":715301,"date":"2025-08-27T17:29:01","date_gmt":"2025-08-27T14:29:01","guid":{"rendered":"https:\/\/roveyayinevi.com.tr\/index.php\/urun\/kopeklerin-kalbi\/"},"modified":"2026-04-16T02:23:25","modified_gmt":"2026-04-15T23:23:25","slug":"kopeklerin-kalbi","status":"publish","type":"product","link":"https:\/\/roveyayinevi.com.tr\/index.php\/urun\/kopeklerin-kalbi\/","title":{"rendered":"K\u00f6peklerin Kalbi"},"content":{"rendered":"<p>Ellerimize sinmi\u015f arduaz a\u011fa\u00e7lar\u0131 grav\u00fcrler m\u00fczelik \u00f6l\u00fcmler \u00d6l\u00fcmler gizlice utand\u0131\u011f\u0131m\u0131z gizlice unuttu\u011fumuz Durmadan yanan gece lambas\u0131n\u0131n verdi\u011fi huzura benzeyen yaln\u0131zl\u0131\u011f\u0131m\u0131z Yoku\u015fta unutulan r\u00fczg\u00e2rlarla geyik resimleriyle Gittik\u00e7e b\u00fcy\u00fcyen \u00e7\u00f6llerin tanr\u0131s\u0131na m\u0131 adan\u0131yorduk Durdum eskiyen bir an\u0131n\u0131n i\u00e7inde trenlerle Yazarken eskiyen bir \u015fiir yazd\u0131m\u201d <\/p>\n","protected":false},"excerpt":{"rendered":"<p>Ellerimize sinmi\u015f arduaz a\u011fa\u00e7lar\u0131 grav\u00fcrler m\u00fczelik \u00f6l\u00fcmler \u00d6l\u00fcmler gizlice utand\u0131\u011f\u0131m\u0131z gizlice unuttu\u011fumuz Durmadan yanan gece lambas\u0131n\u0131n verdi\u011fi huzura benzeyen yaln\u0131zl\u0131\u011f\u0131m\u0131z Yoku\u015fta unutulan r\u00fczg\u00e2rlarla geyik resimleriyle Gittik\u00e7e<span class=\"excerpt-hellip\"> [\u2026]<\/span><\/p>\n","protected":false},"featured_media":0,"template":"","meta":{"_monsterinsights_skip_tracking":false,"_monsterinsights_sitenote_active":false,"_monsterinsights_sitenote_note":"","_monsterinsights_sitenote_category":0},"product_brand":[],"product_cat":[12291,12509],"product_tag":[],"class_list":{"0":"post-715301","1":"product","2":"type-product","3":"status-publish","5":"product_cat-edebiyat","6":"product_cat-siir","7":"pa_cilt-ciltsiz","8":"pa_tur-kitap","9":"pa_yayinevi-ketebe-yayinlari","10":"pa_yazar-suleyman-unutulmaz","12":"first","13":"instock","14":"sale","15":"shipping-taxable","16":"purchasable","17":"product-type-simple"},"_links":{"self":[{"href":"https:\/\/roveyayinevi.com.tr\/index.php\/wp-json\/wp\/v2\/product\/715301","targetHints":{"allow":["GET"]}}],"collection":[{"href":"https:\/\/roveyayinevi.com.tr\/index.php\/wp-json\/wp\/v2\/product"}],"about":[{"href":"https:\/\/roveyayinevi.com.tr\/index.php\/wp-json\/wp\/v2\/types\/product"}],"wp:attachment":[{"href":"https:\/\/roveyayinevi.com.tr\/index.php\/wp-json\/wp\/v2\/media?parent=715301"}],"wp:term":[{"taxonomy":"product_brand","embeddable":true,"href":"https:\/\/roveyayinevi.com.tr\/index.php\/wp-json\/wp\/v2\/product_brand?post=715301"},{"taxonomy":"product_cat","embeddable":true,"href":"https:\/\/roveyayinevi.com.tr\/index.php\/wp-json\/wp\/v2\/product_cat?post=715301"},{"taxonomy":"product_tag","embeddable":true,"href":"https:\/\/roveyayinevi.com.tr\/index.php\/wp-json\/wp\/v2\/product_tag?post=715301"}],"curies":[{"name":"wp","href":"https:\/\/api.w.org\/{rel}","templated":true}]}}