{"id":715299,"date":"2025-08-27T17:28:59","date_gmt":"2025-08-27T14:28:59","guid":{"rendered":"https:\/\/roveyayinevi.com.tr\/index.php\/urun\/hedef-patton-2-dunya-savasinda-gizli-ajanlarin-nefes-kesen-komplosu\/"},"modified":"2026-04-16T02:23:25","modified_gmt":"2026-04-15T23:23:25","slug":"hedef-patton-2-dunya-savasinda-gizli-ajanlarin-nefes-kesen-komplosu","status":"publish","type":"product","link":"https:\/\/roveyayinevi.com.tr\/index.php\/urun\/hedef-patton-2-dunya-savasinda-gizli-ajanlarin-nefes-kesen-komplosu\/","title":{"rendered":"Hedef: Patton &#8211; 2. D\u00fcnya Sava\u015f\u0131\u2019nda Gizli Ajanlar\u0131n Nefes Kesen Komplosu"},"content":{"rendered":"<p>Kitap, efsane general Patton\u2019a suikast komplosunun ad\u0131m ad\u0131m izini s\u00fcrerken ayn\u0131 zamanda CIA ve KGB\u2019nin atas\u0131 olan istihbarat \u00f6rg\u00fctlerinin Avrupa\u2019y\u0131 nas\u0131l ar\u0131 kovan\u0131na \u00e7evirdiklerini ayr\u0131nt\u0131lar\u0131yla veriliyor. Suikastlar, komplolar, katliamlar, dinlemeler ve politik oyunlar\u0131n deh\u015fete d\u00fc\u015f\u00fcren d\u00fcnyas\u0131 bizzat gizli ajanlar\u0131n a\u011fz\u0131ndan anlat\u0131l\u0131yor. \u00d6yle ki, Sovyetlerin ajanlar\u0131 aras\u0131nda bakanlar, \u00fcst d\u00fczey yetkililer ve hatta neredeyse Ba\u015fkan olacak bir isim bulunuyordu.<\/p>\n","protected":false},"excerpt":{"rendered":"<p>Kitap, efsane general Patton\u2019a suikast komplosunun ad\u0131m ad\u0131m izini s\u00fcrerken ayn\u0131 zamanda CIA ve KGB\u2019nin atas\u0131 olan istihbarat \u00f6rg\u00fctlerinin Avrupa\u2019y\u0131 nas\u0131l ar\u0131 kovan\u0131na \u00e7evirdiklerini ayr\u0131nt\u0131lar\u0131yla veriliyor.<span class=\"excerpt-hellip\"> [\u2026]<\/span><\/p>\n","protected":false},"featured_media":0,"template":"","meta":{"_monsterinsights_skip_tracking":false,"_monsterinsights_sitenote_active":false,"_monsterinsights_sitenote_note":"","_monsterinsights_sitenote_category":0},"product_brand":[],"product_cat":[12370,12304],"product_tag":[],"class_list":{"0":"post-715299","1":"product","2":"type-product","3":"status-publish","5":"product_cat-arastirma-inceleme","6":"product_cat-tarih","7":"pa_cilt-ciltsiz","8":"pa_tur-kitap","9":"pa_yayinevi-ketebe-yayinlari","10":"pa_yazar-robert-k-wilcox","12":"first","13":"instock","14":"sale","15":"shipping-taxable","16":"purchasable","17":"product-type-simple"},"_links":{"self":[{"href":"https:\/\/roveyayinevi.com.tr\/index.php\/wp-json\/wp\/v2\/product\/715299","targetHints":{"allow":["GET"]}}],"collection":[{"href":"https:\/\/roveyayinevi.com.tr\/index.php\/wp-json\/wp\/v2\/product"}],"about":[{"href":"https:\/\/roveyayinevi.com.tr\/index.php\/wp-json\/wp\/v2\/types\/product"}],"wp:attachment":[{"href":"https:\/\/roveyayinevi.com.tr\/index.php\/wp-json\/wp\/v2\/media?parent=715299"}],"wp:term":[{"taxonomy":"product_brand","embeddable":true,"href":"https:\/\/roveyayinevi.com.tr\/index.php\/wp-json\/wp\/v2\/product_brand?post=715299"},{"taxonomy":"product_cat","embeddable":true,"href":"https:\/\/roveyayinevi.com.tr\/index.php\/wp-json\/wp\/v2\/product_cat?post=715299"},{"taxonomy":"product_tag","embeddable":true,"href":"https:\/\/roveyayinevi.com.tr\/index.php\/wp-json\/wp\/v2\/product_tag?post=715299"}],"curies":[{"name":"wp","href":"https:\/\/api.w.org\/{rel}","templated":true}]}}