{"id":715294,"date":"2025-08-27T17:28:56","date_gmt":"2025-08-27T14:28:56","guid":{"rendered":"https:\/\/roveyayinevi.com.tr\/index.php\/urun\/bosnada-dervisler-ve-islam\/"},"modified":"2026-04-16T02:23:25","modified_gmt":"2026-04-15T23:23:25","slug":"bosnada-dervisler-ve-islam","status":"publish","type":"product","link":"https:\/\/roveyayinevi.com.tr\/index.php\/urun\/bosnada-dervisler-ve-islam\/","title":{"rendered":"Bosna&#8217;da Dervi\u015fler ve \u0130slam"},"content":{"rendered":"<p>Kitapta Bosna\u2019n\u0131n 15.-16. y\u00fczy\u0131llarda tarikatlar\u0131n ve dervi\u015flerin etkisiyle nas\u0131l \u0130slamla\u015ft\u0131\u011f\u0131 anlat\u0131l\u0131yor. F\u00fct\u00fcvvet, Ahi gelene\u011fi ve tarikatlar\u0131n i\u00e7 i\u00e7eli\u011fi toplumun M\u00fcsl\u00fcmanla\u015fmas\u0131na yard\u0131mc\u0131 unsur olarak \u00f6ne s\u00fcr\u00fcl\u00fcyor. Kitap i\u00e7indeki g\u00f6rseller genel olarak Bosna\u2019daki tekke ve t\u00fcrbeler ile alakal\u0131. Halil \u0130nalc\u0131k ve Suraiya Faroqhi taraf\u0131ndan edit\u00f6rl\u00fc\u011f\u00fc yap\u0131lan Osmanl\u0131 \u0130mparatorlu\u011fu ve Miras\u0131: Siyaset, Toplum ve \u0130ktisat dizisinden \u00e7\u0131kan bu kitap, tasavvuf gelene\u011finin ve tarikatlar\u0131n Bosna\u2019da bir M\u00fcsl\u00fcman toplumunun olu\u015fmas\u0131na nas\u0131l etki etti\u011fini g\u00f6rmek isteyen ara\u015ft\u0131rmac\u0131lar\u0131n ve konuya ilgi duyan herkesin ba\u015fvuru kitab\u0131 niteli\u011finde.<\/p>\n","protected":false},"excerpt":{"rendered":"<p>Kitapta Bosna\u2019n\u0131n 15.-16. y\u00fczy\u0131llarda tarikatlar\u0131n ve dervi\u015flerin etkisiyle nas\u0131l \u0130slamla\u015ft\u0131\u011f\u0131 anlat\u0131l\u0131yor. F\u00fct\u00fcvvet, Ahi gelene\u011fi ve tarikatlar\u0131n i\u00e7 i\u00e7eli\u011fi toplumun M\u00fcsl\u00fcmanla\u015fmas\u0131na yard\u0131mc\u0131 unsur olarak \u00f6ne s\u00fcr\u00fcl\u00fcyor. Kitap<span class=\"excerpt-hellip\"> [\u2026]<\/span><\/p>\n","protected":false},"featured_media":0,"template":"","meta":{"_monsterinsights_skip_tracking":false,"_monsterinsights_sitenote_active":false,"_monsterinsights_sitenote_note":"","_monsterinsights_sitenote_category":0},"product_brand":[],"product_cat":[12718,12719,12720],"product_tag":[],"class_list":{"0":"post-715294","1":"product","2":"type-product","3":"status-publish","5":"product_cat-din","6":"product_cat-islam","7":"product_cat-tasavvuf-mezhepler-tarikatlar","8":"pa_cilt-ciltsiz","9":"pa_tur-kitap","10":"pa_yayinevi-ketebe-yayinlari","11":"pa_yazar-ines-asceric-todd","13":"first","14":"instock","15":"sale","16":"shipping-taxable","17":"purchasable","18":"product-type-simple"},"_links":{"self":[{"href":"https:\/\/roveyayinevi.com.tr\/index.php\/wp-json\/wp\/v2\/product\/715294","targetHints":{"allow":["GET"]}}],"collection":[{"href":"https:\/\/roveyayinevi.com.tr\/index.php\/wp-json\/wp\/v2\/product"}],"about":[{"href":"https:\/\/roveyayinevi.com.tr\/index.php\/wp-json\/wp\/v2\/types\/product"}],"wp:attachment":[{"href":"https:\/\/roveyayinevi.com.tr\/index.php\/wp-json\/wp\/v2\/media?parent=715294"}],"wp:term":[{"taxonomy":"product_brand","embeddable":true,"href":"https:\/\/roveyayinevi.com.tr\/index.php\/wp-json\/wp\/v2\/product_brand?post=715294"},{"taxonomy":"product_cat","embeddable":true,"href":"https:\/\/roveyayinevi.com.tr\/index.php\/wp-json\/wp\/v2\/product_cat?post=715294"},{"taxonomy":"product_tag","embeddable":true,"href":"https:\/\/roveyayinevi.com.tr\/index.php\/wp-json\/wp\/v2\/product_tag?post=715294"}],"curies":[{"name":"wp","href":"https:\/\/api.w.org\/{rel}","templated":true}]}}