{"id":715293,"date":"2025-08-27T17:28:56","date_gmt":"2025-08-27T14:28:56","guid":{"rendered":"https:\/\/roveyayinevi.com.tr\/index.php\/urun\/seytanin-kara-kutusu\/"},"modified":"2026-04-16T02:23:25","modified_gmt":"2026-04-15T23:23:25","slug":"seytanin-kara-kutusu","status":"publish","type":"product","link":"https:\/\/roveyayinevi.com.tr\/index.php\/urun\/seytanin-kara-kutusu\/","title":{"rendered":"\u015eeytan\u0131n Kara Kutusu"},"content":{"rendered":"<p>Emniyet Mahrem Yap\u0131lanmas\u0131 Raporu\u0130lk defa bu kitapla g\u00fcn y\u00fcz\u00fcne \u00e7\u0131k\u0131yor. Raporu okudu\u011funuzda ve \u00f6rg\u00fct\u00fcn yeni \u00abRenklendirme\u00bb stratejisini \u00f6\u011frendi\u011finizde tehdidin h\u00e2l\u00e2 devam etti\u011fini ve ne kadar deh\u015fet verici oldu\u011funu g\u00f6receksiniz.\u015eeytani \u00f6rg\u00fct FE*T\u00d6, tekrar ele ge\u00e7irmek istedi\u011fi devlete kar\u015f\u0131 sava\u015fmak i\u00e7in \u201cRenklendirme\u201d stratejisine ge\u00e7ti. \u0130lim Yayma Cemiyeti, Milli G\u00f6r\u00fc\u015f, MHP, BBP, CHP, AKP ve SP yan\u0131nda Nak\u015fi, Kadiri, Halveti, Nur cemaatleri; Erenk\u00f6y, \u00c7ar\u015famba, \u0130slamo\u011flu gibi tarikatlara s\u0131z\u0131yor, toplumsal \u00f6rg\u00fctlenmelerin i\u00e7inde, medyay\u0131, gazetecileri, siyaset\u00e7ileri parma\u011f\u0131nda oynat\u0131yor.FE*T\u00d6\u2019n\u00fcn t\u00fcm bu planlar\u0131, \u00f6rg\u00fct\u00fcn \u201cEmniyet Mahrem Yap\u0131lanmas\u0131\u201d ar\u015fivinden \u00e7\u0131kt\u0131; yani \u015feytan\u0131n kara kutusu a\u00e7\u0131ld\u0131.Bu onun son \u00e7\u0131rp\u0131n\u0131\u015f\u0131&#8230;<\/p>\n","protected":false},"excerpt":{"rendered":"<p>Emniyet Mahrem Yap\u0131lanmas\u0131 Raporu\u0130lk defa bu kitapla g\u00fcn y\u00fcz\u00fcne \u00e7\u0131k\u0131yor. Raporu okudu\u011funuzda ve \u00f6rg\u00fct\u00fcn yeni \u00abRenklendirme\u00bb stratejisini \u00f6\u011frendi\u011finizde tehdidin h\u00e2l\u00e2 devam etti\u011fini ve ne kadar deh\u015fet<span class=\"excerpt-hellip\"> [\u2026]<\/span><\/p>\n","protected":false},"featured_media":0,"template":"","meta":{"_monsterinsights_skip_tracking":false,"_monsterinsights_sitenote_active":false,"_monsterinsights_sitenote_note":"","_monsterinsights_sitenote_category":0},"product_brand":[],"product_cat":[12337,14543],"product_tag":[],"class_list":{"0":"post-715293","1":"product","2":"type-product","3":"status-publish","5":"product_cat-politika-siyaset","6":"product_cat-turkiye-siyaseti-ve-politikasi","7":"pa_cilt-ciltsiz","8":"pa_tur-kitap","9":"pa_yayinevi-destek-yayinlari","10":"pa_yazar-nedim-sener","12":"first","13":"instock","14":"sale","15":"shipping-taxable","16":"purchasable","17":"product-type-simple"},"_links":{"self":[{"href":"https:\/\/roveyayinevi.com.tr\/index.php\/wp-json\/wp\/v2\/product\/715293","targetHints":{"allow":["GET"]}}],"collection":[{"href":"https:\/\/roveyayinevi.com.tr\/index.php\/wp-json\/wp\/v2\/product"}],"about":[{"href":"https:\/\/roveyayinevi.com.tr\/index.php\/wp-json\/wp\/v2\/types\/product"}],"wp:attachment":[{"href":"https:\/\/roveyayinevi.com.tr\/index.php\/wp-json\/wp\/v2\/media?parent=715293"}],"wp:term":[{"taxonomy":"product_brand","embeddable":true,"href":"https:\/\/roveyayinevi.com.tr\/index.php\/wp-json\/wp\/v2\/product_brand?post=715293"},{"taxonomy":"product_cat","embeddable":true,"href":"https:\/\/roveyayinevi.com.tr\/index.php\/wp-json\/wp\/v2\/product_cat?post=715293"},{"taxonomy":"product_tag","embeddable":true,"href":"https:\/\/roveyayinevi.com.tr\/index.php\/wp-json\/wp\/v2\/product_tag?post=715293"}],"curies":[{"name":"wp","href":"https:\/\/api.w.org\/{rel}","templated":true}]}}