{"id":715284,"date":"2025-08-27T17:28:50","date_gmt":"2025-08-27T14:28:50","guid":{"rendered":"https:\/\/roveyayinevi.com.tr\/index.php\/urun\/dodo-yalan-soylememeyi-ogreniyor\/"},"modified":"2026-04-16T02:23:24","modified_gmt":"2026-04-15T23:23:24","slug":"dodo-yalan-soylememeyi-ogreniyor","status":"publish","type":"product","link":"https:\/\/roveyayinevi.com.tr\/index.php\/urun\/dodo-yalan-soylememeyi-ogreniyor\/","title":{"rendered":"Dodo Yalan S\u00f6ylememeyi \u00d6\u011freniyor"},"content":{"rendered":"<p>Dodo s\u00fcrekli yalan s\u00f6yleyip duruyor\u2026 Bir g\u00fcn plaja giderken bir k\u0131zla kar\u015f\u0131la\u015fan Dodo ona da bir yalan uyduruyor. K\u00fc\u00e7\u00fck k\u0131z Dodo\u2019nun hi\u00e7 beklemedi\u011fi bir tepki verince, Dodo yalan s\u00f6ylemenin ne kadar yanl\u0131\u015f bir \u015fey oldu\u011funu fark ediyor.   Minik Ad\u0131mlar dizisinde yer alan kitaplar, \u00e7ocuklar\u0131m\u0131z\u0131n \u00e7e\u015fitli konularda kendilerini geli\u015ftirmeleri i\u00e7in yol g\u00f6steriyor<\/p>\n","protected":false},"excerpt":{"rendered":"<p>Dodo s\u00fcrekli yalan s\u00f6yleyip duruyor\u2026 Bir g\u00fcn plaja giderken bir k\u0131zla kar\u015f\u0131la\u015fan Dodo ona da bir yalan uyduruyor. K\u00fc\u00e7\u00fck k\u0131z Dodo\u2019nun hi\u00e7 beklemedi\u011fi bir tepki verince,<span class=\"excerpt-hellip\"> [\u2026]<\/span><\/p>\n","protected":false},"featured_media":0,"template":"","meta":{"_monsterinsights_skip_tracking":false,"_monsterinsights_sitenote_active":false,"_monsterinsights_sitenote_note":"","_monsterinsights_sitenote_category":0},"product_brand":[],"product_cat":[12274],"product_tag":[],"class_list":{"0":"post-715284","1":"product","2":"type-product","3":"status-publish","5":"product_cat-cocuk-ve-genclik-kitaplari","6":"pa_cilt-ciltsiz","7":"pa_tur-kitap","8":"pa_yayinevi-1001-cicek-kitaplar","9":"pa_yazar-christianne-jones-kelly-canby","11":"first","12":"instock","13":"sale","14":"shipping-taxable","15":"purchasable","16":"product-type-simple"},"_links":{"self":[{"href":"https:\/\/roveyayinevi.com.tr\/index.php\/wp-json\/wp\/v2\/product\/715284","targetHints":{"allow":["GET"]}}],"collection":[{"href":"https:\/\/roveyayinevi.com.tr\/index.php\/wp-json\/wp\/v2\/product"}],"about":[{"href":"https:\/\/roveyayinevi.com.tr\/index.php\/wp-json\/wp\/v2\/types\/product"}],"wp:attachment":[{"href":"https:\/\/roveyayinevi.com.tr\/index.php\/wp-json\/wp\/v2\/media?parent=715284"}],"wp:term":[{"taxonomy":"product_brand","embeddable":true,"href":"https:\/\/roveyayinevi.com.tr\/index.php\/wp-json\/wp\/v2\/product_brand?post=715284"},{"taxonomy":"product_cat","embeddable":true,"href":"https:\/\/roveyayinevi.com.tr\/index.php\/wp-json\/wp\/v2\/product_cat?post=715284"},{"taxonomy":"product_tag","embeddable":true,"href":"https:\/\/roveyayinevi.com.tr\/index.php\/wp-json\/wp\/v2\/product_tag?post=715284"}],"curies":[{"name":"wp","href":"https:\/\/api.w.org\/{rel}","templated":true}]}}