{"id":715280,"date":"2025-08-27T17:28:47","date_gmt":"2025-08-27T14:28:47","guid":{"rendered":"https:\/\/roveyayinevi.com.tr\/index.php\/urun\/turklugun-binlerce-yillik-anayasasi-oguz-kagan-toresi\/"},"modified":"2026-04-16T02:23:24","modified_gmt":"2026-04-15T23:23:24","slug":"turklugun-binlerce-yillik-anayasasi-oguz-kagan-toresi","status":"publish","type":"product","link":"https:\/\/roveyayinevi.com.tr\/index.php\/urun\/turklugun-binlerce-yillik-anayasasi-oguz-kagan-toresi\/","title":{"rendered":"T\u00fcrkl\u00fc\u011f\u00fcn Binlerce Y\u0131ll\u0131k Anayasas\u0131 &#8211; O\u011fuz Ka\u011fan T\u00f6resi"},"content":{"rendered":"<p>O\u011fuz Ka\u011fan T\u00f6resi, O\u011fuz Ka\u011fan\u2019\u0131n farkl\u0131 O\u011fuzname n\u00fcshalar\u0131nda yer alan vasiyetleri, \u00f6\u011f\u00fctleri, tavsiyeleri; O\u011fuz Ka\u011fan\u2019\u0131n s\u00f6yledi\u011fi d\u00fc\u015f\u00fcn\u00fclen \u00f6zl\u00fc s\u00f6zler bir araya getirilerek olu\u015fturulmu\u015ftur. Asl\u0131nda bu vasiyetler, \u00f6\u011f\u00fctler, tavsiyeler; O\u011fuz Ka\u011fan\u2019\u0131n s\u00f6yledi\u011fi d\u00fc\u015f\u00fcn\u00fclen \u00f6zl\u00fc s\u00f6zler T\u00fcrk toplumunun binlerce y\u0131ll\u0131k -yaz\u0131l\u0131 olmayan- anayasas\u0131 gibidir. Bir araya getirilen bu s\u00f6zlerin pek \u00e7o\u011fu h\u00e2l\u00e2 T\u00fcrk toplumunun her kesiminde canl\u0131l\u0131\u011f\u0131n\u0131 korumaktad\u0131r. Bu \u00e7al\u0131\u015fma ile tecr\u00fcbelere dayal\u0131 olarak yap\u0131lmas\u0131 ve yap\u0131lmamas\u0131 gereken ne varsa T\u00fcrk toplumuna sunulmaktad\u0131r. Prof. Dr. Necati Demir bu \u00e7al\u0131\u015fmay\u0131 haz\u0131rlarken O\u011fuzname\u2019nin b\u00fct\u00fcn n\u00fcshalar\u0131n\u0131 tek tek taram\u0131\u015ft\u0131r. \u00d6nce O\u011fuz Ka\u011fan\u2019a ait oldu\u011fu ifade edilen s\u00f6zler toparlanm\u0131\u015f, sonra di\u011fer T\u00fcrk leh\u00e7elerinden T\u00fcrkiye T\u00fcrk\u00e7esine aktar\u0131lm\u0131\u015ft\u0131r. B\u00f6ylece O\u011fuz Ka\u011fan\u2019a ait vasiyetler, \u00f6\u011f\u00fctler ve tavsiyelerin tamam\u0131 bu \u00e7al\u0131\u015fmada yerini alm\u0131\u015ft\u0131r. T\u00fcrkl\u00fc\u011f\u00fcn tarih ve efsanenin birbirine kar\u0131\u015ft\u0131\u011f\u0131 puslu \u00e7a\u011flar\u0131ndan sesi g\u00fcn\u00fcm\u00fcze akseden ulu atas\u0131 O\u011fuz Ka\u011fan, b\u00fcy\u00fck T\u00fcrk milletinin yolunu ayd\u0131nlatmay\u0131 h\u00e2l\u00e2 s\u00fcrd\u00fcrmektedir. Benli\u011fimizin ve kimli\u011fimizin mill\u00ee ruhumuza yerle\u015fen ilkeleri, birincil kaynaklardan derlenerek temel bir metin halinde bu \u00e7al\u0131\u015fmayla ortaya konulmu\u015ftur. \u0130\u015fte b\u00fct\u00fcn bu sebeplerden dolay\u0131 O\u011fuz Ka\u011fan T\u00f6resi, isimli bu eser hayli ehemmiyet arz etmektedir. Petersburg N\u00fcshas\u0131<\/p>\n","protected":false},"excerpt":{"rendered":"<p>O\u011fuz Ka\u011fan T\u00f6resi, O\u011fuz Ka\u011fan\u2019\u0131n farkl\u0131 O\u011fuzname n\u00fcshalar\u0131nda yer alan vasiyetleri, \u00f6\u011f\u00fctleri, tavsiyeleri; O\u011fuz Ka\u011fan\u2019\u0131n s\u00f6yledi\u011fi d\u00fc\u015f\u00fcn\u00fclen \u00f6zl\u00fc s\u00f6zler bir araya getirilerek olu\u015fturulmu\u015ftur. Asl\u0131nda bu vasiyetler,<span class=\"excerpt-hellip\"> [\u2026]<\/span><\/p>\n","protected":false},"featured_media":0,"template":"","meta":{"_monsterinsights_skip_tracking":false,"_monsterinsights_sitenote_active":false,"_monsterinsights_sitenote_note":"","_monsterinsights_sitenote_category":0},"product_brand":[],"product_cat":[12304,13650],"product_tag":[],"class_list":{"0":"post-715280","1":"product","2":"type-product","3":"status-publish","5":"product_cat-tarih","6":"product_cat-turk-tarihi-arastirmalari","7":"pa_cilt-ciltsiz","8":"pa_tur-kitap","9":"pa_yayinevi-otuken-nesriyat","10":"pa_yazar-necati-demir","12":"first","13":"instock","14":"sale","15":"shipping-taxable","16":"purchasable","17":"product-type-simple"},"_links":{"self":[{"href":"https:\/\/roveyayinevi.com.tr\/index.php\/wp-json\/wp\/v2\/product\/715280","targetHints":{"allow":["GET"]}}],"collection":[{"href":"https:\/\/roveyayinevi.com.tr\/index.php\/wp-json\/wp\/v2\/product"}],"about":[{"href":"https:\/\/roveyayinevi.com.tr\/index.php\/wp-json\/wp\/v2\/types\/product"}],"wp:attachment":[{"href":"https:\/\/roveyayinevi.com.tr\/index.php\/wp-json\/wp\/v2\/media?parent=715280"}],"wp:term":[{"taxonomy":"product_brand","embeddable":true,"href":"https:\/\/roveyayinevi.com.tr\/index.php\/wp-json\/wp\/v2\/product_brand?post=715280"},{"taxonomy":"product_cat","embeddable":true,"href":"https:\/\/roveyayinevi.com.tr\/index.php\/wp-json\/wp\/v2\/product_cat?post=715280"},{"taxonomy":"product_tag","embeddable":true,"href":"https:\/\/roveyayinevi.com.tr\/index.php\/wp-json\/wp\/v2\/product_tag?post=715280"}],"curies":[{"name":"wp","href":"https:\/\/api.w.org\/{rel}","templated":true}]}}