{"id":715279,"date":"2025-08-27T17:28:46","date_gmt":"2025-08-27T14:28:46","guid":{"rendered":"https:\/\/roveyayinevi.com.tr\/index.php\/urun\/bes-kadin-tek-cehennem\/"},"modified":"2026-04-16T02:23:24","modified_gmt":"2026-04-15T23:23:24","slug":"bes-kadin-tek-cehennem","status":"publish","type":"product","link":"https:\/\/roveyayinevi.com.tr\/index.php\/urun\/bes-kadin-tek-cehennem\/","title":{"rendered":"Be\u015f Kad\u0131n Tek Cehennem"},"content":{"rendered":"<p>Selin, Beyza, Esma, H\u00fcmeyra, Seher ve daha nice kad\u0131n\u0131n hik\u00e2yesi&#8230; Bir kabu\u011fun i\u00e7inde ya\u015fay\u0131p duruyor \u00e7o\u011fumuz&#8230; Hayalleri hayata ge\u00e7irmenin hangi ay\u0131n \u00e7ar\u015fambas\u0131 oldu\u011funu bilmeden&#8230; Basiret ba\u011flanmas\u0131, kader, k\u0131smet oluyor her ya\u015fanan, kronik tembellikten. Kabu\u011funu k\u0131rmasayd\u0131 inciyi bulacak m\u0131yd\u0131 istiridye? Kozadan \u00e7\u0131kmasayd\u0131 kelebe\u011fe d\u00f6n\u00fc\u015fmesi m\u00fcmk\u00fcn m\u00fcyd\u00fc t\u0131rt\u0131l\u0131n? Y\u0131rt geceyi, i\u00e7ine bak sana seni anlat\u0131r. Bakma di\u011ferlerine&#8230; Hapishanede do\u011fmu\u015f bir insan d\u0131\u015far\u0131y\u0131 cehennem san\u0131r. Ba\u015flang\u0131\u00e7lar\u0131na dikkat et, biti\u015fin olabilir. Ama yol almadan \u00f6n\u00fcn\u00fc g\u00f6remezsin. Doktorlar\u0131n derman olamad\u0131\u011f\u0131 t\u00fcm yaralar\u0131 saran bir kelime vard\u0131&#8230; Ka\u00e7 g\u00f6n\u00fcle su serpildi, ka\u00e7 zaman sabredildi ona tutunup ay\u0131n g\u00f6r\u00fcnmedi\u011fi gece yar\u0131s\u0131&#8230; Ondayd\u0131 b\u00fct\u00fcn umutlar, &#8220;hay\u0131rl\u0131s\u0131&#8221;&#8230; Cihan, sevgi \u00e7ark\u0131yla ilerliyordu da herkes seviyordu, kimi \u00f6n\u00fcne geleni, kimi yaln\u0131zca birici\u011fini, baz\u0131s\u0131ysa salt kendini&#8230;<\/p>\n","protected":false},"excerpt":{"rendered":"<p>Selin, Beyza, Esma, H\u00fcmeyra, Seher ve daha nice kad\u0131n\u0131n hik\u00e2yesi&#8230; Bir kabu\u011fun i\u00e7inde ya\u015fay\u0131p duruyor \u00e7o\u011fumuz&#8230; Hayalleri hayata ge\u00e7irmenin hangi ay\u0131n \u00e7ar\u015fambas\u0131 oldu\u011funu bilmeden&#8230; Basiret ba\u011flanmas\u0131,<span class=\"excerpt-hellip\"> [\u2026]<\/span><\/p>\n","protected":false},"featured_media":0,"template":"","meta":{"_monsterinsights_skip_tracking":false,"_monsterinsights_sitenote_active":false,"_monsterinsights_sitenote_note":"","_monsterinsights_sitenote_category":0},"product_brand":[],"product_cat":[26396,13488],"product_tag":[],"class_list":{"0":"post-715279","1":"product","2":"type-product","3":"status-publish","5":"product_cat-kadin-erkek-iliskileri","6":"product_cat-toplum-ve-insan","7":"pa_cilt-ciltsiz","8":"pa_tur-kitap","9":"pa_yayinevi-kuraldisi-yayinevi","10":"pa_yazar-kivilcim-kalay","12":"first","13":"instock","14":"sale","15":"shipping-taxable","16":"purchasable","17":"product-type-simple"},"_links":{"self":[{"href":"https:\/\/roveyayinevi.com.tr\/index.php\/wp-json\/wp\/v2\/product\/715279","targetHints":{"allow":["GET"]}}],"collection":[{"href":"https:\/\/roveyayinevi.com.tr\/index.php\/wp-json\/wp\/v2\/product"}],"about":[{"href":"https:\/\/roveyayinevi.com.tr\/index.php\/wp-json\/wp\/v2\/types\/product"}],"wp:attachment":[{"href":"https:\/\/roveyayinevi.com.tr\/index.php\/wp-json\/wp\/v2\/media?parent=715279"}],"wp:term":[{"taxonomy":"product_brand","embeddable":true,"href":"https:\/\/roveyayinevi.com.tr\/index.php\/wp-json\/wp\/v2\/product_brand?post=715279"},{"taxonomy":"product_cat","embeddable":true,"href":"https:\/\/roveyayinevi.com.tr\/index.php\/wp-json\/wp\/v2\/product_cat?post=715279"},{"taxonomy":"product_tag","embeddable":true,"href":"https:\/\/roveyayinevi.com.tr\/index.php\/wp-json\/wp\/v2\/product_tag?post=715279"}],"curies":[{"name":"wp","href":"https:\/\/api.w.org\/{rel}","templated":true}]}}