{"id":715273,"date":"2025-08-27T17:28:42","date_gmt":"2025-08-27T14:28:42","guid":{"rendered":"https:\/\/roveyayinevi.com.tr\/index.php\/urun\/capraz-hayatlar-duz-cevaplar\/"},"modified":"2026-03-30T02:26:52","modified_gmt":"2026-03-29T23:26:52","slug":"capraz-hayatlar-duz-cevaplar","status":"publish","type":"product","link":"https:\/\/roveyayinevi.com.tr\/index.php\/urun\/capraz-hayatlar-duz-cevaplar\/","title":{"rendered":"\u00c7apraz Hayatlar D\u00fcz Cevaplar"},"content":{"rendered":"<p>A\u015fk nedir? Yas ne kadar s\u00fcrer? Travman\u0131n yaratt\u0131\u011f\u0131 hasar ge\u00e7er mi? Hayal k\u0131r\u0131kl\u0131\u011f\u0131 ya\u015fam\u0131n\u0131 nas\u0131l etkiler? Su\u00e7luluk duygusundan kurtulabilir misin? Kadere kar\u015f\u0131 gelinebilir mi? Son pi\u015fmanl\u0131k fayda eder mi? \u00dcmit tehlikeli olabilir mi? A\u015fk, \u00fcmit, pi\u015fmanl\u0131k, yas, travma, su\u00e7luluk, kader, hayal k\u0131r\u0131kl\u0131\u011f\u0131 gibi en insani duygu ve tepkilerin i\u015flendi\u011fi bu \u00f6yk\u00fclerde kendinden bir par\u00e7a bulacak ve her \u00f6yk\u00fcn\u00fcn bir psikolog g\u00f6z\u00fcyle nas\u0131l yorumland\u0131\u011f\u0131n\u0131 okuyacaks\u0131n. Asl\u0131nda ya\u015fam\u0131n da senin yaratt\u0131\u011f\u0131n bir \u00f6yk\u00fc ve sen bunun ba\u015f kahraman\u0131s\u0131n. \u00d6yk\u00fcn ne kadar karma\u015f\u0131k olursa olsun g\u00fc\u00e7 senin elinde, \u00e7\u00f6z\u00fcm sende. M\u00fckemmel hayatlar, kusursuz insanlar yok. Sorunlar\u0131yla ya\u015famay\u0131 \u00f6\u011frenmi\u015f ya da sava\u015farak hayat\u0131ndan \u00e7\u0131karm\u0131\u015f kahramanlar var. Sen hangisisin? <\/p>\n","protected":false},"excerpt":{"rendered":"<p>A\u015fk nedir? Yas ne kadar s\u00fcrer? Travman\u0131n yaratt\u0131\u011f\u0131 hasar ge\u00e7er mi? Hayal k\u0131r\u0131kl\u0131\u011f\u0131 ya\u015fam\u0131n\u0131 nas\u0131l etkiler? Su\u00e7luluk duygusundan kurtulabilir misin? Kadere kar\u015f\u0131 gelinebilir mi? Son pi\u015fmanl\u0131k<span class=\"excerpt-hellip\"> [\u2026]<\/span><\/p>\n","protected":false},"featured_media":0,"template":"","meta":{"_monsterinsights_skip_tracking":false,"_monsterinsights_sitenote_active":false,"_monsterinsights_sitenote_note":"","_monsterinsights_sitenote_category":0},"product_brand":[],"product_cat":[14643,12291],"product_tag":[],"class_list":{"0":"post-715273","1":"product","2":"type-product","3":"status-publish","5":"product_cat-ask","6":"product_cat-edebiyat","7":"pa_cilt-ciltsiz","8":"pa_tur-kitap","9":"pa_yayinevi-destek-yayinlari","10":"pa_yazar-sehnaz-tuna","12":"first","13":"instock","14":"sale","15":"shipping-taxable","16":"purchasable","17":"product-type-simple"},"_links":{"self":[{"href":"https:\/\/roveyayinevi.com.tr\/index.php\/wp-json\/wp\/v2\/product\/715273","targetHints":{"allow":["GET"]}}],"collection":[{"href":"https:\/\/roveyayinevi.com.tr\/index.php\/wp-json\/wp\/v2\/product"}],"about":[{"href":"https:\/\/roveyayinevi.com.tr\/index.php\/wp-json\/wp\/v2\/types\/product"}],"wp:attachment":[{"href":"https:\/\/roveyayinevi.com.tr\/index.php\/wp-json\/wp\/v2\/media?parent=715273"}],"wp:term":[{"taxonomy":"product_brand","embeddable":true,"href":"https:\/\/roveyayinevi.com.tr\/index.php\/wp-json\/wp\/v2\/product_brand?post=715273"},{"taxonomy":"product_cat","embeddable":true,"href":"https:\/\/roveyayinevi.com.tr\/index.php\/wp-json\/wp\/v2\/product_cat?post=715273"},{"taxonomy":"product_tag","embeddable":true,"href":"https:\/\/roveyayinevi.com.tr\/index.php\/wp-json\/wp\/v2\/product_tag?post=715273"}],"curies":[{"name":"wp","href":"https:\/\/api.w.org\/{rel}","templated":true}]}}