{"id":715271,"date":"2025-08-27T17:28:41","date_gmt":"2025-08-27T14:28:41","guid":{"rendered":"https:\/\/roveyayinevi.com.tr\/index.php\/urun\/bagriyanik-omer-2\/"},"modified":"2026-04-16T02:23:24","modified_gmt":"2026-04-15T23:23:24","slug":"bagriyanik-omer-2","status":"publish","type":"product","link":"https:\/\/roveyayinevi.com.tr\/index.php\/urun\/bagriyanik-omer-2\/","title":{"rendered":"Ba\u011fr\u0131yan\u0131k \u00d6mer"},"content":{"rendered":"<p>Birbiriyle ge\u00e7inemeyen anne baban\u0131n didi\u015fmelerinin ortas\u0131nda kalan be\u015f ya\u015f\u0131ndaki \u00d6mer\u2019in duygu dolu ser\u00fcvenini aktaran Ba\u011fr\u0131yan\u0131k \u00d6mer, bir insanl\u0131k dram\u0131n\u0131n \u00e7ocuk ruhunda a\u00e7t\u0131\u011f\u0131 yaralar\u0131 g\u00f6zler \u00f6n\u00fcne seriyor. Y\u00fcre\u011fi sevgilerle dolu \u00d6mer\u2019in hem anne hem baba \u00f6zlemi, Yesari\u2019nin etkili ve anla\u015f\u0131l\u0131r dili arac\u0131l\u0131\u011f\u0131yla okuyucuyla bulu\u015fuyor. Mahmut Yesari\u2019nin, \u201cYurdumun \u00c7ocuklar\u0131na\u201d diyerek sundu\u011fu bu yap\u0131t, \u201cunutulmamas\u0131\u201d gereken bir yap\u0131tt\u0131r. <\/p>\n","protected":false},"excerpt":{"rendered":"<p>Birbiriyle ge\u00e7inemeyen anne baban\u0131n didi\u015fmelerinin ortas\u0131nda kalan be\u015f ya\u015f\u0131ndaki \u00d6mer\u2019in duygu dolu ser\u00fcvenini aktaran Ba\u011fr\u0131yan\u0131k \u00d6mer, bir insanl\u0131k dram\u0131n\u0131n \u00e7ocuk ruhunda a\u00e7t\u0131\u011f\u0131 yaralar\u0131 g\u00f6zler \u00f6n\u00fcne seriyor.<span class=\"excerpt-hellip\"> [\u2026]<\/span><\/p>\n","protected":false},"featured_media":0,"template":"","meta":{"_monsterinsights_skip_tracking":false,"_monsterinsights_sitenote_active":false,"_monsterinsights_sitenote_note":"","_monsterinsights_sitenote_category":0},"product_brand":[],"product_cat":[12274,12284],"product_tag":[],"class_list":{"0":"post-715271","1":"product","2":"type-product","3":"status-publish","5":"product_cat-cocuk-ve-genclik-kitaplari","6":"product_cat-hikayeler","7":"pa_cilt-ciltsiz","8":"pa_tur-kitap","9":"pa_yayinevi-bilgi-yayinevi","10":"pa_yazar-mahmut-yesari","12":"first","13":"instock","14":"sale","15":"shipping-taxable","16":"purchasable","17":"product-type-simple"},"_links":{"self":[{"href":"https:\/\/roveyayinevi.com.tr\/index.php\/wp-json\/wp\/v2\/product\/715271","targetHints":{"allow":["GET"]}}],"collection":[{"href":"https:\/\/roveyayinevi.com.tr\/index.php\/wp-json\/wp\/v2\/product"}],"about":[{"href":"https:\/\/roveyayinevi.com.tr\/index.php\/wp-json\/wp\/v2\/types\/product"}],"wp:attachment":[{"href":"https:\/\/roveyayinevi.com.tr\/index.php\/wp-json\/wp\/v2\/media?parent=715271"}],"wp:term":[{"taxonomy":"product_brand","embeddable":true,"href":"https:\/\/roveyayinevi.com.tr\/index.php\/wp-json\/wp\/v2\/product_brand?post=715271"},{"taxonomy":"product_cat","embeddable":true,"href":"https:\/\/roveyayinevi.com.tr\/index.php\/wp-json\/wp\/v2\/product_cat?post=715271"},{"taxonomy":"product_tag","embeddable":true,"href":"https:\/\/roveyayinevi.com.tr\/index.php\/wp-json\/wp\/v2\/product_tag?post=715271"}],"curies":[{"name":"wp","href":"https:\/\/api.w.org\/{rel}","templated":true}]}}