{"id":715269,"date":"2025-08-27T17:28:40","date_gmt":"2025-08-27T14:28:40","guid":{"rendered":"https:\/\/roveyayinevi.com.tr\/index.php\/urun\/mai-ve-siyah-8\/"},"modified":"2026-04-16T02:23:24","modified_gmt":"2026-04-15T23:23:24","slug":"mai-ve-siyah-8","status":"publish","type":"product","link":"https:\/\/roveyayinevi.com.tr\/index.php\/urun\/mai-ve-siyah-8\/","title":{"rendered":"Mai ve Siyah"},"content":{"rendered":"<p>T\u00fcrk edebiyat\u0131n\u0131n Bat\u0131l\u0131 anlamda ilk roman\u0131 Halid Ziya U\u015fakl\u0131gil\u2019in Mai ve Siyah adl\u0131 roman\u0131d\u0131r. Roman, o d\u00f6nemin bas\u0131n yay\u0131n (B\u00e2b\u0131\u00e2li) d\u00fcnyas\u0131n\u0131 ve bu d\u00fcnyan\u0131n ac\u0131mas\u0131z, ikiy\u00fczl\u00fc ger\u00e7ekleri kar\u015f\u0131s\u0131nda yenik d\u00fc\u015fen Ahmet Cemil&#8217;in hayalci ki\u015fili\u011finde Edebiyat\u0131 Cedide\u2019nin bak\u0131\u015f a\u00e7\u0131s\u0131n\u0131 yans\u0131t\u0131r. Mai ve Siyah bir d\u00fc\u015f k\u0131r\u0131kl\u0131\u011f\u0131 roman\u0131d\u0131r, hayal ve ger\u00e7e\u011fin \u00e7at\u0131\u015fmas\u0131n\u0131 yans\u0131t\u0131r. Mavi hayalin, siyah ger\u00e7e\u011fin simgesidir. Mavi bir gecede ba\u015flayan roman siyah bir gecede, ger\u00e7e\u011fin kazanmas\u0131yla biter. H\u00fclya ve s\u00fcs as\u0131ld\u0131r romanda. G\u00f6zlemci ger\u00e7ek\u00e7ili\u011fi g\u00fc\u00e7l\u00fcd\u00fcr. Ruh tahlillerinde \u00e7ok ba\u015far\u0131l\u0131d\u0131r. Kahramanlar\u0131n\u0131n ya\u015fad\u0131klar\u0131n\u0131 i\u00e7indeki \u00e7evreyle \u00f6rt\u00fc\u015ft\u00fcrerek ba\u015far\u0131yla aktar\u0131r.<\/p>\n","protected":false},"excerpt":{"rendered":"<p>T\u00fcrk edebiyat\u0131n\u0131n Bat\u0131l\u0131 anlamda ilk roman\u0131 Halid Ziya U\u015fakl\u0131gil\u2019in Mai ve Siyah adl\u0131 roman\u0131d\u0131r. Roman, o d\u00f6nemin bas\u0131n yay\u0131n (B\u00e2b\u0131\u00e2li) d\u00fcnyas\u0131n\u0131 ve bu d\u00fcnyan\u0131n ac\u0131mas\u0131z, ikiy\u00fczl\u00fc<span class=\"excerpt-hellip\"> [\u2026]<\/span><\/p>\n","protected":false},"featured_media":0,"template":"","meta":{"_monsterinsights_skip_tracking":false,"_monsterinsights_sitenote_active":false,"_monsterinsights_sitenote_note":"","_monsterinsights_sitenote_category":0},"product_brand":[],"product_cat":[12291,12711],"product_tag":[],"class_list":{"0":"post-715269","1":"product","2":"type-product","3":"status-publish","5":"product_cat-edebiyat","6":"product_cat-roman-oyku","7":"pa_cilt-ciltsiz","8":"pa_tur-kitap","9":"pa_yayinevi-bilgi-yayinevi","10":"pa_yazar-halid-ziya-usakligil","12":"first","13":"instock","14":"sale","15":"shipping-taxable","16":"purchasable","17":"product-type-simple"},"_links":{"self":[{"href":"https:\/\/roveyayinevi.com.tr\/index.php\/wp-json\/wp\/v2\/product\/715269","targetHints":{"allow":["GET"]}}],"collection":[{"href":"https:\/\/roveyayinevi.com.tr\/index.php\/wp-json\/wp\/v2\/product"}],"about":[{"href":"https:\/\/roveyayinevi.com.tr\/index.php\/wp-json\/wp\/v2\/types\/product"}],"wp:attachment":[{"href":"https:\/\/roveyayinevi.com.tr\/index.php\/wp-json\/wp\/v2\/media?parent=715269"}],"wp:term":[{"taxonomy":"product_brand","embeddable":true,"href":"https:\/\/roveyayinevi.com.tr\/index.php\/wp-json\/wp\/v2\/product_brand?post=715269"},{"taxonomy":"product_cat","embeddable":true,"href":"https:\/\/roveyayinevi.com.tr\/index.php\/wp-json\/wp\/v2\/product_cat?post=715269"},{"taxonomy":"product_tag","embeddable":true,"href":"https:\/\/roveyayinevi.com.tr\/index.php\/wp-json\/wp\/v2\/product_tag?post=715269"}],"curies":[{"name":"wp","href":"https:\/\/api.w.org\/{rel}","templated":true}]}}