{"id":715268,"date":"2025-08-27T17:28:39","date_gmt":"2025-08-27T14:28:39","guid":{"rendered":"https:\/\/roveyayinevi.com.tr\/index.php\/urun\/darwinle-aksam-yemegi-evrim-yeme-icmeyi-nasil-etkiler\/"},"modified":"2026-04-16T02:23:24","modified_gmt":"2026-04-15T23:23:24","slug":"darwinle-aksam-yemegi-evrim-yeme-icmeyi-nasil-etkiler","status":"publish","type":"product","link":"https:\/\/roveyayinevi.com.tr\/index.php\/urun\/darwinle-aksam-yemegi-evrim-yeme-icmeyi-nasil-etkiler\/","title":{"rendered":"Darwin\u2019le Ak\u015fam Yeme\u011fi: Evrim Yeme \u0130\u00e7meyi Nas\u0131l Etkiler?"},"content":{"rendered":"<p>Her al\u0131\u015fveri\u015f listesi, her yemek tarifi, her men\u00fc ve yemek pi\u015firmek i\u00e7in kulland\u0131\u011f\u0131m\u0131z her malzeme evrimci anlay\u0131\u015f\u0131n babas\u0131 Charles Darwin\u2019le ak\u015fam yeme\u011fine \u00fcst\u00fc kapal\u0131 bir davettir.\u201d Jonathan Silvertown Darwin\u2019le Ak\u015fam Yeme\u011fi\u2019nde en eski hominin atalar\u0131m\u0131zla bizi b\u00fcy\u00fck bir sofra etraf\u0131nda bir araya getiriyor. Ekmek, et, s\u00fct \u00fcr\u00fcnleri, deniz \u00fcr\u00fcnleri, sebzeler, baharatlar, tatl\u0131lar gibi temel g\u0131dalar ve de\u011fi\u015fen beslenme al\u0131\u015fkanl\u0131klar\u0131m\u0131z \u00fczerinden ya\u015fam\u0131n evrimine \u0131\u015f\u0131k tutuyor. Tat ve koku alma duyular\u0131m\u0131z\u0131n nas\u0131l evrimle\u015fti\u011finden ac\u0131n\u0131n sofralar\u0131m\u0131za nas\u0131l girdi\u011fine, karbonhidrat ve yag\u0306 d\u00fc\u015fk\u00fcnl\u00fc\u011f\u00fcm\u00fczden yemeklerimizi neden ve ne zaman payla\u015fmaya ba\u015flad\u0131\u011f\u0131m\u0131za dek okuma i\u015ftah\u0131n\u0131 kabartan sorularla \u015fekillenen bu \u00e7al\u0131\u015fma, g\u0131da sorununun hayat\u0131m\u0131z\u0131 temelden etkiledi\u011fi g\u00fcn\u00fcm\u00fczde, neyi nas\u0131l yedi\u011fimizi farkl\u0131 d\u00fc\u015f\u00fcnmeye davet eden bir k\u0131lavuz. \u201cYemek hakk\u0131nda gereg\u0306inden fazla kitap olsa da, benim gibi biri oldug\u0306unuzu ve bu t\u00fcr davetlerin size de hi\u00e7bir zaman fazla gelmeyeceg\u0306ini umarak, s\u0327u an elinizde tuttug\u0306unuz s\u0327eyin bir kitaptan ziyade bir aks\u0327am yemeg\u0306i daveti oldug\u0306unu farz edelim istiyorum. Ancak bas\u0327tan belirtmeliyim ki bu farkl\u0131 bir aks\u0327am yemeg\u0306i olacak; zihinlerimizi beslemeye y\u00f6nelik bir aks\u0327am yemeg\u0306i.\u201d <\/p>\n","protected":false},"excerpt":{"rendered":"<p>Her al\u0131\u015fveri\u015f listesi, her yemek tarifi, her men\u00fc ve yemek pi\u015firmek i\u00e7in kulland\u0131\u011f\u0131m\u0131z her malzeme evrimci anlay\u0131\u015f\u0131n babas\u0131 Charles Darwin\u2019le ak\u015fam yeme\u011fine \u00fcst\u00fc kapal\u0131 bir davettir.\u201d<span class=\"excerpt-hellip\"> [\u2026]<\/span><\/p>\n","protected":false},"featured_media":0,"template":"","meta":{"_monsterinsights_skip_tracking":false,"_monsterinsights_sitenote_active":false,"_monsterinsights_sitenote_note":"","_monsterinsights_sitenote_category":0},"product_brand":[],"product_cat":[13005,37328],"product_tag":[],"class_list":{"0":"post-715268","1":"product","2":"type-product","3":"status-publish","5":"product_cat-bilim-muhendislik","6":"product_cat-diger-bilim-muhendislik","7":"pa_cilt-ciltsiz","8":"pa_tur-kitap","9":"pa_yayinevi-kolektif-kitap","10":"pa_yazar-jonathan-silvertown","12":"first","13":"instock","14":"sale","15":"shipping-taxable","16":"purchasable","17":"product-type-simple"},"_links":{"self":[{"href":"https:\/\/roveyayinevi.com.tr\/index.php\/wp-json\/wp\/v2\/product\/715268","targetHints":{"allow":["GET"]}}],"collection":[{"href":"https:\/\/roveyayinevi.com.tr\/index.php\/wp-json\/wp\/v2\/product"}],"about":[{"href":"https:\/\/roveyayinevi.com.tr\/index.php\/wp-json\/wp\/v2\/types\/product"}],"wp:attachment":[{"href":"https:\/\/roveyayinevi.com.tr\/index.php\/wp-json\/wp\/v2\/media?parent=715268"}],"wp:term":[{"taxonomy":"product_brand","embeddable":true,"href":"https:\/\/roveyayinevi.com.tr\/index.php\/wp-json\/wp\/v2\/product_brand?post=715268"},{"taxonomy":"product_cat","embeddable":true,"href":"https:\/\/roveyayinevi.com.tr\/index.php\/wp-json\/wp\/v2\/product_cat?post=715268"},{"taxonomy":"product_tag","embeddable":true,"href":"https:\/\/roveyayinevi.com.tr\/index.php\/wp-json\/wp\/v2\/product_tag?post=715268"}],"curies":[{"name":"wp","href":"https:\/\/api.w.org\/{rel}","templated":true}]}}