{"id":715267,"date":"2025-08-27T17:28:39","date_gmt":"2025-08-27T14:28:39","guid":{"rendered":"https:\/\/roveyayinevi.com.tr\/index.php\/urun\/secme-sosyoloji-yazilari\/"},"modified":"2026-04-16T02:23:24","modified_gmt":"2026-04-15T23:23:24","slug":"secme-sosyoloji-yazilari","status":"publish","type":"product","link":"https:\/\/roveyayinevi.com.tr\/index.php\/urun\/secme-sosyoloji-yazilari\/","title":{"rendered":"Se\u00e7me Sosyoloji Yaz\u0131lar\u0131"},"content":{"rendered":"<p>Marx, bug\u00fcn bile t\u00fcmden ortadan kalkmam\u0131\u015f olan bir toplumbilim okulunun ele\u015ftirisini yapmaktad\u0131r. \u2018\u2019Toplumum tek bir konu olarak d\u00fc\u015f\u00fcnmek, onu yanl\u0131\u015f ele almak, spek\u00fclatif ele almak olur\u2019\u2019 Marx\u2019a g\u00f6re toplum bireyler aras\u0131 ili\u015fkileri ve etkile\u015fimleri anlat\u0131r. O\u2019na g\u00f6re bu kar\u015f\u0131l\u0131kl\u0131 etkile\u015fimlerin en \u00f6nemlileri, maddi \u00fcretim alanlar\u0131nda yer alanlar\u0131n, ya da ba\u015fka bir deyi\u015fle insan eme\u011finin toplumsal s\u00fcrecidir. \u2018\u2019Ula\u015ft\u0131\u011f\u0131m\u0131z sonu\u00e7 \u00fcretim, da\u011f\u0131t\u0131m, de\u011fi\u015fim ve t\u00fcketim birbirinin ayn\u0131 olduklar\u0131nda de\u011fil, ama hepsinin bir b\u00fct\u00fcn\u00fcn \u00f6\u011feleri, bir birli\u011fin ayr\u0131mlar; oldu\u011fu sonucudur. \u00dcretim \u00fcst\u00fcn yeri tutar\u2026 S\u00fcre\u00e7 \u00fcretim noktas\u0131nda s\u00fcrekli olarak yeniden ba\u015flar\u2026 ama de\u011fi\u015fik \u00f6\u011feler aras\u0131nda kar\u015f\u0131l\u0131kl\u0131 etkile\u015fime vard\u0131r. Bu her organik b\u00fct\u00fcnde \u00f6yledir.<\/p>\n","protected":false},"excerpt":{"rendered":"<p>Marx, bug\u00fcn bile t\u00fcmden ortadan kalkmam\u0131\u015f olan bir toplumbilim okulunun ele\u015ftirisini yapmaktad\u0131r. \u2018\u2019Toplumum tek bir konu olarak d\u00fc\u015f\u00fcnmek, onu yanl\u0131\u015f ele almak, spek\u00fclatif ele almak olur\u2019\u2019<span class=\"excerpt-hellip\"> [\u2026]<\/span><\/p>\n","protected":false},"featured_media":0,"template":"","meta":{"_monsterinsights_skip_tracking":false,"_monsterinsights_sitenote_active":false,"_monsterinsights_sitenote_note":"","_monsterinsights_sitenote_category":0},"product_brand":[],"product_cat":[12351,12324],"product_tag":[],"class_list":{"0":"post-715267","1":"product","2":"type-product","3":"status-publish","5":"product_cat-siyaset-sosyolojisi","6":"product_cat-sosyoloji","7":"pa_cilt-ciltsiz","8":"pa_tur-kitap","9":"pa_yayinevi-cem-yayinevi","10":"pa_yazar-karl-marx","12":"first","13":"instock","14":"sale","15":"shipping-taxable","16":"purchasable","17":"product-type-simple"},"_links":{"self":[{"href":"https:\/\/roveyayinevi.com.tr\/index.php\/wp-json\/wp\/v2\/product\/715267","targetHints":{"allow":["GET"]}}],"collection":[{"href":"https:\/\/roveyayinevi.com.tr\/index.php\/wp-json\/wp\/v2\/product"}],"about":[{"href":"https:\/\/roveyayinevi.com.tr\/index.php\/wp-json\/wp\/v2\/types\/product"}],"wp:attachment":[{"href":"https:\/\/roveyayinevi.com.tr\/index.php\/wp-json\/wp\/v2\/media?parent=715267"}],"wp:term":[{"taxonomy":"product_brand","embeddable":true,"href":"https:\/\/roveyayinevi.com.tr\/index.php\/wp-json\/wp\/v2\/product_brand?post=715267"},{"taxonomy":"product_cat","embeddable":true,"href":"https:\/\/roveyayinevi.com.tr\/index.php\/wp-json\/wp\/v2\/product_cat?post=715267"},{"taxonomy":"product_tag","embeddable":true,"href":"https:\/\/roveyayinevi.com.tr\/index.php\/wp-json\/wp\/v2\/product_tag?post=715267"}],"curies":[{"name":"wp","href":"https:\/\/api.w.org\/{rel}","templated":true}]}}