{"id":715266,"date":"2025-08-27T17:28:38","date_gmt":"2025-08-27T14:28:38","guid":{"rendered":"https:\/\/roveyayinevi.com.tr\/index.php\/urun\/yabancilar-icin-turkce\/"},"modified":"2026-04-16T02:23:24","modified_gmt":"2026-04-15T23:23:24","slug":"yabancilar-icin-turkce","status":"publish","type":"product","link":"https:\/\/roveyayinevi.com.tr\/index.php\/urun\/yabancilar-icin-turkce\/","title":{"rendered":"Yabanc\u0131lar \u0130\u00e7in T\u00fcrk\u00e7e"},"content":{"rendered":"<p>Yabanc\u0131lar \u0130\u00e7in T\u00fcrk\u00e7e, her seviyede T\u00fcrk\u00e7e \u00f6\u011frenmekte olan \u00f6\u011frenciler i\u00e7in okuma-anlama, yazma ve konu\u015fma becerilerini geli\u015ftirmek amac\u0131yla haz\u0131rlanm\u0131\u015ft\u0131r. Kitap iki b\u00f6l\u00fcmden ve \u00fc\u00e7 seviyeden olu\u015fmaktad\u0131r. A1 ve A2, metinlerde basit s\u00f6zc\u00fcklerin ve dil bilgisi kurallar\u0131n\u0131n kullan\u0131ld\u0131\u011f\u0131 ba\u015flang\u0131\u00e7 seviyesi; B1 ve B2, metinlerde biraz daha zor s\u00f6zc\u00fcklerin ve dil bilgisi kurallar\u0131n\u0131n kullan\u0131ld\u0131\u011f\u0131 orta seviye; C1 ve C2, metinlerde karma\u015f\u0131k dil bilgisi kal\u0131plar\u0131n\u0131n ve s\u00f6zc\u00fcklerin kullan\u0131ld\u0131\u011f\u0131 ileri seviye. Kitab\u0131n ikinci b\u00f6l\u00fcm\u00fcnde de yine ayn\u0131 seviyelerden olu\u015fan Rus\u00e7a metinler bulunmaktad\u0131r. Rus\u00e7a metinlerin koyulmas\u0131ndaki ama\u00e7, metinleri Rus\u00e7adan T\u00fcrk\u00e7eye \u00e7evirirken \u00f6\u011frenilen s\u00f6zc\u00fcklerin ve dil bilgisi kurallar\u0131n\u0131n do\u011fru kullan\u0131lmas\u0131na yard\u0131mc\u0131 olmakt\u0131r. Kitapta yer alan metinlerin \u00f6\u011frencilerin ilgisini \u00e7ekecek t\u00fcrden metinler olmas\u0131na dikkat edilmi\u015ftir. \u0417\u0434\u0440\u0430\u0432\u0441\u0442\u0432\u0443\u0439\u0442\u0435! \u0412 \u043f\u043e\u0441\u043b\u0435\u0434\u043d\u0438\u0435 \u0433\u043e\u0434\u044b \u0442\u0443\u0440\u0435\u0446\u043a\u0438\u0439 \u044f\u0437\u044b\u043a \u0441\u0442\u0430\u043b \u0442\u0430\u043a\u0438\u043c \u044f\u0437\u044b\u043a\u043e\u043c, \u043a\u043e\u0442\u043e\u0440\u044b\u0439 \u043c\u043d\u043e\u0433\u0438\u0435 \u043b\u044e\u0434\u0438 \u0445\u043e\u0442\u044f\u0442 \u0438\u0437\u0443\u0447\u0430\u0442\u044c. \u041e\u0434\u043d\u0438\u043c \u0438\u0437 \u0441\u0430\u043c\u044b\u0445 \u044d\u0444\u0444\u0435\u043a\u0442\u0438\u0432\u043d\u044b\u0445 \u0432\u0441\u043f\u043e\u043c\u043e\u0433\u0430\u0442\u0435\u043b\u044c\u043d\u044b\u043c \u043c\u0430\u0442\u0435\u0440\u0438\u0430\u043b\u043e\u043c \u0434\u043b\u044f \u0438\u0437\u0443\u0447\u0435\u043d\u0438\u044f \u044f\u0437\u044b\u043a\u0430 \u044f\u0432\u043b\u044f\u0435\u0442\u0441\u044f \u043a\u043d\u0438\u0433\u0430 \u0434\u043b\u044f \u0447\u0442\u0435\u043d\u0438\u044f \u0438 \u043f\u0435\u0440\u0435\u0432\u043e\u0434\u0430. \u0427\u0438\u0442\u0430\u0442\u044c, \u043f\u0438\u0441\u0430\u0442\u044c \u0438 \u043f\u0440\u043e\u0431\u043e\u0432\u0430\u0442\u044c \u0440\u0430\u0437\u0433\u043e\u0432\u0430\u0440\u0438\u0432\u0430\u0442\u044c \u043d\u0430 \u044f\u0437\u044b\u043a\u0435, \u043a\u043e\u0442\u043e\u0440\u044b\u0439 \u0432\u044b \u0443\u0447\u0438\u0442\u0435, \u043e\u0447\u0435\u043d\u044c \u043f\u043e\u043c\u043e\u0433\u0430\u0435\u0442 \u0432 \u0435\u0433\u043e \u0438\u0437\u0443\u0447\u0435\u043d\u0438\u0438. \u041a \u0441\u043e\u0436\u0430\u043b\u0435\u043d\u0438\u044e, \u0432\u0441\u043f\u043e\u043c\u043e\u0433\u0430\u0442\u0435\u043b\u044c\u043d\u044b\u0445 \u043a\u043d\u0438\u0433 \u043f\u043e \u0438\u0437\u0443\u0447\u0435\u043d\u0438\u044e \u0442\u0443\u0440\u0435\u0446\u043a\u043e\u0433\u043e \u044f\u0437\u044b\u043a\u0430, \u043a\u0430\u043a \u0438\u043d\u043e\u0441\u0442\u0440\u0430\u043d\u043d\u043e\u0433\u043e, \u043e\u0447\u0435\u043d\u044c \u043c\u0430\u043b\u043e. \u041a\u043d\u0438\u0433\u0430, \u043a\u043e\u0442\u043e\u0440\u0443\u044e \u0432\u044b \u0434\u0435\u0440\u0436\u0438\u0442\u0435 \u0432 \u0440\u0443\u043a\u0430\u0445, \u043f\u043e\u043c\u043e\u0436\u0435\u0442 \u0432\u0430\u043c \u0443\u043b\u0443\u0447\u0448\u0438\u0442\u044c \u043d\u0430\u0432\u044b\u043a\u0438 \u043f\u0435\u0440\u0435\u0432\u043e\u0434\u0430, \u0447\u0442\u0435\u043d\u0438\u044f \u0438 \u0441\u043e\u0432\u0435\u0440\u0448\u0435\u043d\u0441\u0442\u0432\u043e\u0432\u0430\u0442\u044c \u0440\u0435\u0447\u044c. \u0418\u0437 \u0441\u0432\u043e\u0435\u0433\u043e \u043e\u043f\u044b\u0442\u0430 \u044f \u0437\u043d\u0430\u044e: \u0435\u0441\u043b\u0438 \u0442\u0435\u043c\u0430 \u0441\u043a\u0443\u0447\u043d\u0430 \u0438 \u043d\u0435 \u0438\u043d\u0442\u0435\u0440\u0435\u0441\u043d\u0430 \u2013 \u0432\u044b \u043d\u0435 \u0445\u043e\u0442\u0438\u0442\u0435 \u0437\u0430\u043d\u0438\u043c\u0430\u0442\u044c\u0441\u044f, \u043d\u043e \u0435\u0441\u043b\u0438 \u043d\u0435 \u0437\u0430\u043d\u0438\u043c\u0430\u0442\u044c\u0441\u044f \u2013 \u043d\u0435 \u043c\u043e\u0436\u0435\u0442\u0435 \u0443\u0447\u0438\u0442\u044c \u044f\u0437\u044b\u043a. \u0421 \u043f\u043e\u043c\u043e\u0449\u044c\u044e \u044d\u0442\u043e\u0439 \u043a\u043d\u0438\u0433\u0438 \u044f \u043f\u044b\u0442\u0430\u043b\u0430\u0441\u044c \u0441\u043b\u043e\u043c\u0430\u0442\u044c \u044d\u0442\u043e\u0442 \u0437\u0430\u043c\u043a\u043d\u0443\u0442\u044b\u0439 \u043a\u0440\u0443\u0433. \u042d\u0442\u0430 \u043a\u043d\u0438\u0433\u0430 \u0431\u0443\u0434\u0435\u0442 \u043f\u043e\u043b\u0435\u0437\u043d\u0430 \u043a\u0430\u043a \u0438  \u0434\u043b\u044f \u0442\u0435\u0445 \u043a\u0442\u043e \u0438\u0437\u0443\u0447\u0430\u0435\u0442 \u0442\u0443\u0440\u0435\u0446\u043a\u0438\u0439 \u044f\u0437\u044b\u043a, \u0442\u0430\u043a \u0438 \u0434\u043b\u044f \u043f\u0440\u0435\u043f\u043e\u0434\u043e\u0432\u0430\u0442\u0435\u043b\u0435\u0439 \u0442\u0443\u0440\u0435\u0446\u043a\u043e\u0433\u043e \u044f\u0437\u044b\u043a\u0430.<\/p>\n","protected":false},"excerpt":{"rendered":"<p>Yabanc\u0131lar \u0130\u00e7in T\u00fcrk\u00e7e, her seviyede T\u00fcrk\u00e7e \u00f6\u011frenmekte olan \u00f6\u011frenciler i\u00e7in okuma-anlama, yazma ve konu\u015fma becerilerini geli\u015ftirmek amac\u0131yla haz\u0131rlanm\u0131\u015ft\u0131r. Kitap iki b\u00f6l\u00fcmden ve \u00fc\u00e7 seviyeden olu\u015fmaktad\u0131r. A1<span class=\"excerpt-hellip\"> [\u2026]<\/span><\/p>\n","protected":false},"featured_media":0,"template":"","meta":{"_monsterinsights_skip_tracking":false,"_monsterinsights_sitenote_active":false,"_monsterinsights_sitenote_note":"","_monsterinsights_sitenote_category":0},"product_brand":[],"product_cat":[14597,12566],"product_tag":[],"class_list":{"0":"post-715266","1":"product","2":"type-product","3":"status-publish","5":"product_cat-dil-ogrenimi","6":"product_cat-egitim","7":"pa_cilt-ciltsiz","8":"pa_tur-kitap","9":"pa_yayinevi-delta-kultur-yayinevi","10":"pa_yazar-serap-kalmutskiy","12":"first","13":"instock","14":"sale","15":"shipping-taxable","16":"purchasable","17":"product-type-simple"},"_links":{"self":[{"href":"https:\/\/roveyayinevi.com.tr\/index.php\/wp-json\/wp\/v2\/product\/715266","targetHints":{"allow":["GET"]}}],"collection":[{"href":"https:\/\/roveyayinevi.com.tr\/index.php\/wp-json\/wp\/v2\/product"}],"about":[{"href":"https:\/\/roveyayinevi.com.tr\/index.php\/wp-json\/wp\/v2\/types\/product"}],"wp:attachment":[{"href":"https:\/\/roveyayinevi.com.tr\/index.php\/wp-json\/wp\/v2\/media?parent=715266"}],"wp:term":[{"taxonomy":"product_brand","embeddable":true,"href":"https:\/\/roveyayinevi.com.tr\/index.php\/wp-json\/wp\/v2\/product_brand?post=715266"},{"taxonomy":"product_cat","embeddable":true,"href":"https:\/\/roveyayinevi.com.tr\/index.php\/wp-json\/wp\/v2\/product_cat?post=715266"},{"taxonomy":"product_tag","embeddable":true,"href":"https:\/\/roveyayinevi.com.tr\/index.php\/wp-json\/wp\/v2\/product_tag?post=715266"}],"curies":[{"name":"wp","href":"https:\/\/api.w.org\/{rel}","templated":true}]}}