{"id":715265,"date":"2025-08-27T17:28:38","date_gmt":"2025-08-27T14:28:38","guid":{"rendered":"https:\/\/roveyayinevi.com.tr\/index.php\/urun\/rusca-konusanlar-icin-turkce-dil-bilgisi\/"},"modified":"2026-04-16T02:23:24","modified_gmt":"2026-04-15T23:23:24","slug":"rusca-konusanlar-icin-turkce-dil-bilgisi","status":"publish","type":"product","link":"https:\/\/roveyayinevi.com.tr\/index.php\/urun\/rusca-konusanlar-icin-turkce-dil-bilgisi\/","title":{"rendered":"Rus\u00e7a Konu\u015fanlar \u0130\u00e7in T\u00fcrk\u00e7e Dil Bilgisi"},"content":{"rendered":"<p>Bu kitapta, T\u00fcrk\u00e7eyi yeni \u00f6\u011frenmeye ba\u015flayan \u00f6\u011frenciler i\u00e7in gramer kurallar\u0131 basit, e\u011flenceli ve \u00e7a\u011fda\u015f bir dille anlat\u0131lm\u0131\u015f, \u00f6\u011frencilerin s\u0131k\u0131lmadan T\u00fcrk\u00e7eyi \u00f6\u011frenmeleri hedeflenmi\u015ftir. Kitap on dersten olu\u015fmaktad\u0131r. \u0130lk \u00fc\u00e7 derste, T\u00fcrk diliyle tan\u0131\u015ft\u0131rma ama\u00e7l\u0131 basit c\u00fcmleler kullan\u0131lm\u0131\u015f, basit gramer konular\u0131 anlat\u0131lm\u0131\u015ft\u0131r. \u00dc\u00e7\u00fcnc\u00fc dersten sonra \u00f6\u011frencilerin okuma-anlama, yazma ve konu\u015fma becerilerini geli\u015ftirebilmeleri amac\u0131yla \u00e7e\u015fitli oyunlar, okuma metinleri, resimli hik\u00e2yeler, karikat\u00fcrler konmu\u015ftur. T\u00fcm bu materyallerin konulmas\u0131ndaki ama\u00e7, s\u0131k\u0131c\u0131 ve zor olan dil \u00f6\u011frenimi s\u00fcrecini \u00f6\u011frenciler i\u00e7in ilgin\u00e7 bir h\u00e2le getirip \u00f6\u011frencinin ilgisini kaybetmemesini sa\u011flamakt\u0131r. \u00d6\u011frencilere hem gramer hem de al\u0131\u015ft\u0131rma b\u00f6l\u00fcm\u00fcn\u00fc kullanma kolayl\u0131\u011f\u0131 sa\u011flayabilmek amac\u0131yla eserin arka y\u00fcz\u00fc de Al\u0131\u015ft\u0131rma Kitab\u0131 olarak tasarlanm\u0131\u015ft\u0131r. Al\u0131\u015ft\u0131rma Kitab\u0131\u2019na her konuya uygun, \u00f6\u011frencilerin \u00f6\u011frendikleri konular\u0131 peki\u015ftirmelerine yard\u0131mc\u0131 olmas\u0131 i\u00e7in yeterli say\u0131da al\u0131\u015ft\u0131rma konmu\u015ftur. \u0417\u0434\u0440\u0430\u0432\u0441\u0442\u0432\u0443\u0439\u0442\u0435! \u0411\u0443\u0434\u0443\u0447\u0438 \u0443\u0447\u0438\u0442\u0435\u043b\u0435\u043c \u0441 \u043f\u044f\u0442\u043d\u0430\u0434\u0446\u0430\u0442\u0438\u043b\u0435\u0442\u043d\u0438\u043c \u0441\u0442\u0430\u0436\u0435\u043c \u044f \u043f\u043e\u043d\u044f\u043b\u0430, \u0447\u0442\u043e \u0435\u0441\u043b\u0438 \u0443\u0447\u0435\u043d\u0438\u043a\u0430\u043c \u0441\u043a\u0443\u0447\u043d\u0430 \u0433\u0440\u0430\u043c\u043c\u0430\u0442\u0438\u043a\u0430, \u043d\u0435 \u0438\u043d\u0442\u0435\u0440\u0435\u0441\u043d\u044b\u0435 \u0442\u0435\u043a\u0441\u0442\u044b \u0434\u043b\u044f \u0447\u0442\u0435\u043d\u0438\u044f \u0438 \u0443\u043f\u0440\u0430\u0436\u043d\u0435\u043d\u0438\u044f, \u0442\u043e \u043e\u043d\u0438 \u0431\u044b\u0441\u0442\u0440\u043e \u0442\u0435\u0440\u044f\u044e\u0442 \u0438\u043d\u0442\u0435\u0440\u0435\u0441 \u043a \u0438\u0437\u0443\u0447\u0435\u043d\u0438\u044e \u044f\u0437\u044b\u043a\u0430. \u0422\u0430\u043a \u0436\u0435, \u043c\u043d\u043e\u0433\u0438\u0435 \u043f\u0440\u0435\u043f\u043e\u0434\u0430\u0432\u0430\u0442\u0435\u043b\u0438 \u0442\u0443\u0440\u0435\u0446\u043a\u043e\u0433\u043e \u044f\u0437\u044b\u043a\u0430 \u0438\u0441\u043f\u043e\u043b\u044c\u0437\u0443\u044e\u0442 \u0443\u0441\u0442\u0430\u0440\u0435\u0432\u0448\u0438\u0435 \u0443\u0447\u0435\u0431\u043d\u0438\u043a\u0438. \u0417\u0430\u0447\u0430\u0441\u0442\u0443\u044e, \u0432 \u044d\u0442\u0438\u0445 \u043a\u043d\u0438\u0433\u0430\u0445 \u0443\u043a\u0430\u0437\u0430\u043d\u044b \u0441\u0442\u0430\u0440\u044b\u0435 \u043f\u0440\u0430\u0432\u0438\u043b\u0430 \u0438 \u0441\u043b\u043e\u0432\u0430, \u043a\u043e\u0442\u043e\u0440\u044b\u0435, \u043c\u044b \u0442\u0443\u0440\u043a\u0438, \u0434\u0430\u0432\u043d\u043e \u0443\u0436\u0435 \u043d\u0435 \u0438\u0441\u043f\u043e\u043b\u044c\u0437\u0443\u0435\u043c. \u0418\u043c\u0435\u043d\u043d\u043e \u0438\u0437-\u0437\u0430 \u044d\u0442\u043e\u0433\u043e, \u0443 \u043c\u0435\u043d\u044f \u0432\u043e\u0437\u043d\u0438\u043a\u043b\u0430 \u0438\u0434\u0435\u044f \u043d\u0430\u043f\u0438\u0441\u0430\u0442\u044c \u044d\u0442\u0443 \u043a\u043d\u0438\u0433\u0443. \u042f \u043f\u043e\u0441\u0442\u0430\u0440\u0430\u044e\u0441\u044c \u0443\u0431\u0440\u0430\u0442\u044c \u0432\u0441\u044e \u043d\u0435\u043d\u0443\u0436\u043d\u0443\u044e \u0438\u043d\u0444\u043e\u0440\u043c\u0430\u0446\u0438\u044e \u0438 \u0441\u0434\u0435\u043b\u0430\u0442\u044c \u043f\u0440\u043e\u0446\u0435\u0441\u0441 \u0438\u0437\u0443\u0447\u0435\u043d\u0438\u044f \u0433\u0440\u0430\u043c\u043c\u0430\u0442\u0438\u043a\u0438 \u043d\u0430\u0438\u0431\u043e\u043b\u0435\u0435 \u043f\u0440\u043e\u0441\u0442\u044b\u043c \u0438 \u043f\u043e\u043d\u044f\u0442\u043d\u044b\u043c. \u042d\u0442\u0430 \u043a\u043d\u0438\u0433\u0430, \u043a\u0430\u043a \u0442\u0430\u0431\u043b\u0435\u0442\u043a\u0438 \u2013 \u043a\u043e\u043c\u043f\u0430\u043a\u0442\u043d\u043e, \u0431\u044b\u0441\u0442\u0440\u043e \u0438 \u044d\u0444\u0444\u0435\u043a\u0442\u0438\u0432\u043d\u043e! \u041d\u043e \u043d\u0435 \u043d\u0443\u0436\u043d\u043e \u0437\u0430\u0431\u044b\u0432\u0430\u0442\u044c, \u0447\u0442\u043e \u0432\u0441\u0435 \u043c\u043e\u0438 \u0441\u0442\u0430\u0440\u0430\u043d\u0438\u044f \u043c\u043e\u0433\u0443\u0442 \u043e\u043a\u0430\u0437\u0430\u0442\u044c\u0441\u044f \u0431\u0435\u0441\u043f\u043e\u043b\u0435\u0437\u043d\u044b\u043c\u0438, \u0435\u0441\u043b\u0438 \u0432\u044b \u043d\u0435 \u0431\u0443\u0434\u0435\u0442\u0435 \u043c\u0430\u043a\u0441\u0438\u043c\u0430\u043b\u044c\u043d\u043e \u043f\u0440\u0438\u043b\u0430\u0433\u0430\u0442\u044c \u0441\u0432\u043e\u0438 \u0443\u0441\u0438\u043b\u0438\u044f. \u0414\u0430\u0432\u0430\u0439\u0442\u0435 \u043d\u0430\u0447\u043d\u0435\u043c. \u041d\u0438 \u043f\u0443\u0445\u0430 \u043d\u0438 \u043f\u0435\u0440\u0430!<\/p>\n","protected":false},"excerpt":{"rendered":"<p>Bu kitapta, T\u00fcrk\u00e7eyi yeni \u00f6\u011frenmeye ba\u015flayan \u00f6\u011frenciler i\u00e7in gramer kurallar\u0131 basit, e\u011flenceli ve \u00e7a\u011fda\u015f bir dille anlat\u0131lm\u0131\u015f, \u00f6\u011frencilerin s\u0131k\u0131lmadan T\u00fcrk\u00e7eyi \u00f6\u011frenmeleri hedeflenmi\u015ftir. Kitap on dersten olu\u015fmaktad\u0131r.<span class=\"excerpt-hellip\"> [\u2026]<\/span><\/p>\n","protected":false},"featured_media":0,"template":"","meta":{"_monsterinsights_skip_tracking":false,"_monsterinsights_sitenote_active":false,"_monsterinsights_sitenote_note":"","_monsterinsights_sitenote_category":0},"product_brand":[],"product_cat":[14597,12566],"product_tag":[],"class_list":{"0":"post-715265","1":"product","2":"type-product","3":"status-publish","5":"product_cat-dil-ogrenimi","6":"product_cat-egitim","7":"pa_cilt-ciltsiz","8":"pa_tur-kitap","9":"pa_yayinevi-delta-kultur-yayinevi","10":"pa_yazar-serap-kalmutskiy","12":"first","13":"instock","14":"sale","15":"shipping-taxable","16":"purchasable","17":"product-type-simple"},"_links":{"self":[{"href":"https:\/\/roveyayinevi.com.tr\/index.php\/wp-json\/wp\/v2\/product\/715265","targetHints":{"allow":["GET"]}}],"collection":[{"href":"https:\/\/roveyayinevi.com.tr\/index.php\/wp-json\/wp\/v2\/product"}],"about":[{"href":"https:\/\/roveyayinevi.com.tr\/index.php\/wp-json\/wp\/v2\/types\/product"}],"wp:attachment":[{"href":"https:\/\/roveyayinevi.com.tr\/index.php\/wp-json\/wp\/v2\/media?parent=715265"}],"wp:term":[{"taxonomy":"product_brand","embeddable":true,"href":"https:\/\/roveyayinevi.com.tr\/index.php\/wp-json\/wp\/v2\/product_brand?post=715265"},{"taxonomy":"product_cat","embeddable":true,"href":"https:\/\/roveyayinevi.com.tr\/index.php\/wp-json\/wp\/v2\/product_cat?post=715265"},{"taxonomy":"product_tag","embeddable":true,"href":"https:\/\/roveyayinevi.com.tr\/index.php\/wp-json\/wp\/v2\/product_tag?post=715265"}],"curies":[{"name":"wp","href":"https:\/\/api.w.org\/{rel}","templated":true}]}}