{"id":715261,"date":"2025-08-27T17:28:35","date_gmt":"2025-08-27T14:28:35","guid":{"rendered":"https:\/\/roveyayinevi.com.tr\/index.php\/urun\/insan-ne-ile-yasar-13\/"},"modified":"2026-04-16T02:23:24","modified_gmt":"2026-04-15T23:23:24","slug":"insan-ne-ile-yasar-13","status":"publish","type":"product","link":"https:\/\/roveyayinevi.com.tr\/index.php\/urun\/insan-ne-ile-yasar-13\/","title":{"rendered":"\u0130nsan Ne \u0130le Ya\u015far?"},"content":{"rendered":"<p>&#8220;Tek \u00f6nemli vakit vard\u0131r; i\u00e7inde bulundu\u011funuz an. O an en \u00f6nemli vakittir, \u00e7\u00fcnk\u00fc sadece o zaman elimizden bir \u015fey gelebilir. En \u00f6nemli ki\u015fi, kiminle beraberseniz odur, zira hi\u00e7 kimse bir ba\u015fkas\u0131yla bir daha g\u00f6r\u00fc\u015f\u00fcp g\u00f6r\u00fc\u015fmeyece\u011fini bilemez; ve en \u00f6nemli i\u015f iyilik yapmakt\u0131r, \u00e7\u00fcnk\u00fc insan\u0131n bu d\u00fcnyaya g\u00f6nderilmesinin tek sebebi budur.\u201d  Yazar kimli\u011finin yan\u0131s\u0131ra din, toplum, sanat konular\u0131ndaki g\u00f6r\u00fc\u015fleriyle ruhani ve ahl\u00e2ki bir lider olarak da sayg\u0131 g\u00f6ren Lev Nikolayevi\u00e7 Tolstoy (1828-1910) k\u0131sa hik\u00e2yelerinde de bu \u00e7ok y\u00f6nl\u00fcl\u00fc\u011f\u00fcn\u00fc yans\u0131t\u0131r.  Derlememizde yer alan \u0130nsan Ne ile Ya\u015far?, \u0130nsana Ne Kadar Toprak Gerekir?, Hayat\u0131n Anlam\u0131, Kefaret, B\u00fcy\u00fcrse S\u00f6nd\u00fcremezsin, \u00dc\u00e7 \u00d6l\u00fcm isimli hik\u00e2yelerinde Tolstoy, iyilik-k\u00f6t\u00fcl\u00fck; a\u00e7g\u00f6z- l\u00fcl\u00fck-tokg\u00f6zl\u00fcl\u00fck, hayat-\u00f6l\u00fcm benzeri kar\u015f\u0131tl\u0131klar\u0131n felsefi bir yan\u0131t\u0131n\u0131 vermeye \u00e7al\u0131\u015f\u0131rken; edebi g\u00fcc\u00fcn\u00fc de sergiliyor.<\/p>\n","protected":false},"excerpt":{"rendered":"<p>&#8220;Tek \u00f6nemli vakit vard\u0131r; i\u00e7inde bulundu\u011funuz an. O an en \u00f6nemli vakittir, \u00e7\u00fcnk\u00fc sadece o zaman elimizden bir \u015fey gelebilir. En \u00f6nemli ki\u015fi, kiminle beraberseniz odur,<span class=\"excerpt-hellip\"> [\u2026]<\/span><\/p>\n","protected":false},"featured_media":0,"template":"","meta":{"_monsterinsights_skip_tracking":false,"_monsterinsights_sitenote_active":false,"_monsterinsights_sitenote_note":"","_monsterinsights_sitenote_category":0},"product_brand":[],"product_cat":[12291,12711],"product_tag":[],"class_list":{"0":"post-715261","1":"product","2":"type-product","3":"status-publish","5":"product_cat-edebiyat","6":"product_cat-roman-oyku","7":"pa_cilt-ciltsiz","8":"pa_tur-kitap","9":"pa_yayinevi-cem-yayinevi","10":"pa_yazar-lev-nikolayevic-tolstoy","12":"first","13":"instock","14":"sale","15":"shipping-taxable","16":"purchasable","17":"product-type-simple"},"_links":{"self":[{"href":"https:\/\/roveyayinevi.com.tr\/index.php\/wp-json\/wp\/v2\/product\/715261","targetHints":{"allow":["GET"]}}],"collection":[{"href":"https:\/\/roveyayinevi.com.tr\/index.php\/wp-json\/wp\/v2\/product"}],"about":[{"href":"https:\/\/roveyayinevi.com.tr\/index.php\/wp-json\/wp\/v2\/types\/product"}],"wp:attachment":[{"href":"https:\/\/roveyayinevi.com.tr\/index.php\/wp-json\/wp\/v2\/media?parent=715261"}],"wp:term":[{"taxonomy":"product_brand","embeddable":true,"href":"https:\/\/roveyayinevi.com.tr\/index.php\/wp-json\/wp\/v2\/product_brand?post=715261"},{"taxonomy":"product_cat","embeddable":true,"href":"https:\/\/roveyayinevi.com.tr\/index.php\/wp-json\/wp\/v2\/product_cat?post=715261"},{"taxonomy":"product_tag","embeddable":true,"href":"https:\/\/roveyayinevi.com.tr\/index.php\/wp-json\/wp\/v2\/product_tag?post=715261"}],"curies":[{"name":"wp","href":"https:\/\/api.w.org\/{rel}","templated":true}]}}