{"id":715254,"date":"2025-08-27T17:28:30","date_gmt":"2025-08-27T14:28:30","guid":{"rendered":"https:\/\/roveyayinevi.com.tr\/index.php\/urun\/osmanli-diplomasi-tarihi\/"},"modified":"2026-04-16T02:23:24","modified_gmt":"2026-04-15T23:23:24","slug":"osmanli-diplomasi-tarihi","status":"publish","type":"product","link":"https:\/\/roveyayinevi.com.tr\/index.php\/urun\/osmanli-diplomasi-tarihi\/","title":{"rendered":"Osmanl\u0131 Diplomas\u0131 Tarihi"},"content":{"rendered":"<p>Osmanl\u0131 Devleti\u2019ni anlamak ve anlamland\u0131rman\u0131n \u00f6nemli unsurlar\u0131ndan birisi devletin d\u0131\u015f politikas\u0131 ve buna ba\u011fl\u0131 olarak \u015fekillenen diplomasi anlay\u0131\u015f\u0131n\u0131n ana hatlar\u0131n\u0131n nas\u0131l oldu\u011funun tespiti ile m\u00fcmk\u00fcnd\u00fcr. Bu tespitler g\u00fcn\u00fcm\u00fcz T\u00fcrkiye\u2019sinin uluslararas\u0131 arenadaki konumu ve d\u0131\u015f politikas\u0131n\u0131n temel dinamiklerini ayd\u0131nlatacak nitelikler ta\u015f\u0131maktad\u0131r. Bu durum Osmanl\u0131 Devleti\u2019nin uzun s\u00fcren tarihi boyunca di\u011fer devletler ile olan m\u00fcnasebetlerinde kulland\u0131\u011f\u0131 diplomasi kurumlar\u0131 ve uygulamalar\u0131n\u0131n incelenmesini \u00f6nemli hale getirmektedir.Elinizdeki kitap bu d\u00fc\u015f\u00fcnceden hareketle kaleme al\u0131nm\u0131\u015ft\u0131r. Osmanl\u0131 diplomasisinin kurumlar\u0131 ve tatbiki \u015feklinde iki b\u00f6l\u00fcmden olu\u015fan eserde, akademisyen tarih\u00e7ilerimiz Osmanl\u0131 diplomasisinin farkl\u0131 y\u00f6nlerini ele almak suretiyle katk\u0131da bulunmu\u015flard\u0131r. \u00c7al\u0131\u015fma bu y\u00f6nleriyle Osmanl\u0131 diplomasi literat\u00fcr\u00fcne yeni bilgi ve birikimler \u0131\u015f\u0131\u011f\u0131nda katk\u0131 sa\u011flamay\u0131 hedeflemektedir. <\/p>\n","protected":false},"excerpt":{"rendered":"<p>Osmanl\u0131 Devleti\u2019ni anlamak ve anlamland\u0131rman\u0131n \u00f6nemli unsurlar\u0131ndan birisi devletin d\u0131\u015f politikas\u0131 ve buna ba\u011fl\u0131 olarak \u015fekillenen diplomasi anlay\u0131\u015f\u0131n\u0131n ana hatlar\u0131n\u0131n nas\u0131l oldu\u011funun tespiti ile m\u00fcmk\u00fcnd\u00fcr. Bu<span class=\"excerpt-hellip\"> [\u2026]<\/span><\/p>\n","protected":false},"featured_media":0,"template":"","meta":{"_monsterinsights_skip_tracking":false,"_monsterinsights_sitenote_active":false,"_monsterinsights_sitenote_note":"","_monsterinsights_sitenote_category":0},"product_brand":[],"product_cat":[13517,12304],"product_tag":[],"class_list":{"0":"post-715254","1":"product","2":"type-product","3":"status-publish","5":"product_cat-osmanli-tarihi","6":"product_cat-tarih","7":"pa_cilt-ciltsiz","8":"pa_tur-kitap","9":"pa_yayinevi-altinordu-yayinlari","10":"pa_yazar-kollektif","12":"first","13":"instock","14":"sale","15":"shipping-taxable","16":"purchasable","17":"product-type-simple"},"_links":{"self":[{"href":"https:\/\/roveyayinevi.com.tr\/index.php\/wp-json\/wp\/v2\/product\/715254","targetHints":{"allow":["GET"]}}],"collection":[{"href":"https:\/\/roveyayinevi.com.tr\/index.php\/wp-json\/wp\/v2\/product"}],"about":[{"href":"https:\/\/roveyayinevi.com.tr\/index.php\/wp-json\/wp\/v2\/types\/product"}],"wp:attachment":[{"href":"https:\/\/roveyayinevi.com.tr\/index.php\/wp-json\/wp\/v2\/media?parent=715254"}],"wp:term":[{"taxonomy":"product_brand","embeddable":true,"href":"https:\/\/roveyayinevi.com.tr\/index.php\/wp-json\/wp\/v2\/product_brand?post=715254"},{"taxonomy":"product_cat","embeddable":true,"href":"https:\/\/roveyayinevi.com.tr\/index.php\/wp-json\/wp\/v2\/product_cat?post=715254"},{"taxonomy":"product_tag","embeddable":true,"href":"https:\/\/roveyayinevi.com.tr\/index.php\/wp-json\/wp\/v2\/product_tag?post=715254"}],"curies":[{"name":"wp","href":"https:\/\/api.w.org\/{rel}","templated":true}]}}