{"id":715250,"date":"2025-08-27T17:28:27","date_gmt":"2025-08-27T14:28:27","guid":{"rendered":"https:\/\/roveyayinevi.com.tr\/index.php\/urun\/kacagin-portresi\/"},"modified":"2026-04-16T02:23:24","modified_gmt":"2026-04-15T23:23:24","slug":"kacagin-portresi","status":"publish","type":"product","link":"https:\/\/roveyayinevi.com.tr\/index.php\/urun\/kacagin-portresi\/","title":{"rendered":"Ka\u00e7a\u011f\u0131n Portresi"},"content":{"rendered":"<p>90\u2019lar\u0131n ortas\u0131nda \u0130ngiltere\u2019deki bir \u00fcniversitede S\u00e9bastien ad\u0131nda gen\u00e7 bir adam ard\u0131nda iz b\u0131rakmadan ortadan kaybolur. Y\u0131llar sonra arkada\u015f\u0131 Hermann, dostunun kaybolu\u015funun s\u0131rr\u0131n\u0131 \u00e7\u00f6z\u00fcp \u00f6yk\u00fcs\u00fcn\u00fc anlatmaya karar verir. Kendisine b\u0131rakt\u0131\u011f\u0131 mektuplardan, g\u00fcnl\u00fc\u011f\u00fcnden ve Paris\u2019te ya\u015fad\u0131klar\u0131 g\u00fcnlerden geriye kalan an\u0131lar\u0131ndan yola \u00e7\u0131karak S\u00e9bastien\u2019in izini s\u00fcrer. Ger\u00e7ekte kimdir bu S\u00e9bastien? Clara\u2019ya besledi\u011fi kar\u015f\u0131l\u0131ks\u0131z a\u015fkla ba\u015fa \u00e7\u0131kamayan bir ergen mi, parlak bir \u00f6\u011frenci mi, k\u00f6klerini arayan gen\u00e7 bir yeti\u015fkin mi?   Yeni tan\u0131\u015ft\u0131\u011f\u0131 amcas\u0131n\u0131n emanet etti\u011fi gizemli nesneyle hayat\u0131 daha karma\u015f\u0131k hale gelen S\u00e9bastien\u2019in \u00e7ocukluk, ergenlik, yeti\u015fkinlik evrelerinde \u00fc\u00e7 ayr\u0131 kente, Lozan, Paris ve Clothworkers\u2019a, Frans\u0131z Alpler\u2019inden Saint-Michel\u2019e oradan da \u0130ngiliz pub\u2019lar\u0131na uzanan yolculu\u011fu, bir kaybolu\u015fun oldu\u011fu kadar bir aray\u0131\u015f\u0131n da hik\u00e2yesi. <\/p>\n","protected":false},"excerpt":{"rendered":"<p>90\u2019lar\u0131n ortas\u0131nda \u0130ngiltere\u2019deki bir \u00fcniversitede S\u00e9bastien ad\u0131nda gen\u00e7 bir adam ard\u0131nda iz b\u0131rakmadan ortadan kaybolur. Y\u0131llar sonra arkada\u015f\u0131 Hermann, dostunun kaybolu\u015funun s\u0131rr\u0131n\u0131 \u00e7\u00f6z\u00fcp \u00f6yk\u00fcs\u00fcn\u00fc anlatmaya karar<span class=\"excerpt-hellip\"> [\u2026]<\/span><\/p>\n","protected":false},"featured_media":0,"template":"","meta":{"_monsterinsights_skip_tracking":false,"_monsterinsights_sitenote_active":false,"_monsterinsights_sitenote_note":"","_monsterinsights_sitenote_category":0},"product_brand":[],"product_cat":[12291,12711],"product_tag":[],"class_list":{"0":"post-715250","1":"product","2":"type-product","3":"status-publish","5":"product_cat-edebiyat","6":"product_cat-roman-oyku","7":"pa_cilt-ciltsiz","8":"pa_tur-kitap","9":"pa_yayinevi-can-yayinlari","10":"pa_yazar-davit-boratav","12":"first","13":"instock","14":"sale","15":"shipping-taxable","16":"purchasable","17":"product-type-simple"},"_links":{"self":[{"href":"https:\/\/roveyayinevi.com.tr\/index.php\/wp-json\/wp\/v2\/product\/715250","targetHints":{"allow":["GET"]}}],"collection":[{"href":"https:\/\/roveyayinevi.com.tr\/index.php\/wp-json\/wp\/v2\/product"}],"about":[{"href":"https:\/\/roveyayinevi.com.tr\/index.php\/wp-json\/wp\/v2\/types\/product"}],"wp:attachment":[{"href":"https:\/\/roveyayinevi.com.tr\/index.php\/wp-json\/wp\/v2\/media?parent=715250"}],"wp:term":[{"taxonomy":"product_brand","embeddable":true,"href":"https:\/\/roveyayinevi.com.tr\/index.php\/wp-json\/wp\/v2\/product_brand?post=715250"},{"taxonomy":"product_cat","embeddable":true,"href":"https:\/\/roveyayinevi.com.tr\/index.php\/wp-json\/wp\/v2\/product_cat?post=715250"},{"taxonomy":"product_tag","embeddable":true,"href":"https:\/\/roveyayinevi.com.tr\/index.php\/wp-json\/wp\/v2\/product_tag?post=715250"}],"curies":[{"name":"wp","href":"https:\/\/api.w.org\/{rel}","templated":true}]}}