{"id":715249,"date":"2025-08-27T17:28:27","date_gmt":"2025-08-27T14:28:27","guid":{"rendered":"https:\/\/roveyayinevi.com.tr\/index.php\/urun\/gerceklik-gorundugu-gibi-degildir\/"},"modified":"2026-04-16T02:23:24","modified_gmt":"2026-04-15T23:23:24","slug":"gerceklik-gorundugu-gibi-degildir","status":"publish","type":"product","link":"https:\/\/roveyayinevi.com.tr\/index.php\/urun\/gerceklik-gorundugu-gibi-degildir\/","title":{"rendered":"Ger\u00e7eklik G\u00f6r\u00fcnd\u00fc\u011f\u00fc Gibi De\u011fildir"},"content":{"rendered":"<p>D\u00fcnya s\u0131n\u0131rs\u0131z ve reng\u00e2renktir; gidip onu g\u00f6rmek isteriz. Gizemi ve g\u00fczelli\u011fi \u00e7evremizi sarar, tepelerin ard\u0131nda da daha ke\u015ffedilmemi\u015f yerler vard\u0131r. Bilmediklerimizin derin u\u00e7urumunun \u00fczerinde as\u0131l\u0131 durumdayken, \u00e7evremizi ku\u015fatan bu belirsizlik ve karars\u0131zl\u0131k ya\u015fam\u0131 anlams\u0131z k\u0131lmaz, tersine de\u011ferini art\u0131r\u0131r.\u201d Fizik \u00dczerine Yedi K\u0131sa Ders\u2019te, fizikle ha\u015f\u0131r ne\u015fir olmayan okura modern fizik yasalar\u0131n\u0131 anla\u015f\u0131l\u0131r bir temel \u00e7er\u00e7evede sunan Rovelli, Ger\u00e7eklik G\u00f6r\u00fcnd\u00fc\u011f\u00fc Gibi De\u011fildir\u2019de ayn\u0131 ak\u0131c\u0131 ve keyifli anlat\u0131m\u0131yla \u201cNesnelerin do\u011fas\u0131 nedir? Ne t\u00fcr dinamikleri vard\u0131r?\u201c sorular\u0131n\u0131n izini s\u00fcr\u00fcyor. \u0130nsano\u011flunun evrene y\u00f6nelik ke\u015fif ser\u00fcvenini anlatan d\u00fcnyaca \u00fcnl\u00fc fizik\u00e7i, temel fizi\u011fin \u00f6ne \u00e7\u0131kan fikir ve sorunlar\u0131n\u0131n Antik Yunan\u2019dan g\u00fcn\u00fcm\u00fcze ge\u00e7irdi\u011fi de\u011fi\u015fim s\u00fcrecini, 20. y\u00fczy\u0131l fizi\u011finin b\u00fcy\u00fck bulu\u015flar\u0131n\u0131 ve kuantum k\u00fctle \u00e7ekimine y\u00f6nelik ara\u015ft\u0131rmalarda ortaya \u00e7\u0131kmakta olan d\u00fcnya imgesini mercek alt\u0131na al\u0131yor.  Ger\u00e7eklik G\u00f6r\u00fcnd\u00fc\u011f\u00fc Gibi De\u011fildir, yazar\u0131n\u0131n evrenin gizemlerine ve bilime duydu\u011fu tutkuyu her sat\u0131rda duyumsatt\u0131\u011f\u0131, dahas\u0131 okuru da bu heyecanl\u0131 ke\u015fif yolculu\u011funa ortak etti\u011fi ola\u011fan\u00fcst\u00fc bir \u00e7al\u0131\u015fma. <\/p>\n","protected":false},"excerpt":{"rendered":"<p>D\u00fcnya s\u0131n\u0131rs\u0131z ve reng\u00e2renktir; gidip onu g\u00f6rmek isteriz. Gizemi ve g\u00fczelli\u011fi \u00e7evremizi sarar, tepelerin ard\u0131nda da daha ke\u015ffedilmemi\u015f yerler vard\u0131r. Bilmediklerimizin derin u\u00e7urumunun \u00fczerinde as\u0131l\u0131 durumdayken,<span class=\"excerpt-hellip\"> [\u2026]<\/span><\/p>\n","protected":false},"featured_media":0,"template":"","meta":{"_monsterinsights_skip_tracking":false,"_monsterinsights_sitenote_active":false,"_monsterinsights_sitenote_note":"","_monsterinsights_sitenote_category":0},"product_brand":[],"product_cat":[13005,13006],"product_tag":[],"class_list":{"0":"post-715249","1":"product","2":"type-product","3":"status-publish","5":"product_cat-bilim-muhendislik","6":"product_cat-populer-bilim","7":"pa_cilt-ciltsiz","8":"pa_tur-kitap","9":"pa_yayinevi-can-yayinlari","10":"pa_yazar-carlo-rovelli","12":"first","13":"instock","14":"sale","15":"shipping-taxable","16":"purchasable","17":"product-type-simple"},"_links":{"self":[{"href":"https:\/\/roveyayinevi.com.tr\/index.php\/wp-json\/wp\/v2\/product\/715249","targetHints":{"allow":["GET"]}}],"collection":[{"href":"https:\/\/roveyayinevi.com.tr\/index.php\/wp-json\/wp\/v2\/product"}],"about":[{"href":"https:\/\/roveyayinevi.com.tr\/index.php\/wp-json\/wp\/v2\/types\/product"}],"wp:attachment":[{"href":"https:\/\/roveyayinevi.com.tr\/index.php\/wp-json\/wp\/v2\/media?parent=715249"}],"wp:term":[{"taxonomy":"product_brand","embeddable":true,"href":"https:\/\/roveyayinevi.com.tr\/index.php\/wp-json\/wp\/v2\/product_brand?post=715249"},{"taxonomy":"product_cat","embeddable":true,"href":"https:\/\/roveyayinevi.com.tr\/index.php\/wp-json\/wp\/v2\/product_cat?post=715249"},{"taxonomy":"product_tag","embeddable":true,"href":"https:\/\/roveyayinevi.com.tr\/index.php\/wp-json\/wp\/v2\/product_tag?post=715249"}],"curies":[{"name":"wp","href":"https:\/\/api.w.org\/{rel}","templated":true}]}}