{"id":715247,"date":"2025-08-27T17:28:25","date_gmt":"2025-08-27T14:28:25","guid":{"rendered":"https:\/\/roveyayinevi.com.tr\/index.php\/urun\/simdilik-bu-kadar\/"},"modified":"2026-04-16T02:23:24","modified_gmt":"2026-04-15T23:23:24","slug":"simdilik-bu-kadar","status":"publish","type":"product","link":"https:\/\/roveyayinevi.com.tr\/index.php\/urun\/simdilik-bu-kadar\/","title":{"rendered":"\u015eimdilik Bu Kadar"},"content":{"rendered":"<p>\u015eimdilik Bu Kadar\u2019da, birbirinin dostu iki s\u0131ra d\u0131\u015f\u0131 kad\u0131n, uzun soluklu ve keyifli bir sohbetle hayat hik\u00e2yelerini anlat\u0131yor. Tan\u0131\u015f\u0131kl\u0131klar\u0131 y\u0131llara dayanan Serra Y\u0131lmaz&#8217;la Emine U\u015fakl\u0131gil\u2019in pek \u00e7ok ortak noktas\u0131 var: k\u00f6kl\u00fc ailelerden geliyor olmalar\u0131, uzun y\u0131llar yurtd\u0131\u015f\u0131nda ya\u015famalar\u0131, dolay\u0131s\u0131yla \u201c\u00e7ok dilli\u201d ve \u201c\u00e7ok kimlikli\u201d olmalar\u0131 gibi. Ayr\u0131ca ikisi de sevdikleri i\u015fi yapmakta, hayallerini ger\u00e7ekle\u015ftirmekte, s\u00f6zlerini s\u00f6ylemekte hep direten, \u00f6d\u00fcn vermez ki\u015filer olmu\u015flar.  Serra Y\u0131lmaz sinema ve tiyatroseverlerin g\u00f6nl\u00fcnde taht kurmu\u015f d\u00fcnyaca \u00fcnl\u00fc bir sanat\u00e7\u0131 olmakla kalm\u0131yor, ayn\u0131 zamanda da hayli etkili bir aktivist ve ba\u015far\u0131l\u0131 bir simultane terc\u00fcman. Dillere destan a\u015f\u00e7\u0131l\u0131\u011f\u0131, iflah olmaz seyyahl\u0131\u011f\u0131 da cabas\u0131&#8230; Emine U\u015fakl\u0131gil ise gazetecili\u011fin yan\u0131 s\u0131ra sinema sekt\u00f6r\u00fcnde \u00e7al\u0131\u015fm\u0131\u015f; gazete ve \u015firket y\u00f6neticili\u011fi, film prod\u00fcksiyonu, simultane terc\u00fcmanl\u0131k ve yazarl\u0131k gibi bir\u00e7ok mesle\u011fi zorlanmadan icra etmi\u015f biri, \u015fimdi de \u00e7ift\u00e7ilikle ilgileniyor. \u0130kisinin de kanseri yenmesi, sars\u0131c\u0131 kay\u0131plar ya\u015famas\u0131, her seferinde hayata tutunup yeniden ba\u015flamas\u0131 ve y\u0131llara meydan okumas\u0131 bu renkli hayatlara farkl\u0131 tonlar katm\u0131\u015f. Serra Y\u0131lmaz ve Emine U\u015fakl\u0131gil, \u015eimdilik Bu Kadar\u2019da \u00e7ocukluktan bug\u00fcne ya\u015fad\u0131klar\u0131 hayat\u0131 anlat\u0131rlarken bir d\u00f6neme de \u0131\u015f\u0131k tutuyorlar. Gerek siyasetin i\u00e7inden, gerekse sanat d\u00fcnyas\u0131ndan yak\u0131n tarihin bir\u00e7ok \u00f6nemli fig\u00fcr\u00fcn\u00fc bu reng\u00e2renk kitab\u0131n sayfalar\u0131na ta\u015f\u0131yorlar. <\/p>\n","protected":false},"excerpt":{"rendered":"<p>\u015eimdilik Bu Kadar\u2019da, birbirinin dostu iki s\u0131ra d\u0131\u015f\u0131 kad\u0131n, uzun soluklu ve keyifli bir sohbetle hayat hik\u00e2yelerini anlat\u0131yor. Tan\u0131\u015f\u0131kl\u0131klar\u0131 y\u0131llara dayanan Serra Y\u0131lmaz&#8217;la Emine U\u015fakl\u0131gil\u2019in pek<span class=\"excerpt-hellip\"> [\u2026]<\/span><\/p>\n","protected":false},"featured_media":0,"template":"","meta":{"_monsterinsights_skip_tracking":false,"_monsterinsights_sitenote_active":false,"_monsterinsights_sitenote_note":"","_monsterinsights_sitenote_category":0},"product_brand":[],"product_cat":[18545,12291],"product_tag":[],"class_list":{"0":"post-715247","1":"product","2":"type-product","3":"status-publish","5":"product_cat-anlati","6":"product_cat-edebiyat","7":"pa_cilt-ciltsiz","8":"pa_tur-kitap","9":"pa_yayinevi-can-yayinlari","10":"pa_yazar-serra-yilmaz-emine-usakligil","12":"first","13":"instock","14":"sale","15":"shipping-taxable","16":"purchasable","17":"product-type-simple"},"_links":{"self":[{"href":"https:\/\/roveyayinevi.com.tr\/index.php\/wp-json\/wp\/v2\/product\/715247","targetHints":{"allow":["GET"]}}],"collection":[{"href":"https:\/\/roveyayinevi.com.tr\/index.php\/wp-json\/wp\/v2\/product"}],"about":[{"href":"https:\/\/roveyayinevi.com.tr\/index.php\/wp-json\/wp\/v2\/types\/product"}],"wp:attachment":[{"href":"https:\/\/roveyayinevi.com.tr\/index.php\/wp-json\/wp\/v2\/media?parent=715247"}],"wp:term":[{"taxonomy":"product_brand","embeddable":true,"href":"https:\/\/roveyayinevi.com.tr\/index.php\/wp-json\/wp\/v2\/product_brand?post=715247"},{"taxonomy":"product_cat","embeddable":true,"href":"https:\/\/roveyayinevi.com.tr\/index.php\/wp-json\/wp\/v2\/product_cat?post=715247"},{"taxonomy":"product_tag","embeddable":true,"href":"https:\/\/roveyayinevi.com.tr\/index.php\/wp-json\/wp\/v2\/product_tag?post=715247"}],"curies":[{"name":"wp","href":"https:\/\/api.w.org\/{rel}","templated":true}]}}