{"id":715246,"date":"2025-08-27T17:28:25","date_gmt":"2025-08-27T14:28:25","guid":{"rendered":"https:\/\/roveyayinevi.com.tr\/index.php\/urun\/caglarin-kis-macerasi\/"},"modified":"2026-04-12T02:28:41","modified_gmt":"2026-04-11T23:28:41","slug":"caglarin-kis-macerasi","status":"publish","type":"product","link":"https:\/\/roveyayinevi.com.tr\/index.php\/urun\/caglarin-kis-macerasi\/","title":{"rendered":"\u00c7a\u011flar\u2019\u0131n K\u0131\u015f Maceras\u0131"},"content":{"rendered":"<p>Ya\u015fas\u0131n! Kar ya\u011fd\u0131! \u00c7a\u011flar mutluluktan yerinde duram\u0131yordu. En sonunda yeni k\u0131za\u011f\u0131yla kayabilecek, kar topu oynayabilecek, Pelin ve abisiyle birlikte iglo evi yapabilecekti&#8230;  <\/p>\n","protected":false},"excerpt":{"rendered":"<p>Ya\u015fas\u0131n! Kar ya\u011fd\u0131! \u00c7a\u011flar mutluluktan yerinde duram\u0131yordu. En sonunda yeni k\u0131za\u011f\u0131yla kayabilecek, kar topu oynayabilecek, Pelin ve abisiyle birlikte iglo evi yapabilecekti&#8230;<\/p>\n","protected":false},"featured_media":0,"template":"","meta":{"_monsterinsights_skip_tracking":false,"_monsterinsights_sitenote_active":false,"_monsterinsights_sitenote_note":"","_monsterinsights_sitenote_category":0},"product_brand":[],"product_cat":[12274,12284],"product_tag":[],"class_list":{"0":"post-715246","1":"product","2":"type-product","3":"status-publish","5":"product_cat-cocuk-ve-genclik-kitaplari","6":"product_cat-hikayeler","7":"pa_cilt-ciltsiz","8":"pa_tur-kitap","9":"pa_yayinevi-is-bankasi-kultur-yayinlari","10":"pa_yazar-christian-tielmann","12":"first","13":"instock","14":"sale","15":"shipping-taxable","16":"purchasable","17":"product-type-simple"},"_links":{"self":[{"href":"https:\/\/roveyayinevi.com.tr\/index.php\/wp-json\/wp\/v2\/product\/715246","targetHints":{"allow":["GET"]}}],"collection":[{"href":"https:\/\/roveyayinevi.com.tr\/index.php\/wp-json\/wp\/v2\/product"}],"about":[{"href":"https:\/\/roveyayinevi.com.tr\/index.php\/wp-json\/wp\/v2\/types\/product"}],"wp:attachment":[{"href":"https:\/\/roveyayinevi.com.tr\/index.php\/wp-json\/wp\/v2\/media?parent=715246"}],"wp:term":[{"taxonomy":"product_brand","embeddable":true,"href":"https:\/\/roveyayinevi.com.tr\/index.php\/wp-json\/wp\/v2\/product_brand?post=715246"},{"taxonomy":"product_cat","embeddable":true,"href":"https:\/\/roveyayinevi.com.tr\/index.php\/wp-json\/wp\/v2\/product_cat?post=715246"},{"taxonomy":"product_tag","embeddable":true,"href":"https:\/\/roveyayinevi.com.tr\/index.php\/wp-json\/wp\/v2\/product_tag?post=715246"}],"curies":[{"name":"wp","href":"https:\/\/api.w.org\/{rel}","templated":true}]}}