{"id":715244,"date":"2025-08-27T17:28:23","date_gmt":"2025-08-27T14:28:23","guid":{"rendered":"https:\/\/roveyayinevi.com.tr\/index.php\/urun\/ayaz-dede-ve-yilin-en-uzun-gecesi\/"},"modified":"2026-03-12T02:31:49","modified_gmt":"2026-03-11T23:31:49","slug":"ayaz-dede-ve-yilin-en-uzun-gecesi","status":"publish","type":"product","link":"https:\/\/roveyayinevi.com.tr\/index.php\/urun\/ayaz-dede-ve-yilin-en-uzun-gecesi\/","title":{"rendered":"Ayaz Dede ve Y\u0131l\u0131n En Uzun Gecesi"},"content":{"rendered":"<p>Her zamanki gibi son derece s\u0131radan bir k\u0131\u015f ya\u015fanmaktad\u0131r. Fakat bir g\u00fcn hi\u00e7 beklenmedik bir \u015fey olur ve Dolunay, on iki kuleli \u015fatonun on ikinci kulesine tak\u0131l\u0131 kal\u0131r! \u0130nsanlara vermek istedi\u011fi bir mesaj vard\u0131r: &#8221;Bu gece y\u0131l\u0131n en uzun gecesi olacak!&#8217; Elbette bu mesaj\u0131 kimse anlayamaz, tabii beyaz sakal\u0131 uzun mu uzun Ayaz Dede d\u0131\u015f\u0131nda!<\/p>\n","protected":false},"excerpt":{"rendered":"<p>Her zamanki gibi son derece s\u0131radan bir k\u0131\u015f ya\u015fanmaktad\u0131r. Fakat bir g\u00fcn hi\u00e7 beklenmedik bir \u015fey olur ve Dolunay, on iki kuleli \u015fatonun on ikinci kulesine<span class=\"excerpt-hellip\"> [\u2026]<\/span><\/p>\n","protected":false},"featured_media":0,"template":"","meta":{"_monsterinsights_skip_tracking":false,"_monsterinsights_sitenote_active":false,"_monsterinsights_sitenote_note":"","_monsterinsights_sitenote_category":0},"product_brand":[],"product_cat":[12274,12523],"product_tag":[],"class_list":{"0":"post-715244","1":"product","2":"type-product","3":"status-publish","5":"product_cat-cocuk-ve-genclik-kitaplari","6":"product_cat-masallar","7":"pa_cilt-ciltsiz","8":"pa_tur-kitap","9":"pa_yayinevi-kirmizi-cati-yayinlari","10":"pa_yazar-merve-dagkoyluoglu","12":"first","13":"instock","14":"sale","15":"shipping-taxable","16":"purchasable","17":"product-type-simple"},"_links":{"self":[{"href":"https:\/\/roveyayinevi.com.tr\/index.php\/wp-json\/wp\/v2\/product\/715244","targetHints":{"allow":["GET"]}}],"collection":[{"href":"https:\/\/roveyayinevi.com.tr\/index.php\/wp-json\/wp\/v2\/product"}],"about":[{"href":"https:\/\/roveyayinevi.com.tr\/index.php\/wp-json\/wp\/v2\/types\/product"}],"wp:attachment":[{"href":"https:\/\/roveyayinevi.com.tr\/index.php\/wp-json\/wp\/v2\/media?parent=715244"}],"wp:term":[{"taxonomy":"product_brand","embeddable":true,"href":"https:\/\/roveyayinevi.com.tr\/index.php\/wp-json\/wp\/v2\/product_brand?post=715244"},{"taxonomy":"product_cat","embeddable":true,"href":"https:\/\/roveyayinevi.com.tr\/index.php\/wp-json\/wp\/v2\/product_cat?post=715244"},{"taxonomy":"product_tag","embeddable":true,"href":"https:\/\/roveyayinevi.com.tr\/index.php\/wp-json\/wp\/v2\/product_tag?post=715244"}],"curies":[{"name":"wp","href":"https:\/\/api.w.org\/{rel}","templated":true}]}}