{"id":715241,"date":"2025-08-27T17:28:22","date_gmt":"2025-08-27T14:28:22","guid":{"rendered":"https:\/\/roveyayinevi.com.tr\/index.php\/urun\/narsisizm-uzerine\/"},"modified":"2026-04-16T02:23:24","modified_gmt":"2026-04-15T23:23:24","slug":"narsisizm-uzerine","status":"publish","type":"product","link":"https:\/\/roveyayinevi.com.tr\/index.php\/urun\/narsisizm-uzerine\/","title":{"rendered":"Narsisizm \u00dczerine"},"content":{"rendered":"<p>Genellikle birtak\u0131m eylemler e\u015fli\u011finde eksiksiz bir tatmin elde edene kadar kendi v\u00fccuduna bakan bir insan\u0131n tutumunu aktarmak \u00fczere kullan\u0131lm\u0131\u015ft\u0131r narsisizm tan\u0131mlamas\u0131. K\u0131saca, \u201cd\u00fcnya bir yana \u2018ben\u2019 bir yana\u201d diyen ki\u015filik yap\u0131s\u0131\u2026Alan\u0131nda \u00f6nemli bir mertebeye ula\u015fan Sigmund Freud, konuyu tart\u0131\u015fma masas\u0131na koyup ba\u015fka bir\u00e7ok yazar\u0131n fikrine de ba\u015fvurarak konu\u015fulmas\u0131n\u0131 ve anla\u015f\u0131lmas\u0131n\u0131 sa\u011flam\u0131\u015ft\u0131r narsisizmin, melankolinin ve matemin.Narsisizm, libido, ego, megalomani, hipokondri, nevrasteni, parafreni, oto-erotizm kavramlar\u0131n\u0131 do\u011fru kullanabilmenin yollar\u0131ndan en \u00f6nemlisi bu kitab\u0131 okumak.Yeni kavray\u0131\u015f imk\u00e2nlar\u0131 verecek ve ku\u015fkusuz \u00f6\u011frenirken herkesin kendi deneyimleriyle s\u0131nayaca\u011f\u0131 t\u00fcrden bilgiler i\u00e7eriyor Sigmund Freud\u2019un bu eseri de\u2026<\/p>\n","protected":false},"excerpt":{"rendered":"<p>Genellikle birtak\u0131m eylemler e\u015fli\u011finde eksiksiz bir tatmin elde edene kadar kendi v\u00fccuduna bakan bir insan\u0131n tutumunu aktarmak \u00fczere kullan\u0131lm\u0131\u015ft\u0131r narsisizm tan\u0131mlamas\u0131. K\u0131saca, \u201cd\u00fcnya bir yana \u2018ben\u2019<span class=\"excerpt-hellip\"> [\u2026]<\/span><\/p>\n","protected":false},"featured_media":0,"template":"","meta":{"_monsterinsights_skip_tracking":false,"_monsterinsights_sitenote_active":false,"_monsterinsights_sitenote_note":"","_monsterinsights_sitenote_category":0},"product_brand":[],"product_cat":[25175,12357],"product_tag":[],"class_list":{"0":"post-715241","1":"product","2":"type-product","3":"status-publish","5":"product_cat-egitim-psikolojisi","6":"product_cat-psikoloji","7":"pa_cilt-ciltsiz","8":"pa_tur-kitap","9":"pa_yayinevi-oda-yayinlari","10":"pa_yazar-sigmund-freud","12":"first","13":"instock","14":"sale","15":"shipping-taxable","16":"purchasable","17":"product-type-simple"},"_links":{"self":[{"href":"https:\/\/roveyayinevi.com.tr\/index.php\/wp-json\/wp\/v2\/product\/715241","targetHints":{"allow":["GET"]}}],"collection":[{"href":"https:\/\/roveyayinevi.com.tr\/index.php\/wp-json\/wp\/v2\/product"}],"about":[{"href":"https:\/\/roveyayinevi.com.tr\/index.php\/wp-json\/wp\/v2\/types\/product"}],"wp:attachment":[{"href":"https:\/\/roveyayinevi.com.tr\/index.php\/wp-json\/wp\/v2\/media?parent=715241"}],"wp:term":[{"taxonomy":"product_brand","embeddable":true,"href":"https:\/\/roveyayinevi.com.tr\/index.php\/wp-json\/wp\/v2\/product_brand?post=715241"},{"taxonomy":"product_cat","embeddable":true,"href":"https:\/\/roveyayinevi.com.tr\/index.php\/wp-json\/wp\/v2\/product_cat?post=715241"},{"taxonomy":"product_tag","embeddable":true,"href":"https:\/\/roveyayinevi.com.tr\/index.php\/wp-json\/wp\/v2\/product_tag?post=715241"}],"curies":[{"name":"wp","href":"https:\/\/api.w.org\/{rel}","templated":true}]}}