{"id":715236,"date":"2025-08-27T17:27:45","date_gmt":"2025-08-27T14:27:45","guid":{"rendered":"https:\/\/roveyayinevi.com.tr\/index.php\/urun\/gezegen-8\/"},"modified":"2026-04-16T02:23:23","modified_gmt":"2026-04-15T23:23:23","slug":"gezegen-8","status":"publish","type":"product","link":"https:\/\/roveyayinevi.com.tr\/index.php\/urun\/gezegen-8\/","title":{"rendered":"Gezegen 8"},"content":{"rendered":"<p>Gezegen 8, 2007 Nobel Edebiyat \u00d6d\u00fcl\u00fc sahibi Doris Lessing&#8217;in, fantezi ve felsefeyi harmanlayan politik bilimkurgu ba\u015fyap\u0131t\u0131 &#8220;Argos&#8217;taki Kanopus Ar\u015fivleri&#8221; dizisinin d\u00f6rd\u00fcnc\u00fc cildi.Lessing\u2019in, Antarktika\u2019n\u0131n ke\u015ffine duydu\u011fu hayranl\u0131\u011f\u0131n bir yans\u0131mas\u0131 olan Gezegen 8, buzul \u00e7a\u011f\u0131n\u0131 deneyimleyen bir halk\u0131n ya\u015fad\u0131klar\u0131n\u0131, destans\u0131 bir hayatta kalma m\u00fccadelesine d\u00f6n\u00fc\u015ft\u00fcr\u00fcyor.Minimalist m\u00fczi\u011fin \u00f6nc\u00fclerinden Philip Glass taraf\u0131ndan ayn\u0131 adla operaya da uyarlanan Gezegen 8, kutsal kitaplardaki hik\u00e2yeleri an\u0131msatan \u00f6yk\u00fcs\u00fc ve iddial\u0131 savlar\u0131yla bilimkurgu t\u00fcr\u00fcn\u00fcn kilometre ta\u015flar\u0131 aras\u0131nda g\u00f6steriliyor.Engin Kanopus \u0130mparatorlu\u011fu\u2019nun k\u00fc\u00e7\u00fck kolonilerinden Gezegen 8, evrendeki beklenmedik dizilimler y\u00fcz\u00fcnden iklimini tamamen de\u011fi\u015ftirecek b\u00fcy\u00fck bir tehlike ile kar\u015f\u0131 kar\u015f\u0131yad\u0131r. Gezegende ans\u0131z\u0131n bir buzul \u00e7a\u011f\u0131 h\u00fck\u00fcm s\u00fcrmeye ba\u015flar. Zora d\u00fc\u015fen Gezegen 8\u2019in yard\u0131m\u0131na ko\u015fmas\u0131 muhtemel bir ba\u015fka gezegen ise elbette Rohanda, yani D\u00fcnya\u2019dan ba\u015fkas\u0131 de\u011fildir. Gezegenler aras\u0131nda kurulacak olas\u0131 bir ba\u011f, iki k\u00fclt\u00fcr\u00fc derinden etkileyecek olaylara da gebedir. Tabii birle\u015fim ger\u00e7ekle\u015febilirse&#8230;\u015eikeste ile ba\u015flatt\u0131\u011f\u0131 \u201c\u00f6znel d\u00fcnya tarihini\u201d Gezegen 8 ile Buz Devri\u2019ne ta\u015f\u0131yan Doris Lessing, \u00fcmit vadeden topraklar\u0131n bile, beklenmedik olaylar y\u00fcz\u00fcnden nas\u0131l bir anda alt\u00fcst olabilece\u011fini g\u00f6zler \u00f6n\u00fcne seren, epik bir hik\u00e2ye anlat\u0131yor.Lessing\u2019in \u015fiirsel, a\u011f\u0131tvari \u00fcslubunun \u00f6n plana \u00e7\u0131kt\u0131\u011f\u0131 roman\u0131n son b\u00f6l\u00fcm\u00fcnde yer alan yakla\u015f\u0131k 30 sayfal\u0131k sons\u00f6z, \u201cArgos\u2019taki Kanapos Ar\u015fivleri\u201d dizisinin \u00fc\u00e7\u00fcnc\u00fc ve d\u00f6rd\u00fcnc\u00fc halkalar\u0131nda bahsi ge\u00e7en baz\u0131 \u00fczeri \u00f6rt\u00fcl\u00fc konulara da a\u00e7\u0131kl\u0131k getirerek okurlar\u0131n merak\u0131n\u0131 gideriyor. <\/p>\n","protected":false},"excerpt":{"rendered":"<p>Gezegen 8, 2007 Nobel Edebiyat \u00d6d\u00fcl\u00fc sahibi Doris Lessing&#8217;in, fantezi ve felsefeyi harmanlayan politik bilimkurgu ba\u015fyap\u0131t\u0131 &#8220;Argos&#8217;taki Kanopus Ar\u015fivleri&#8221; dizisinin d\u00f6rd\u00fcnc\u00fc cildi.Lessing\u2019in, Antarktika\u2019n\u0131n ke\u015ffine duydu\u011fu hayranl\u0131\u011f\u0131n<span class=\"excerpt-hellip\"> [\u2026]<\/span><\/p>\n","protected":false},"featured_media":0,"template":"","meta":{"_monsterinsights_skip_tracking":false,"_monsterinsights_sitenote_active":false,"_monsterinsights_sitenote_note":"","_monsterinsights_sitenote_category":0},"product_brand":[],"product_cat":[12291,12711],"product_tag":[],"class_list":{"0":"post-715236","1":"product","2":"type-product","3":"status-publish","5":"product_cat-edebiyat","6":"product_cat-roman-oyku","7":"pa_cilt-ciltsiz","8":"pa_tur-kitap","9":"pa_yayinevi-delidolu","10":"pa_yazar-doris-lessing","12":"first","13":"instock","14":"sale","15":"shipping-taxable","16":"purchasable","17":"product-type-simple"},"_links":{"self":[{"href":"https:\/\/roveyayinevi.com.tr\/index.php\/wp-json\/wp\/v2\/product\/715236","targetHints":{"allow":["GET"]}}],"collection":[{"href":"https:\/\/roveyayinevi.com.tr\/index.php\/wp-json\/wp\/v2\/product"}],"about":[{"href":"https:\/\/roveyayinevi.com.tr\/index.php\/wp-json\/wp\/v2\/types\/product"}],"wp:attachment":[{"href":"https:\/\/roveyayinevi.com.tr\/index.php\/wp-json\/wp\/v2\/media?parent=715236"}],"wp:term":[{"taxonomy":"product_brand","embeddable":true,"href":"https:\/\/roveyayinevi.com.tr\/index.php\/wp-json\/wp\/v2\/product_brand?post=715236"},{"taxonomy":"product_cat","embeddable":true,"href":"https:\/\/roveyayinevi.com.tr\/index.php\/wp-json\/wp\/v2\/product_cat?post=715236"},{"taxonomy":"product_tag","embeddable":true,"href":"https:\/\/roveyayinevi.com.tr\/index.php\/wp-json\/wp\/v2\/product_tag?post=715236"}],"curies":[{"name":"wp","href":"https:\/\/api.w.org\/{rel}","templated":true}]}}