{"id":715233,"date":"2025-08-27T17:27:44","date_gmt":"2025-08-27T14:27:44","guid":{"rendered":"https:\/\/roveyayinevi.com.tr\/index.php\/urun\/bal\/"},"modified":"2026-04-16T02:23:23","modified_gmt":"2026-04-15T23:23:23","slug":"bal","status":"publish","type":"product","link":"https:\/\/roveyayinevi.com.tr\/index.php\/urun\/bal\/","title":{"rendered":"Bal"},"content":{"rendered":"<p>Masallarla do\u011far insan. Hik\u00e2yelerle b\u00fcy\u00fcr, romanlarla \u00f6l\u00fcr. Nice masallar dinledim. Kula\u011f\u0131ma f\u0131s\u0131ldanan hik\u00e2yelerle anlad\u0131m her \u015feyin masallardaki kadar tozpembe olmad\u0131\u011f\u0131n\u0131. En nihayetinde romanlarla \u00f6\u011frendim insanlar\u0131n g\u00f6r\u00fcnd\u00fc\u011f\u00fc kadar masum olmad\u0131\u011f\u0131n\u0131\u2026 K\u00fc\u00e7\u00fck bir \u00e7ocuktum, masal gibi bir dostluk diledim, buldum. En g\u00fczel anlar\u0131 onunla ya\u015fad\u0131m. Fakat\u2026 Art\u0131k \u00e7ocuk de\u011fildim. Kazand\u0131m, kaybettim. D\u00fc\u015ft\u00fcm, kalkt\u0131m. \u0130nanmad\u0131\u011f\u0131m a\u015fk\u0131n en g\u00fczeline ula\u015ft\u0131m. Masal gibi bir dostlu\u011fu da ya\u015fad\u0131m, masallardaki gibi a\u015fk\u0131 da. Bir mesajla hayat\u0131n\u0131n t\u00fcm dengesini kaybeden \u00c7\u0131nar Duman, bir daha hi\u00e7bir \u015feyin eskisi gibi olmayaca\u011f\u0131n\u0131 bildi\u011fi halde her \u015feyi geride b\u0131rak\u0131p gider. \u00d6fkeyle ald\u0131\u011f\u0131 bu karar\u0131n\u0131n d\u00fc\u015f\u00fcnd\u00fc\u011f\u00fc kadar kolay olmad\u0131\u011f\u0131n\u0131, kafas\u0131n\u0131n i\u00e7inde susmak bilmeyen ge\u00e7mi\u015fi ile anlam\u0131\u015ft\u0131r. Eski hayat\u0131na yeniden d\u00f6nd\u00fc\u011f\u00fcnde hi\u00e7bir \u015fey b\u0131rakt\u0131\u011f\u0131 gibi de\u011fildir art\u0131k. Yaln\u0131zca Bal\u0131n \u0130mge\u2026 O g\u00fcn\u00fcn enkaz\u0131ndan kendisi gibi o da kurtulamam\u0131\u015ft\u0131r h\u00e2l\u00e2. Yaz projesiyle dostluklar\u0131na d\u00fc\u015fen g\u00f6lgenin karanl\u0131\u011f\u0131ndan kurtulmak i\u00e7in \u00e7abalayan ikili, ili\u015fkilerindeki \u00e7atlaklar\u0131 onarmaya \u00e7al\u0131\u015f\u0131rken olaylar yine hi\u00e7 tahmin etmedikleri bir y\u00f6nde geli\u015fmeye devam eder. <\/p>\n","protected":false},"excerpt":{"rendered":"<p>Masallarla do\u011far insan. Hik\u00e2yelerle b\u00fcy\u00fcr, romanlarla \u00f6l\u00fcr. Nice masallar dinledim. Kula\u011f\u0131ma f\u0131s\u0131ldanan hik\u00e2yelerle anlad\u0131m her \u015feyin masallardaki kadar tozpembe olmad\u0131\u011f\u0131n\u0131. En nihayetinde romanlarla \u00f6\u011frendim insanlar\u0131n g\u00f6r\u00fcnd\u00fc\u011f\u00fc<span class=\"excerpt-hellip\"> [\u2026]<\/span><\/p>\n","protected":false},"featured_media":0,"template":"","meta":{"_monsterinsights_skip_tracking":false,"_monsterinsights_sitenote_active":false,"_monsterinsights_sitenote_note":"","_monsterinsights_sitenote_category":0},"product_brand":[],"product_cat":[14643,12291],"product_tag":[],"class_list":{"0":"post-715233","1":"product","2":"type-product","3":"status-publish","5":"product_cat-ask","6":"product_cat-edebiyat","7":"pa_cilt-ciltli","8":"pa_tur-kitap","9":"pa_yayinevi-ephesus-yayinlari","10":"pa_yazar-emre-gul","12":"first","13":"instock","14":"sale","15":"shipping-taxable","16":"purchasable","17":"product-type-simple"},"_links":{"self":[{"href":"https:\/\/roveyayinevi.com.tr\/index.php\/wp-json\/wp\/v2\/product\/715233","targetHints":{"allow":["GET"]}}],"collection":[{"href":"https:\/\/roveyayinevi.com.tr\/index.php\/wp-json\/wp\/v2\/product"}],"about":[{"href":"https:\/\/roveyayinevi.com.tr\/index.php\/wp-json\/wp\/v2\/types\/product"}],"wp:attachment":[{"href":"https:\/\/roveyayinevi.com.tr\/index.php\/wp-json\/wp\/v2\/media?parent=715233"}],"wp:term":[{"taxonomy":"product_brand","embeddable":true,"href":"https:\/\/roveyayinevi.com.tr\/index.php\/wp-json\/wp\/v2\/product_brand?post=715233"},{"taxonomy":"product_cat","embeddable":true,"href":"https:\/\/roveyayinevi.com.tr\/index.php\/wp-json\/wp\/v2\/product_cat?post=715233"},{"taxonomy":"product_tag","embeddable":true,"href":"https:\/\/roveyayinevi.com.tr\/index.php\/wp-json\/wp\/v2\/product_tag?post=715233"}],"curies":[{"name":"wp","href":"https:\/\/api.w.org\/{rel}","templated":true}]}}