{"id":715229,"date":"2025-08-27T17:27:41","date_gmt":"2025-08-27T14:27:41","guid":{"rendered":"https:\/\/roveyayinevi.com.tr\/index.php\/urun\/gandhiden-yasam-dersleri\/"},"modified":"2026-04-16T02:23:23","modified_gmt":"2026-04-15T23:23:23","slug":"gandhiden-yasam-dersleri","status":"publish","type":"product","link":"https:\/\/roveyayinevi.com.tr\/index.php\/urun\/gandhiden-yasam-dersleri\/","title":{"rendered":"Gandhi&#8217;den Ya\u015fam Dersleri"},"content":{"rendered":"<p>T\u00fcm insanl\u0131k tek bir ailedir.\u201d Arun Gandhi, ailesiyle ya\u015fad\u0131\u011f\u0131 G\u00fcney Afrika\u2019dan Hindistan\u2019a, b\u00fcy\u00fckbabas\u0131 Gandhi\u2019nin yan\u0131na geldi\u011fi zaman on iki ya\u015f\u0131ndayd\u0131. Hindistan\u2019\u0131n ba\u011f\u0131ms\u0131zl\u0131\u011f\u0131 i\u00e7in sava\u015fan bir siyasi \u00f6nder ve \u00e7a\u011f\u0131n\u0131n \u00f6nemli bir d\u00fc\u015f\u00fcn\u00fcr\u00fc olan Gandhi\u2019nin suikaste u\u011fray\u0131p katledilmesine kadar iki y\u0131l boyunca b\u00fcy\u00fckbabas\u0131yla ya\u015fad\u0131. Onun felsefesiyle de\u011fi\u015fti, olgunla\u015ft\u0131, d\u00fcnyaya yeni g\u00f6zlerle bakmaya ba\u015flad\u0131. Arun Gandhi, Gandhi\u2019den Ya\u015fam Dersleri\u2019nde kendi ki\u015fisel yolculu\u011funu ve deneyimlerini, b\u00fcy\u00fckbabas\u0131n\u0131n ya\u015fam\u0131ndan kesitlerle birlikte anlat\u0131yor; Mahatma Gandhi\u2019yi, onun d\u00fcnyaya ilham veren ya\u015fam felsefesi e\u015fli\u011finde bize birinci elden aktar\u0131yor. Bug\u00fcn yerk\u00fcremizde s\u00fcren \u015fiddetin ve ayr\u0131mc\u0131l\u0131\u011f\u0131n Gandi&#8217;nin \u00f6\u011fretilerini her zamankinden daha hayati k\u0131ld\u0131\u011f\u0131na inanan Arun Gandhi, bu kitapta okuru \u201ckendini ke\u015ffetme\u201dnin heyecanl\u0131 yolculu\u011funa davet ediyor. \u201cAdaletsizlikler, sava\u015flar, e\u015fitsizlikler ve saf k\u00f6t\u00fcl\u00fckle h\u0131rpalanan bir d\u00fcnyada anlam aray\u0131\u015f\u0131ndaki insan\u0131n hayatta kalma dersleri&#8230;\u201d<\/p>\n","protected":false},"excerpt":{"rendered":"<p>T\u00fcm insanl\u0131k tek bir ailedir.\u201d Arun Gandhi, ailesiyle ya\u015fad\u0131\u011f\u0131 G\u00fcney Afrika\u2019dan Hindistan\u2019a, b\u00fcy\u00fckbabas\u0131 Gandhi\u2019nin yan\u0131na geldi\u011fi zaman on iki ya\u015f\u0131ndayd\u0131. Hindistan\u2019\u0131n ba\u011f\u0131ms\u0131zl\u0131\u011f\u0131 i\u00e7in sava\u015fan bir siyasi<span class=\"excerpt-hellip\"> [\u2026]<\/span><\/p>\n","protected":false},"featured_media":0,"template":"","meta":{"_monsterinsights_skip_tracking":false,"_monsterinsights_sitenote_active":false,"_monsterinsights_sitenote_note":"","_monsterinsights_sitenote_category":0},"product_brand":[],"product_cat":[14009,12291],"product_tag":[],"class_list":{"0":"post-715229","1":"product","2":"type-product","3":"status-publish","5":"product_cat-biyografi-otobiyografi-edebiyat","6":"product_cat-edebiyat","7":"pa_cilt-ciltsiz","8":"pa_tur-kitap","9":"pa_yayinevi-altin-kitaplar","10":"pa_yazar-arun-gandhi","12":"first","13":"instock","14":"sale","15":"shipping-taxable","16":"purchasable","17":"product-type-simple"},"_links":{"self":[{"href":"https:\/\/roveyayinevi.com.tr\/index.php\/wp-json\/wp\/v2\/product\/715229","targetHints":{"allow":["GET"]}}],"collection":[{"href":"https:\/\/roveyayinevi.com.tr\/index.php\/wp-json\/wp\/v2\/product"}],"about":[{"href":"https:\/\/roveyayinevi.com.tr\/index.php\/wp-json\/wp\/v2\/types\/product"}],"wp:attachment":[{"href":"https:\/\/roveyayinevi.com.tr\/index.php\/wp-json\/wp\/v2\/media?parent=715229"}],"wp:term":[{"taxonomy":"product_brand","embeddable":true,"href":"https:\/\/roveyayinevi.com.tr\/index.php\/wp-json\/wp\/v2\/product_brand?post=715229"},{"taxonomy":"product_cat","embeddable":true,"href":"https:\/\/roveyayinevi.com.tr\/index.php\/wp-json\/wp\/v2\/product_cat?post=715229"},{"taxonomy":"product_tag","embeddable":true,"href":"https:\/\/roveyayinevi.com.tr\/index.php\/wp-json\/wp\/v2\/product_tag?post=715229"}],"curies":[{"name":"wp","href":"https:\/\/api.w.org\/{rel}","templated":true}]}}