{"id":715228,"date":"2025-08-27T17:27:40","date_gmt":"2025-08-27T14:27:40","guid":{"rendered":"https:\/\/roveyayinevi.com.tr\/index.php\/urun\/kahramanlarin-kani-batman-dedektif-hikayeleri-cilt-8\/"},"modified":"2026-04-16T02:23:23","modified_gmt":"2026-04-15T23:23:23","slug":"kahramanlarin-kani-batman-dedektif-hikayeleri-cilt-8","status":"publish","type":"product","link":"https:\/\/roveyayinevi.com.tr\/index.php\/urun\/kahramanlarin-kani-batman-dedektif-hikayeleri-cilt-8\/","title":{"rendered":"Kahramanlar\u0131n Kan\u0131 &#8211; Batman Dedektif Hikayeleri Cilt 8"},"content":{"rendered":"<p>Bruce Wayne\u2019in belki de temelli olarak yedek kul\u00fcbesine ge\u00e7mesinin ard\u0131ndan eski Komiser Jim Gordon son teknoloji \u00fcr\u00fcn\u00fc robotik bir z\u0131rh\u0131n ve Gotham Polis Te\u015fkilat\u0131\u2019n\u0131n tam deste\u011fiyle Bat kimli\u011fine b\u00fcr\u00fcnd\u00fc. Ancak Batman oldu\u011funuzda, \u00f6l\u00fcmc\u00fcl bir \u00f6\u011frenme e\u011frisiyle kar\u015f\u0131 kar\u015f\u0131 kal\u0131rs\u0131n\u0131z ve de sizi alt etmek i\u00e7in bekleyen, \u00e7\u0131ld\u0131rm\u0131\u015f bir su\u00e7lu ordusuyla.Gordon ayak uydurabilecek mi? Yoksa hem dostlar\u0131 hem de d\u00fc\u015fmanlar\u0131 daha ayaklar\u0131 yerden kesilmeden Batman\u2019in kanatlar\u0131n\u0131 m\u0131 koparacak?<\/p>\n","protected":false},"excerpt":{"rendered":"<p>Bruce Wayne\u2019in belki de temelli olarak yedek kul\u00fcbesine ge\u00e7mesinin ard\u0131ndan eski Komiser Jim Gordon son teknoloji \u00fcr\u00fcn\u00fc robotik bir z\u0131rh\u0131n ve Gotham Polis Te\u015fkilat\u0131\u2019n\u0131n tam deste\u011fiyle<span class=\"excerpt-hellip\"> [\u2026]<\/span><\/p>\n","protected":false},"featured_media":0,"template":"","meta":{"_monsterinsights_skip_tracking":false,"_monsterinsights_sitenote_active":false,"_monsterinsights_sitenote_note":"","_monsterinsights_sitenote_category":0},"product_brand":[],"product_cat":[12416,12291],"product_tag":[],"class_list":{"0":"post-715228","1":"product","2":"type-product","3":"status-publish","5":"product_cat-cizgi-roman","6":"product_cat-edebiyat","7":"pa_cilt-ciltsiz","8":"pa_tur-kitap","9":"pa_yayinevi-jbc-yayincilik","10":"pa_yazar-francis-manapul-peter-j-tomasi","12":"first","13":"instock","14":"sale","15":"shipping-taxable","16":"purchasable","17":"product-type-simple"},"_links":{"self":[{"href":"https:\/\/roveyayinevi.com.tr\/index.php\/wp-json\/wp\/v2\/product\/715228","targetHints":{"allow":["GET"]}}],"collection":[{"href":"https:\/\/roveyayinevi.com.tr\/index.php\/wp-json\/wp\/v2\/product"}],"about":[{"href":"https:\/\/roveyayinevi.com.tr\/index.php\/wp-json\/wp\/v2\/types\/product"}],"wp:attachment":[{"href":"https:\/\/roveyayinevi.com.tr\/index.php\/wp-json\/wp\/v2\/media?parent=715228"}],"wp:term":[{"taxonomy":"product_brand","embeddable":true,"href":"https:\/\/roveyayinevi.com.tr\/index.php\/wp-json\/wp\/v2\/product_brand?post=715228"},{"taxonomy":"product_cat","embeddable":true,"href":"https:\/\/roveyayinevi.com.tr\/index.php\/wp-json\/wp\/v2\/product_cat?post=715228"},{"taxonomy":"product_tag","embeddable":true,"href":"https:\/\/roveyayinevi.com.tr\/index.php\/wp-json\/wp\/v2\/product_tag?post=715228"}],"curies":[{"name":"wp","href":"https:\/\/api.w.org\/{rel}","templated":true}]}}