{"id":715225,"date":"2025-08-27T17:27:38","date_gmt":"2025-08-27T14:27:38","guid":{"rendered":"https:\/\/roveyayinevi.com.tr\/index.php\/urun\/all-star-batman-sayi-2-dc-rebirth\/"},"modified":"2026-04-16T02:23:23","modified_gmt":"2026-04-15T23:23:23","slug":"all-star-batman-sayi-2-dc-rebirth","status":"publish","type":"product","link":"https:\/\/roveyayinevi.com.tr\/index.php\/urun\/all-star-batman-sayi-2-dc-rebirth\/","title":{"rendered":"All-Star Batman Say\u0131 2 (DC Rebirth)"},"content":{"rendered":"<p>All-Star 2 Gotham\u2019\u0131n Sessiz Savunucusu, \u015fehrini ak\u0131l almaz k\u00f6t\u00fcl\u00fcklerden ve b\u00fcy\u00fck y\u0131k\u0131mlardan defalarca korumu\u015f, d\u00fc\u015fmanlar\u0131n\u0131n \u015feytani planlar\u0131na hep haz\u0131r olmu\u015ftu. Ancak bu defa tehlike \u00f6ylesine b\u00fcy\u00fck ki Batman sadece Gotham\u2019\u0131 de\u011fil b\u00fct\u00fcn \u00fclkeyi, belki de daha fazlas\u0131n\u0131 tehdit eden bir plan\u0131 engellemek i\u00e7in Mr. Freeze, Poison Ivy ve Mad Hatter\u2019la kar\u015f\u0131 kar\u015f\u0131ya gelmek ve gittik\u00e7e b\u00fcy\u00fcyen bu tehdidin arkas\u0131nda kimin oldu\u011funu bulmak zorundayd\u0131.Batman, bu tan\u0131d\u0131k y\u00fczlerin gittik\u00e7e daralan \u00e7emberine ra\u011fmen ortak olduklar\u0131 \u015feytani plan\u0131 \u00f6ng\u00f6r\u00fcp arkas\u0131ndaki ki\u015fiyi zaman\u0131nda durdurabilecek miydi?Lanetli \u00c7ark 2Di\u011fer taraftan, Duke\u2019un kendini aray\u0131\u015f\u0131 devam ediyordu. Sormas\u0131 gereken sorular de\u011fi\u015fmi\u015f ama hem kendisine olan g\u00fcveninin zedelenmesi hem de kar\u015f\u0131s\u0131na \u00e7\u0131kan yeni bir d\u00fc\u015fman, bilmeceyi i\u00e7inden \u00e7\u0131k\u0131lmaz bir hale getirmi\u015fti. Onlarca \u00e7aresiz insan\u0131n umudu, Duke\u2019un do\u011fru sorular\u0131 sormas\u0131na <\/p>\n","protected":false},"excerpt":{"rendered":"<p>All-Star 2 Gotham\u2019\u0131n Sessiz Savunucusu, \u015fehrini ak\u0131l almaz k\u00f6t\u00fcl\u00fcklerden ve b\u00fcy\u00fck y\u0131k\u0131mlardan defalarca korumu\u015f, d\u00fc\u015fmanlar\u0131n\u0131n \u015feytani planlar\u0131na hep haz\u0131r olmu\u015ftu. Ancak bu defa tehlike \u00f6ylesine b\u00fcy\u00fck<span class=\"excerpt-hellip\"> [\u2026]<\/span><\/p>\n","protected":false},"featured_media":0,"template":"","meta":{"_monsterinsights_skip_tracking":false,"_monsterinsights_sitenote_active":false,"_monsterinsights_sitenote_note":"","_monsterinsights_sitenote_category":0},"product_brand":[],"product_cat":[12689,12274],"product_tag":[],"class_list":{"0":"post-715225","1":"product","2":"type-product","3":"status-publish","5":"product_cat-cizgi-roman-cocuk-ve-genclik-kitaplari","6":"product_cat-cocuk-ve-genclik-kitaplari","7":"pa_cilt-ciltsiz","8":"pa_tur-kitap","9":"pa_yayinevi-jbc-yayincilik","10":"pa_yazar-scott-snyder","12":"first","13":"instock","14":"sale","15":"shipping-taxable","16":"purchasable","17":"product-type-simple"},"_links":{"self":[{"href":"https:\/\/roveyayinevi.com.tr\/index.php\/wp-json\/wp\/v2\/product\/715225","targetHints":{"allow":["GET"]}}],"collection":[{"href":"https:\/\/roveyayinevi.com.tr\/index.php\/wp-json\/wp\/v2\/product"}],"about":[{"href":"https:\/\/roveyayinevi.com.tr\/index.php\/wp-json\/wp\/v2\/types\/product"}],"wp:attachment":[{"href":"https:\/\/roveyayinevi.com.tr\/index.php\/wp-json\/wp\/v2\/media?parent=715225"}],"wp:term":[{"taxonomy":"product_brand","embeddable":true,"href":"https:\/\/roveyayinevi.com.tr\/index.php\/wp-json\/wp\/v2\/product_brand?post=715225"},{"taxonomy":"product_cat","embeddable":true,"href":"https:\/\/roveyayinevi.com.tr\/index.php\/wp-json\/wp\/v2\/product_cat?post=715225"},{"taxonomy":"product_tag","embeddable":true,"href":"https:\/\/roveyayinevi.com.tr\/index.php\/wp-json\/wp\/v2\/product_tag?post=715225"}],"curies":[{"name":"wp","href":"https:\/\/api.w.org\/{rel}","templated":true}]}}